{"id":21272,"date":"2022-05-07T12:37:55","date_gmt":"2022-05-07T10:37:55","guid":{"rendered":"https:\/\/ak47.nu\/produkt\/hakkotsu-45rd-magasin-till-apm40a3-airsoft-6mm\/"},"modified":"2026-02-16T14:20:30","modified_gmt":"2026-02-16T13:20:30","slug":"hakkotsu-chargeur-45-billes-pour-apm40a3-airsoft","status":"publish","type":"product","link":"http:\/\/ak47.nu\/fr\/produit\/tillbehor-2\/magasin\/hakkotsu-chargeur-45-billes-pour-apm40a3-airsoft\/","title":{"rendered":"HAKKOTSU Chargeur 45 Billes pour APM40A3 Airsoft"},"content":{"rendered":"<h1>HAKKOTSU - Chargeur 45 Billes pour APM40A3 Airsoft 6mm<\/h1>\n\n<h2>Chargeur fiable pour votre fusil Airsoft APM40A3<\/h2>\n<p>Ce chargeur HAKKOTSU est con\u00e7u pour le fusil airsoft APM40A3 et contient 45 billes. Avec sa construction robuste en acier et sa l\u00e9g\u00e8ret\u00e9, ce chargeur est un choix fiable pour tout joueur d'airsoft.<\/p>\n\n<h3>Sp\u00e9cifications :<\/h3>\n<ul>\n    <li><strong>Capacit\u00e9 :<\/strong> 45 billes<\/li>\n    <li><strong>Mat\u00e9riau :<\/strong> Acier<\/li>\n    <li><strong>Poids :<\/strong> 220 g<\/li>\n    <li><strong>Mod\u00e8le :<\/strong> Low-cap<\/li>\n    <li><strong>Couleur :<\/strong> Noir<\/li>\n<\/ul>\n\n<p>Am\u00e9liorez votre \u00e9quipement d'airsoft avec ce chargeur HAKKOTSU. Sa conception l\u00e9g\u00e8re et sa construction durable en font un compagnon id\u00e9al sur le terrain d'airsoft. Pour plus d'accessoires, consultez notre s\u00e9lection de <a href=\"https:\/\/ak47.nu\/fr\/butik\/\">chargeurs airsoft<\/a>. D\u00e9couvrez \u00e9galement nos <a href=\"https:\/\/ak47.nu\/fr\/tillbehor-2\/magasin\/\">accessoires airsoft<\/a> pour compl\u00e9ter votre \u00e9quipement. Ne manquez pas nos autres produits de <a href=\"https:\/\/ak47.nu\/fr\/\">HAKKOTSU<\/a>.<\/p>","protected":false},"excerpt":{"rendered":"<p>HAKKOTSU &#8211; 45rd Magasin f\u00f6r APM40A3 airsoft 6mm &#8211; K\u00f6p det b\u00e4sta magasinet f\u00f6r din APM40A3 airsoft pistol hos HAKKOTSU. Med en kapacitet p\u00e5 45 skott och tillverkat f\u00f6r 6mm kulor, \u00e4r detta magasin perfekt f\u00f6r att f\u00f6rb\u00e4ttra din airsoft-upplevelse. Best\u00e4ll nu och f\u00e5 snabb leverans till d\u00f6rren.<\/p>","protected":false},"featured_media":21266,"template":"","meta":[],"product_brand":[],"product_cat":[464],"product_tag":[],"class_list":{"0":"post-21272","1":"product","2":"type-product","3":"status-publish","4":"has-post-thumbnail","6":"product_cat-magasin","7":"pa_brand-hakkotsu","9":"first","10":"outofstock","11":"sale","12":"taxable","13":"shipping-taxable","14":"purchasable","15":"product-type-simple"},"_links":{"self":[{"href":"http:\/\/ak47.nu\/fr\/wp-json\/wp\/v2\/product\/21272","targetHints":{"allow":["GET"]}}],"collection":[{"href":"http:\/\/ak47.nu\/fr\/wp-json\/wp\/v2\/product"}],"about":[{"href":"http:\/\/ak47.nu\/fr\/wp-json\/wp\/v2\/types\/product"}],"wp:featuredmedia":[{"embeddable":true,"href":"http:\/\/ak47.nu\/fr\/wp-json\/wp\/v2\/media\/21266"}],"wp:attachment":[{"href":"http:\/\/ak47.nu\/fr\/wp-json\/wp\/v2\/media?parent=21272"}],"wp:term":[{"taxonomy":"product_brand","embeddable":true,"href":"http:\/\/ak47.nu\/fr\/wp-json\/wp\/v2\/product_brand?post=21272"},{"taxonomy":"product_cat","embeddable":true,"href":"http:\/\/ak47.nu\/fr\/wp-json\/wp\/v2\/product_cat?post=21272"},{"taxonomy":"product_tag","embeddable":true,"href":"http:\/\/ak47.nu\/fr\/wp-json\/wp\/v2\/product_tag?post=21272"}],"curies":[{"name":"wp","href":"https:\/\/api.w.org\/{rel}","templated":true}]}}