{"id":21460,"date":"2022-05-08T14:42:36","date_gmt":"2022-05-08T12:42:36","guid":{"rendered":"https:\/\/ak47.nu\/produkt\/swiss-arms-gevarsfodral-100x30x8\/"},"modified":"2025-12-03T20:32:39","modified_gmt":"2025-12-03T19:32:39","slug":"swiss-arms-gevarsfodral-100x30x8","status":"publish","type":"product","link":"http:\/\/ak47.nu\/fr\/produit\/tillbehor-2\/vasker\/swiss-arms-gevarsfodral-100x30x8\/","title":{"rendered":"Swiss Arms &#8211; Gev\u00e4rsfodral 100x30x8"},"content":{"rendered":"<p><strong>Swiss Arms &#8211; Gev&auml;rsfodral 100x30x8<\/strong><br \/><strong>*OBS Swiss Arms f&auml;rgerna kan variera<br \/><\/strong><br \/><strong>Beskrivning<\/strong><br \/>En v&auml;ska som m&ouml;jligg&ouml;r s&auml;ker transport och f&ouml;rvaring av dina l&aring;nga replikor, f&ouml;rb&auml;ttrar deras h&aring;llbarhet och till&aring;ter respekt f&ouml;r diskretionsnormer. Har &auml;ven en ficka f&ouml;r batterier eller magasin.<\/p>\n<p><strong>M&auml;rke:<\/strong> Swiss Arms<br \/><strong>F&auml;rg:<\/strong> Svart<br \/><strong>Material:<\/strong> Nylon, polyester<\/p>","protected":false},"excerpt":{"rendered":"<p>K\u00f6p Swiss Arms gev\u00e4rsfodral 100x30x8 online &#8211; h\u00f6gkvalitativt skydd f\u00f6r ditt gev\u00e4r. Perfekt f\u00f6r jakt och sportaktiviteter. Best\u00e4ll nu och f\u00e5 snabb leverans!<\/p>","protected":false},"featured_media":21459,"template":"","meta":[],"product_brand":[],"product_cat":[564],"product_tag":[],"class_list":{"0":"post-21460","1":"product","2":"type-product","3":"status-publish","4":"has-post-thumbnail","6":"product_cat-vasker","7":"pa_brand-swiss-arms","8":"pa_farg-svart","10":"first","11":"outofstock","12":"taxable","13":"shipping-taxable","14":"purchasable","15":"product-type-simple"},"_links":{"self":[{"href":"http:\/\/ak47.nu\/fr\/wp-json\/wp\/v2\/product\/21460","targetHints":{"allow":["GET"]}}],"collection":[{"href":"http:\/\/ak47.nu\/fr\/wp-json\/wp\/v2\/product"}],"about":[{"href":"http:\/\/ak47.nu\/fr\/wp-json\/wp\/v2\/types\/product"}],"wp:featuredmedia":[{"embeddable":true,"href":"http:\/\/ak47.nu\/fr\/wp-json\/wp\/v2\/media\/21459"}],"wp:attachment":[{"href":"http:\/\/ak47.nu\/fr\/wp-json\/wp\/v2\/media?parent=21460"}],"wp:term":[{"taxonomy":"product_brand","embeddable":true,"href":"http:\/\/ak47.nu\/fr\/wp-json\/wp\/v2\/product_brand?post=21460"},{"taxonomy":"product_cat","embeddable":true,"href":"http:\/\/ak47.nu\/fr\/wp-json\/wp\/v2\/product_cat?post=21460"},{"taxonomy":"product_tag","embeddable":true,"href":"http:\/\/ak47.nu\/fr\/wp-json\/wp\/v2\/product_tag?post=21460"}],"curies":[{"name":"wp","href":"https:\/\/api.w.org\/{rel}","templated":true}]}}