{"id":21474,"date":"2022-05-08T14:43:04","date_gmt":"2022-05-08T12:43:04","guid":{"rendered":"https:\/\/ak47.nu\/produkt\/norica-air-rifle-camo-slip-vaska-for-gevar-2\/"},"modified":"2025-08-21T10:44:40","modified_gmt":"2025-08-21T08:44:40","slug":"sac-pour-carabine-a-air-comprime-norica-camo-slip","status":"publish","type":"product","link":"http:\/\/ak47.nu\/fr\/produit\/tillbehor-2\/vasker\/sac-pour-carabine-a-air-comprime-norica-camo-slip\/","title":{"rendered":"Sac pour carabine \u00e0 air comprim\u00e9 Norica CAMO Slip | Norica"},"content":{"rendered":"<h1>Sac pour carabine \u00e0 air comprim\u00e9 Norica CAMO Slip<\/h1>\n<h2>S\u00e9curisez votre carabine \u00e0 air comprim\u00e9 avec style<\/h2>\n<p>Le Norica CAMO Slip est un sac pratique et durable, sp\u00e9cialement con\u00e7u pour prot\u00e9ger votre carabine \u00e0 air comprim\u00e9 pendant le transport et le stockage. Avec son design CAMO unique, le sac se fond dans la nature, ce qui le rend id\u00e9al pour les chasseurs et les tireurs sportifs. Le sac est fabriqu\u00e9 dans un mat\u00e9riau durable qui peut r\u00e9sister \u00e0 des conditions difficiles et prot\u00e8ge votre carabine des rayures et des chocs. La longueur g\u00e9n\u00e9reuse de 1117 mm (44 pouces) le rend adapt\u00e9 \u00e0 la plupart des carabines \u00e0 air comprim\u00e9.<\/p>\n<h3>Fonctionnalit\u00e9s et avantages:<\/h3>\n<ul>\n <li><strong>Protection optimale:<\/strong> Prot\u00e8ge votre carabine \u00e0 air comprim\u00e9 des rayures, des chocs et de la poussi\u00e8re.<\/li>\n <li><strong>Design CAMO:<\/strong> Se fond dans la nature pour un transport discret.<\/li>\n <li><strong>Mat\u00e9riau durable:<\/strong> R\u00e9siste aux conditions difficiles et \u00e0 une utilisation \u00e0 long terme.<\/li>\n <li><strong>Longueur g\u00e9n\u00e9reuse:<\/strong> Convient \u00e0 la plupart des carabines \u00e0 air comprim\u00e9 d'une longueur maximale de 1117 mm (44 pouces).<\/li>\n<\/ul>\n<p>Le Norica CAMO Slip est le choix parfait pour ceux qui veulent prot\u00e9ger leur carabine \u00e0 air comprim\u00e9 de mani\u00e8re s\u00fbre et \u00e9l\u00e9gante. Rangez votre carabine en toute s\u00e9curit\u00e9 et de mani\u00e8re portable avec ce sac durable. D\u00e9couvrez d'autres <a href=\"https:\/\/ak47.nu\/fr\/butik\/\">sacs pour carabines<\/a> dans notre gamme et trouvez la solution parfaite pour vos besoins. Visitez notre <a href=\"https:\/\/ak47.nu\/fr\/tillbehor-2\/\">cat\u00e9gorie d'accessoires pour armes<\/a> pour compl\u00e9ter votre \u00e9quipement. S\u00e9curisez votre carabine d\u00e8s aujourd'hui avec un sac de <a href=\"https:\/\/ak47.nu\/fr\/\">Norica<\/a>.<\/p>","protected":false},"excerpt":{"rendered":"<p>Norica &#8211; Air Rifle CAMO Slip &#8211; V\u00e4ska f\u00f6r Gev\u00e4r \u00e4r en h\u00f6gkvalitativ och m\u00e5ngsidig v\u00e4ska som \u00e4r perfekt f\u00f6r att transportera och skydda ditt gev\u00e4r. Med sin snygga kamouflagem\u00f6nstrade design \u00e4r denna v\u00e4ska b\u00e5de praktisk och stilfull. K\u00f6p Norica &#8211; Air Rifle CAMO Slip &#8211; V\u00e4ska f\u00f6r Gev\u00e4r online idag f\u00f6r att s\u00e4kerst\u00e4lla att ditt gev\u00e4r \u00e4r s\u00e4kert och i b\u00e4sta skick under transport.<\/p>","protected":false},"featured_media":21473,"template":"","meta":[],"product_brand":[],"product_cat":[450,564],"product_tag":[],"class_list":{"0":"post-21474","1":"product","2":"type-product","3":"status-publish","4":"has-post-thumbnail","6":"product_cat-tillbehor-2","7":"product_cat-vasker","8":"pa_brand-norica","9":"pa_farg-gron","11":"first","12":"outofstock","13":"sale","14":"taxable","15":"shipping-taxable","16":"purchasable","17":"product-type-simple"},"_links":{"self":[{"href":"http:\/\/ak47.nu\/fr\/wp-json\/wp\/v2\/product\/21474","targetHints":{"allow":["GET"]}}],"collection":[{"href":"http:\/\/ak47.nu\/fr\/wp-json\/wp\/v2\/product"}],"about":[{"href":"http:\/\/ak47.nu\/fr\/wp-json\/wp\/v2\/types\/product"}],"wp:featuredmedia":[{"embeddable":true,"href":"http:\/\/ak47.nu\/fr\/wp-json\/wp\/v2\/media\/21473"}],"wp:attachment":[{"href":"http:\/\/ak47.nu\/fr\/wp-json\/wp\/v2\/media?parent=21474"}],"wp:term":[{"taxonomy":"product_brand","embeddable":true,"href":"http:\/\/ak47.nu\/fr\/wp-json\/wp\/v2\/product_brand?post=21474"},{"taxonomy":"product_cat","embeddable":true,"href":"http:\/\/ak47.nu\/fr\/wp-json\/wp\/v2\/product_cat?post=21474"},{"taxonomy":"product_tag","embeddable":true,"href":"http:\/\/ak47.nu\/fr\/wp-json\/wp\/v2\/product_tag?post=21474"}],"curies":[{"name":"wp","href":"https:\/\/api.w.org\/{rel}","templated":true}]}}