{"id":52855,"date":"2023-04-05T08:48:03","date_gmt":"2023-04-05T06:48:03","guid":{"rendered":"https:\/\/ak47.nu\/produkt\/brevoppnare-morisco-dolk\/"},"modified":"2026-02-17T14:05:36","modified_gmt":"2026-02-17T13:05:36","slug":"ouvre-lettre-dague-morisco","status":"publish","type":"product","link":"http:\/\/ak47.nu\/fr\/produit\/repliques\/replique-darmes-de-guerre\/ouvre-lettre-dague-morisco\/","title":{"rendered":"Ouvre-lettre Dague Morisco - Kolser | R\u00e9plique M\u00e9di\u00e9vale"},"content":{"rendered":"<h1>Ouvre-lettre Dague Morisco<\/h1>\n<h2>R\u00e9plique authentique d'une dague m\u00e9di\u00e9vale<\/h2>\n<p>Cet ouvre-lettre Dague Morisco est une r\u00e9plique d\u00e9taill\u00e9e d'une dague mauresque \u00e0 double tranchant datant des XIIIe et XIVe si\u00e8cles. Cet ouvre-lettre de 22 cm est enti\u00e8rement en m\u00e9tal et refl\u00e8te les d\u00e9tails m\u00e9di\u00e9vaux utilis\u00e9s par les b\u00e9guines et les b\u00e9ghards. Kolser s'est concentr\u00e9 sur la capture des d\u00e9tails anciens et des sculptures d'\u00e9poque du pommeau \u00e0 la garde.<\/p>\n\n<h3>Sp\u00e9cifications:<\/h3>\n<ul>\n    <li>Longueur : 22 cm<\/li>\n    <li>Mat\u00e9riau : M\u00e9tal<\/li>\n    <li>Conception : Dague mauresque \u00e0 double tranchant<\/li>\n    <li>P\u00e9riode : XIIIe - XIVe si\u00e8cle<\/li>\n<\/ul>\n\n<h3>Utilisations :<\/h3>\n<ul>\n    <li>Parfait comme ouvre-lettre<\/li>\n    <li>Objet de d\u00e9coration pour les passionn\u00e9s du Moyen \u00c2ge<\/li>\n    <li>Objet de collection<\/li>\n<\/ul>\n\n<p>Cet ouvre-lettre n'est pas seulement un outil pratique, mais aussi une belle repr\u00e9sentation de l'artisanat m\u00e9di\u00e9val. <a href=\"https:\/\/ak47.nu\/fr\/butik\/\">Explorez notre gamme d'autres r\u00e9pliques historiques<\/a> et ajoutez une touche d'histoire \u00e0 votre maison ou \u00e0 votre bureau. Ne manquez pas la chance de poss\u00e9der un morceau d'histoire. <a href=\"https:\/\/ak47.nu\/fr\/repliques\/replique-darmes-de-guerre\/\">D\u00e9couvrez toute notre gamme d'ouvre-lettres<\/a>. Visitez notre <a href=\"https:\/\/ak47.nu\/fr\/\">page d'accueil<\/a> pour plus d'informations.<\/p>","protected":false},"excerpt":{"rendered":"<p>K\u00f6p en exklusiv brev\u00f6ppnare fr\u00e5n Morisco Dolk &#8211; det perfekta verktyget f\u00f6r att \u00f6ppna brev p\u00e5 ett stilfullt s\u00e4tt. Utforska v\u00e5rt sortiment av h\u00f6gkvalitativa brev\u00f6ppnare och hitta den perfekta presenten eller arbetsverktyget. Best\u00e4ll idag f\u00f6r snabb leverans och \u00f6verl\u00e4gsen kvalitet.<\/p>","protected":false},"featured_media":52847,"template":"","meta":[],"product_brand":[],"product_cat":[448],"product_tag":[],"class_list":{"0":"post-52855","1":"product","2":"type-product","3":"status-publish","4":"has-post-thumbnail","6":"product_cat-ovriga-vapen-replikor","7":"pa_brand-kolser","9":"first","10":"outofstock","11":"sale","12":"taxable","13":"shipping-taxable","14":"purchasable","15":"product-type-simple"},"_links":{"self":[{"href":"http:\/\/ak47.nu\/fr\/wp-json\/wp\/v2\/product\/52855","targetHints":{"allow":["GET"]}}],"collection":[{"href":"http:\/\/ak47.nu\/fr\/wp-json\/wp\/v2\/product"}],"about":[{"href":"http:\/\/ak47.nu\/fr\/wp-json\/wp\/v2\/types\/product"}],"wp:featuredmedia":[{"embeddable":true,"href":"http:\/\/ak47.nu\/fr\/wp-json\/wp\/v2\/media\/52847"}],"wp:attachment":[{"href":"http:\/\/ak47.nu\/fr\/wp-json\/wp\/v2\/media?parent=52855"}],"wp:term":[{"taxonomy":"product_brand","embeddable":true,"href":"http:\/\/ak47.nu\/fr\/wp-json\/wp\/v2\/product_brand?post=52855"},{"taxonomy":"product_cat","embeddable":true,"href":"http:\/\/ak47.nu\/fr\/wp-json\/wp\/v2\/product_cat?post=52855"},{"taxonomy":"product_tag","embeddable":true,"href":"http:\/\/ak47.nu\/fr\/wp-json\/wp\/v2\/product_tag?post=52855"}],"curies":[{"name":"wp","href":"https:\/\/api.w.org\/{rel}","templated":true}]}}