{"id":52856,"date":"2023-04-05T08:48:04","date_gmt":"2023-04-05T06:48:04","guid":{"rendered":"https:\/\/ak47.nu\/produkt\/brevoppnare-seville-kniv-m-slida\/"},"modified":"2026-02-17T13:54:51","modified_gmt":"2026-02-17T12:54:51","slug":"ouvre-lettre-couteau-seville","status":"publish","type":"product","link":"http:\/\/ak47.nu\/fr\/produit\/repliques\/replique-darmes-de-guerre\/ouvre-lettre-couteau-seville\/","title":{"rendered":"Ouvre-Lettre Couteau S\u00e9ville | Kolser"},"content":{"rendered":"<h1>Ouvre-Lettre - Couteau S\u00e9ville<\/h1>\n<h2>Authentique Ouvre-Lettre Dague de S\u00e9ville par Kolser<\/h2>\n<p>Ouvre-lettre Dague de S\u00e9ville de Kolser, inspir\u00e9 par la Cour Royale d'Albaceta. Cet ouvre-lettre unique capture l'essence de l'Andalousie avec son design d\u00e9taill\u00e9 et ses connexions historiques. Parfait pour ajouter une touche d'\u00e9l\u00e9gance \u00e0 votre bureau ou comme cadeau sophistiqu\u00e9.<\/p>\n<h3>Design et Mat\u00e9riaux<\/h3>\n<p>Kolser nous charme avec cette Dague de S\u00e9ville, avec son manche rugueux et ses incrustations ressemblant \u00e0 du Rubis et de l'\u00c9meraude, la premi\u00e8re sur le pommeau et la seconde dans sa garde. Kolser fait ressortir sa beaut\u00e9 dans sa pointe grav\u00e9e et son extr\u00e9mit\u00e9 pointue. La partie centrale porte les armoiries du Royaume de L\u00e9on. Il est enti\u00e8rement fabriqu\u00e9 en m\u00e9tal pour une sensation authentique et durable.<\/p>\n<h3>Mesures<\/h3>\n<p>Les dimensions de l'ouvre-lettre sont de 27 cm x 5 cm, ce qui en fait un accessoire \u00e9l\u00e9gant et fonctionnel sur votre bureau. La taille parfaite pour manier vos lettres avec style.<\/p>\n<ul>\n <li><strong>Inspir\u00e9 par la Cour Royale d'Albaceta :<\/strong> Un design avec une signification historique.<\/li>\n <li><strong>Incrustations d\u00e9taill\u00e9es :<\/strong> D\u00e9tails semblables \u00e0 du rubis et de l'\u00e9meraude sur le manche et la garde.<\/li>\n <li><strong>Pointe grav\u00e9e :<\/strong> Am\u00e9liore la beaut\u00e9 de l'ouvre-lettre.<\/li>\n <li><strong>Armoiries du Royaume de L\u00e9on :<\/strong> Une touche d'histoire royale.<\/li>\n <li><strong>Construction m\u00e9tallique :<\/strong> Enti\u00e8rement fabriqu\u00e9 en m\u00e9tal pour la durabilit\u00e9 et l'authenticit\u00e9.<\/li>\n<\/ul>\n<p>D\u00e9couvrez d'autres <a href=\"https:\/\/ak47.nu\/fr\/butik\/\">ouvre-lettres<\/a> uniques dans notre gamme et explorez notre large s\u00e9lection de <a href=\"https:\/\/ak47.nu\/fr\/repliques\/replique-darmes-de-guerre\/\">fournitures de bureau<\/a>. Pour plus d'informations sur Kolser et nos produits, visitez notre <a href=\"https:\/\/ak47.nu\/fr\/\">page d'accueil<\/a>.<\/p>","protected":false},"excerpt":{"rendered":"<p>Uppt\u00e4ck Seville kniv, den perfekta brev\u00f6ppnaren f\u00f6r effektiv och smidig hantering av din post. Med sin h\u00f6gkvalitativa design och skarpa blad garanterar Seville kniv snabb och enkel \u00f6ppning av kuvert. Best\u00e4ll din Seville kniv idag och f\u00f6rvandla din posthantering till en enkel och bekv\u00e4m upplevelse.<\/p>","protected":false},"featured_media":52851,"template":"","meta":[],"product_brand":[],"product_cat":[448],"product_tag":[],"class_list":{"0":"post-52856","1":"product","2":"type-product","3":"status-publish","4":"has-post-thumbnail","6":"product_cat-ovriga-vapen-replikor","7":"pa_brand-kolser","9":"first","10":"onbackorder","11":"sale","12":"taxable","13":"shipping-taxable","14":"purchasable","15":"product-type-simple"},"_links":{"self":[{"href":"http:\/\/ak47.nu\/fr\/wp-json\/wp\/v2\/product\/52856","targetHints":{"allow":["GET"]}}],"collection":[{"href":"http:\/\/ak47.nu\/fr\/wp-json\/wp\/v2\/product"}],"about":[{"href":"http:\/\/ak47.nu\/fr\/wp-json\/wp\/v2\/types\/product"}],"wp:featuredmedia":[{"embeddable":true,"href":"http:\/\/ak47.nu\/fr\/wp-json\/wp\/v2\/media\/52851"}],"wp:attachment":[{"href":"http:\/\/ak47.nu\/fr\/wp-json\/wp\/v2\/media?parent=52856"}],"wp:term":[{"taxonomy":"product_brand","embeddable":true,"href":"http:\/\/ak47.nu\/fr\/wp-json\/wp\/v2\/product_brand?post=52856"},{"taxonomy":"product_cat","embeddable":true,"href":"http:\/\/ak47.nu\/fr\/wp-json\/wp\/v2\/product_cat?post=52856"},{"taxonomy":"product_tag","embeddable":true,"href":"http:\/\/ak47.nu\/fr\/wp-json\/wp\/v2\/product_tag?post=52856"}],"curies":[{"name":"wp","href":"https:\/\/api.w.org\/{rel}","templated":true}]}}