{"id":55066,"date":"2023-09-07T08:53:35","date_gmt":"2023-09-07T06:53:35","guid":{"rendered":"https:\/\/ak47.nu\/produkt\/crosman-st1-4-5mm-luftgevar-3-j\/"},"modified":"2025-12-03T23:59:52","modified_gmt":"2025-12-03T22:59:52","slug":"crosman-st1-4-5mm-carabine-bb-full-auto","status":"publish","type":"product","link":"http:\/\/ak47.nu\/fr\/produit\/luftvapen\/co2-airguns\/automatkarbiner-co2-airguns\/crosman-st1-4-5mm-carabine-bb-full-auto\/","title":{"rendered":"Crosman ST1 4.5mm Carabine | BB Full-Auto"},"content":{"rendered":"<h1>Carabine \u00e0 air comprim\u00e9 Crosman ST1 4.5mm<\/h1>\n<h2>L'avenir des carabines \u00e0 air comprim\u00e9 : fusil et pistolet en un<\/h2>\n<p>La carabine \u00e0 air comprim\u00e9 Crosman ST-1 4.5mm propulse le tir \u00e0 l'air comprim\u00e9 dans le futur. Cette carabine \u00e0 BB full-automatique combine les fonctionnalit\u00e9s d'un fusil et d'un pistolet dans un design \u00e9l\u00e9gant.<\/p>\n<h3>Haute capacit\u00e9 et tir full-auto<\/h3>\n<p>Avec un chargeur contenant plus de 400 BB, profitez de s\u00e9ances de tir prolong\u00e9es sans recharger. La ST-1 est parfaite pour la pratique du tir sur cible. Basculez rapidement entre les configurations de fusil et de pistolet pour une flexibilit\u00e9 maximale. D\u00e9couvrez notre s\u00e9lection d'<a href=\"https:\/\/ak47.nu\/fr\/butik\/\">autres carabines \u00e0 air comprim\u00e9<\/a> pour r\u00e9pondre \u00e0 vos besoins. Pour plus d'informations sur la <a href=\"https:\/\/ak47.nu\/fr\/luftvapen\/co2-airguns\/automatkarbiner-co2-airguns\/\">cat\u00e9gorie des carabines \u00e0 air comprim\u00e9<\/a>, visitez notre page. Ne manquez pas cette carabine \u00e0 air comprim\u00e9 unique \u2013 visitez <a href=\"https:\/\/ak47.nu\/fr\/\">notre site web<\/a> d\u00e8s aujourd'hui !<\/p>\n<h3>Fusil \u00e0 pistolet \u2013 Changement rapide<\/h3>\n<p>La ST-1 fonctionne \u00e0 la fois comme un fusil et un pistolet. Avec la crosse r\u00e9glable et amovible, le pistolet se transforme rapidement en un fusil \u00e0 point rouge. Sans la crosse, il devient un pistolet AR full-automatique parfait pour une action rapide.<\/p>\n<h3>Sp\u00e9cifications :<\/h3>\n<ul>\n <li>Poids : 2.85 kg<\/li>\n <li>Calibre : .177 (4.5 mm)<\/li>\n <li>Couleur : Noir, Blanc<\/li>\n <li>Vitesse initiale : BB en acier jusqu'\u00e0 130 m\/s<\/li>\n <li>S\u00e9curit\u00e9 : S\u00e9lecteur<\/li>\n <li>Capacit\u00e9 du chargeur : 25<\/li>\n <li>Type de canon : Canon lisse<\/li>\n <li>Action : Full-\/Semi-Automatique<\/li>\n <li>Source d'\u00e9nergie : CO2<\/li>\n <li>Munitions : BB en acier<\/li>\n <li>Mat\u00e9riau du canon : Acier<\/li>\n <li>Mat\u00e9riau : Fibre de nylon<\/li>\n <li>Rail de montage : Picatinny<\/li>\n <li>Optique : Viseur point rouge<\/li>\n <li>Mat\u00e9riau de la crosse : Fibre de nylon<\/li>\n <li>Style de la crosse : Tactique<\/li>\n<\/ul>","protected":false},"excerpt":{"rendered":"<p>K\u00f6p Crosman ST1 4.5mm Luftgev\u00e4r 3 J &#8211; H\u00f6gkvalitativt luftgev\u00e4r f\u00f6r precisionsskytte. Perfekt f\u00f6r b\u00e5de nyb\u00f6rjare och erfarna skyttar. Best\u00e4ll nu och f\u00e5 snabb leverans!<\/p>","protected":false},"featured_media":55038,"template":"","meta":[],"product_brand":[],"product_cat":[434],"product_tag":[],"class_list":{"0":"post-55066","1":"product","2":"type-product","3":"status-publish","4":"has-post-thumbnail","6":"product_cat-automatkarbiner-co2-airguns","7":"pa_brand-crosman","9":"first","10":"outofstock","11":"taxable","12":"shipping-taxable","13":"purchasable","14":"product-type-simple"},"_links":{"self":[{"href":"http:\/\/ak47.nu\/fr\/wp-json\/wp\/v2\/product\/55066","targetHints":{"allow":["GET"]}}],"collection":[{"href":"http:\/\/ak47.nu\/fr\/wp-json\/wp\/v2\/product"}],"about":[{"href":"http:\/\/ak47.nu\/fr\/wp-json\/wp\/v2\/types\/product"}],"wp:featuredmedia":[{"embeddable":true,"href":"http:\/\/ak47.nu\/fr\/wp-json\/wp\/v2\/media\/55038"}],"wp:attachment":[{"href":"http:\/\/ak47.nu\/fr\/wp-json\/wp\/v2\/media?parent=55066"}],"wp:term":[{"taxonomy":"product_brand","embeddable":true,"href":"http:\/\/ak47.nu\/fr\/wp-json\/wp\/v2\/product_brand?post=55066"},{"taxonomy":"product_cat","embeddable":true,"href":"http:\/\/ak47.nu\/fr\/wp-json\/wp\/v2\/product_cat?post=55066"},{"taxonomy":"product_tag","embeddable":true,"href":"http:\/\/ak47.nu\/fr\/wp-json\/wp\/v2\/product_tag?post=55066"}],"curies":[{"name":"wp","href":"https:\/\/api.w.org\/{rel}","templated":true}]}}