{"id":55505,"date":"2023-09-18T13:25:32","date_gmt":"2023-09-18T11:25:32","guid":{"rendered":"https:\/\/ak47.nu\/produkt\/nxwerks-nx-1911-pendragon-4-5mm-luftpistol-co2\/"},"modified":"2025-08-21T10:32:50","modified_gmt":"2025-08-21T08:32:50","slug":"nxwerks-nx-1911-pendragon-4-5mm-pistolet-a-air-co2","status":"publish","type":"product","link":"http:\/\/ak47.nu\/fr\/produit\/luftvapen\/co2-airguns\/pistoler-co2-airguns\/nxwerks-nx-1911-pendragon-4-5mm-pistolet-a-air-co2\/","title":{"rendered":"NxWerks NX 1911 Pendragon 4.5mm Pistolet \u00e0 Air Co2"},"content":{"rendered":"<h1>NxWerks NX 1911 Pendragon 4.5mm Pistolet \u00e0 Air Co2<\/h1>\n<h2>Action Blowback R\u00e9aliste pour l'Entra\u00eenement<\/h2>\n<p>Le pistolet \u00e0 air Co2 NxWerks NX 1911 Pendragon offre l'une des actions de blowback les plus puissantes disponibles. Le mouvement long et r\u00e9aliste de la glissi\u00e8re, combin\u00e9 \u00e0 un bon nombre de tirs, le rend id\u00e9al pour l'entra\u00eenement et la pratique. Parfait pour les propri\u00e9taires d'armes \u00e0 feu r\u00e9elles qui recherchent un moyen rentable de maintenir leurs comp\u00e9tences. Vous pouvez trouver plus de <a href=\"https:\/\/ak47.nu\/fr\/butik\/\">pistolets \u00e0 air<\/a> dans notre assortiment.<\/p>\n\n<h2>Sp\u00e9cifications et Caract\u00e9ristiques<\/h2>\n<ul>\n <li><b>Calibre :<\/b> .177 Cal 4,5 mm<\/li>\n <li><b>Munitions :<\/b> Billes d'acier BB<\/li>\n <li><b>Syst\u00e8me :<\/b> Co2 Blowback, semi-automatique<\/li>\n <li><b>Aliment\u00e9 par :<\/b> Cartouche Co2 12g<\/li>\n <li><b>Chargeur :<\/b> 20 coups<\/li>\n <li><b>Puissance :<\/b> max. 2 Joules, 358 FPS<\/li>\n <li><b>Canon :<\/b> m\u00e9tal, lisse, 125 mm<\/li>\n <li><b>Vis\u00e9e :<\/b> Hausse et guidon r\u00e9glables<\/li>\n <li><b>S\u00e9curit\u00e9 :<\/b> S\u00e9curit\u00e9 manuelle, ambidextre<\/li>\n <li><b>D\u00e9tente :<\/b> Simple action<\/li>\n <li><b>Mat\u00e9riau de la glissi\u00e8re :<\/b> M\u00e9tal<\/li>\n <li><b>Mat\u00e9riau du corps :<\/b> M\u00e9tal<\/li>\n <li><b>Longueur :<\/b> 23,5 cm<\/li>\n <li><b>Poids :<\/b> 1060g<\/li>\n <li><b>Couleur :<\/b> Noir<\/li>\n <li><b>Marque :<\/b> NxWerks Precision Arms<\/li>\n <li><b>Poign\u00e9e synth\u00e9tique<\/b><\/li>\n <li><b>Filetage du silencieux :<\/b> M14 x 1 gauche<\/li>\n <li><b>Rail Picatinny 22 mm<\/b><\/li>\n <li><b>Viseurs \u00e0 fibre optique<\/b><\/li>\n <li><b>Chargeur tout-en-un<\/b><\/li>\n<\/ul>\n\n<h2>Qu'est-ce qui est inclus ?<\/h2>\n<ul>\n <li>NxWerks NX1911 Pendragon Co2 Blowback Pistolet Cal. 4,5 mm BB Noir<\/li>\n <li>Mallette rigide de qualit\u00e9 sup\u00e9rieure<\/li>\n <li>Chargeur rapide<\/li>\n <li>Manuel d'instructions<\/li>\n<\/ul>\n\n<p>Ce pistolet \u00e0 air combine r\u00e9alisme et performance. Avec des viseurs r\u00e9glables et un rail Picatinny de 22 mm, vous pouvez personnaliser le pistolet selon vos besoins. La mallette rigide incluse prot\u00e8ge votre investissement pendant le transport et le stockage. Vous voulez voir plus de nos produits ? Consultez <a href=\"https:\/\/ak47.nu\/fr\/\">notre site web<\/a> pour explorer toute la gamme. Pour plus d'options dans la m\u00eame cat\u00e9gorie, visitez notre <a href=\"https:\/\/ak47.nu\/fr\/luftvapen\/co2-airguns\/\">section armes<\/a>.<\/p>","protected":false},"excerpt":{"rendered":"<p>K\u00f6p NxWerks NX 1911 Pendragon 4.5mm luftpistol Co2 hos oss &#8211; b\u00e4sta priset och h\u00f6g kvalitet. Utforska v\u00e5rt sortiment av luftpistoler och hitta din perfekta match. Best\u00e4ll idag och f\u00e5 snabb leverans!<\/p>","protected":false},"featured_media":55493,"template":"","meta":[],"product_brand":[],"product_cat":[431,375,432],"product_tag":[],"class_list":{"0":"post-55505","1":"product","2":"type-product","3":"status-publish","4":"has-post-thumbnail","6":"product_cat-co2-airguns","7":"product_cat-luftvapen","8":"product_cat-pistoler-co2-airguns","9":"pa_brand-nxwerks-precision-arms","10":"pa_farg-svart","12":"first","13":"outofstock","14":"sale","15":"taxable","16":"shipping-taxable","17":"purchasable","18":"product-type-simple"},"_links":{"self":[{"href":"http:\/\/ak47.nu\/fr\/wp-json\/wp\/v2\/product\/55505","targetHints":{"allow":["GET"]}}],"collection":[{"href":"http:\/\/ak47.nu\/fr\/wp-json\/wp\/v2\/product"}],"about":[{"href":"http:\/\/ak47.nu\/fr\/wp-json\/wp\/v2\/types\/product"}],"wp:featuredmedia":[{"embeddable":true,"href":"http:\/\/ak47.nu\/fr\/wp-json\/wp\/v2\/media\/55493"}],"wp:attachment":[{"href":"http:\/\/ak47.nu\/fr\/wp-json\/wp\/v2\/media?parent=55505"}],"wp:term":[{"taxonomy":"product_brand","embeddable":true,"href":"http:\/\/ak47.nu\/fr\/wp-json\/wp\/v2\/product_brand?post=55505"},{"taxonomy":"product_cat","embeddable":true,"href":"http:\/\/ak47.nu\/fr\/wp-json\/wp\/v2\/product_cat?post=55505"},{"taxonomy":"product_tag","embeddable":true,"href":"http:\/\/ak47.nu\/fr\/wp-json\/wp\/v2\/product_tag?post=55505"}],"curies":[{"name":"wp","href":"https:\/\/api.w.org\/{rel}","templated":true}]}}