{"id":55544,"date":"2023-09-18T15:22:27","date_gmt":"2023-09-18T13:22:27","guid":{"rendered":"https:\/\/ak47.nu\/produkt\/nxwerks-nx92-premium-commando-4-5mm-luftpistol-co2\/"},"modified":"2025-08-21T10:32:42","modified_gmt":"2025-08-21T08:32:42","slug":"nxwerks-nx92-commando-pist-air-4-5mm-co2","status":"publish","type":"product","link":"http:\/\/ak47.nu\/fr\/produit\/luftvapen\/co2-airguns\/pistoler-co2-airguns\/nxwerks-nx92-commando-pist-air-4-5mm-co2\/","title":{"rendered":"NxWerks NX92 Commando Pistolet \u00e0 Air 4.5mm Co2"},"content":{"rendered":"<h1>NxWerks NX92 Premium Commando Pistolet \u00e0 Air 4.5mm Co2<\/h1>\n<h2>Pistolet \u00e0 air r\u00e9aliste et puissant<\/h2>\n<p>Les pistolets \u00e0 air de la s\u00e9rie Nx92 de style Beretta sont dot\u00e9s d'un recul incroyablement puissant, utilisant des cartouches de Co2 de 12g comme source d'\u00e9nergie. Cela donne \u00e0 ces pistolets \u00e0 air une puissance de 300 FPS et une \u00e9nergie de frappe allant jusqu'\u00e0 2 Joules. Ces pistolets \u00e0 air sont fabriqu\u00e9s avec un souci du d\u00e9tail. NxWerks a travaill\u00e9 dur pour rendre les caract\u00e9ristiques de la s\u00e9rie Nx92 aussi r\u00e9alistes que possible.<\/p>\n<p>D\u00e9couvrez la sensation r\u00e9aliste et la puissance du pistolet \u00e0 air NxWerks NX92 Premium Commando. Aliment\u00e9 par des cartouches de Co2 de 12g, ce pistolet \u00e0 air offre une puissance impressionnante de 300 FPS et une \u00e9nergie de frappe allant jusqu'\u00e0 2 Joules. Parfait pour la pratique de la cible et l'entra\u00eenement! <a href=\"https:\/\/ak47.nu\/fr\/butik\/\">D\u00e9couvrez notre gamme de cartouches de Co2<\/a> pour garder votre pistolet \u00e0 air pr\u00eat \u00e0 l'action.<\/p>\n<h3>Accessoires inclus<\/h3>\n<ul>\n <li>NxWerks NX92 Premium Commando Co2 Blowback Pistolet Cal. 4,5 mm BB noir<\/li>\n <li>Mallette rigide Premium<\/li>\n <li>Chargeur rapide<\/li>\n <li>Manuel d'utilisation<\/li>\n<\/ul>\n<p>Tout ce dont vous avez besoin pour d\u00e9marrer est inclus. Rangez votre pistolet \u00e0 air en toute s\u00e9curit\u00e9 dans la mallette rigide incluse et chargez rapidement le chargeur avec le chargeur rapide. Ne manquez pas cet incroyable <a href=\"https:\/\/ak47.nu\/fr\/luftvapen\/co2-airguns\/\">pistolet \u00e0 air<\/a>!<\/p>\n<h3>Sp\u00e9cifications<\/h3>\n<ul>\n <li><b>Calibre:<\/b> .177 Cal 4,5 mm<\/li>\n <li><b>Munition:<\/b> Billes d'acier<\/li>\n <li><b>Syst\u00e8me:<\/b> Co2 Blowback, semi-automatique<\/li>\n <li><b>Aliment\u00e9 par:<\/b> Cartouche de Co2 de 12g<\/li>\n <li><b>Chargeur:<\/b> 20 coups<\/li>\n <li><b>Puissance:<\/b> max. 2 Joules, 300 FPS<\/li>\n <li><b>Canon:<\/b> m\u00e9tal, lisse, 105 mm<\/li>\n <li><b>Viseur:<\/b> Viseur arri\u00e8re et Viseur avant, fixes<\/li>\n <li><b>S\u00e9curit\u00e9:<\/b> S\u00e9curit\u00e9 manuelle, Double face<\/li>\n <li><b>D\u00e9clencheur:<\/b> Simple action, Double action<\/li>\n <li><b>Mat\u00e9riau de la glissi\u00e8re:<\/b> M\u00e9tal<\/li>\n <li><b>Mat\u00e9riau du bo\u00eetier:<\/b> M\u00e9tal<\/li>\n <li><b>Longueur:<\/b> 21 cm<\/li>\n <li><b>Poids:<\/b> 930g<\/li>\n <li><b>Couleur:<\/b> Noir<\/li>\n <li><b>Marque:<\/b> NxWerks Precision Arms<\/li>\n <li><b>Manche synth\u00e9tique<\/b><\/li>\n <li><b>Chargeur tout-en-un<\/b><\/li>\n<\/ul>\n<p>Le pistolet \u00e0 air NxWerks NX92 Premium Commando Co2 Blowback est con\u00e7u pour la pr\u00e9cision et le r\u00e9alisme. Commandez le v\u00f4tre d\u00e8s aujourd'hui dans <a href=\"https:\/\/ak47.nu\/fr\/\">notre boutique<\/a>!<\/p>","protected":false},"excerpt":{"rendered":"<p>K\u00f6p NxWerks NX92 Premium Commando 4.5mm Luftpistol Co2 &#8211; B\u00e4sta pris online. Utforska v\u00e5rt sortiment av premium luftpistoler hos NxWerks. Best\u00e4ll idag och njut av h\u00f6gkvalitativt skjutande med denna Co2-drivna luftpistol.<\/p>","protected":false},"featured_media":55532,"template":"","meta":[],"product_brand":[],"product_cat":[431,375,432],"product_tag":[],"class_list":{"0":"post-55544","1":"product","2":"type-product","3":"status-publish","4":"has-post-thumbnail","6":"product_cat-co2-airguns","7":"product_cat-luftvapen","8":"product_cat-pistoler-co2-airguns","9":"pa_brand-nxwerks-precision-arms","10":"pa_farg-svart","12":"first","13":"outofstock","14":"sale","15":"taxable","16":"shipping-taxable","17":"purchasable","18":"product-type-simple"},"_links":{"self":[{"href":"http:\/\/ak47.nu\/fr\/wp-json\/wp\/v2\/product\/55544","targetHints":{"allow":["GET"]}}],"collection":[{"href":"http:\/\/ak47.nu\/fr\/wp-json\/wp\/v2\/product"}],"about":[{"href":"http:\/\/ak47.nu\/fr\/wp-json\/wp\/v2\/types\/product"}],"wp:featuredmedia":[{"embeddable":true,"href":"http:\/\/ak47.nu\/fr\/wp-json\/wp\/v2\/media\/55532"}],"wp:attachment":[{"href":"http:\/\/ak47.nu\/fr\/wp-json\/wp\/v2\/media?parent=55544"}],"wp:term":[{"taxonomy":"product_brand","embeddable":true,"href":"http:\/\/ak47.nu\/fr\/wp-json\/wp\/v2\/product_brand?post=55544"},{"taxonomy":"product_cat","embeddable":true,"href":"http:\/\/ak47.nu\/fr\/wp-json\/wp\/v2\/product_cat?post=55544"},{"taxonomy":"product_tag","embeddable":true,"href":"http:\/\/ak47.nu\/fr\/wp-json\/wp\/v2\/product_tag?post=55544"}],"curies":[{"name":"wp","href":"https:\/\/api.w.org\/{rel}","templated":true}]}}