{"id":55570,"date":"2023-09-18T15:41:31","date_gmt":"2023-09-18T13:41:31","guid":{"rendered":"https:\/\/ak47.nu\/produkt\/nxwerks-nx92-elite-tactical-desert-4-5mm-luftpistol-co2\/"},"modified":"2025-08-21T10:32:39","modified_gmt":"2025-08-21T08:32:39","slug":"nxwerks-nx92-elite-tactical-desert-pistole-air-45mm-co2","status":"publish","type":"product","link":"http:\/\/ak47.nu\/fr\/produit\/luftvapen\/co2-airguns\/pistoler-co2-airguns\/nxwerks-nx92-elite-tactical-desert-pistole-air-45mm-co2\/","title":{"rendered":"NxWerks NX92 Elite Tactical Desert Pistolet \u00e0 Air 4.5mm Co2"},"content":{"rendered":"<h1>NxWerks NX92 Elite Tactical Desert Pistolet \u00e0 Air 4.5mm Co2<\/h1>\n<h2>Pistolet \u00e0 air r\u00e9aliste et puissant avec blowback<\/h2>\n<p>La s\u00e9rie Nx92 de pistolets \u00e0 air de style Beretta offre une exp\u00e9rience puissante gr\u00e2ce \u00e0 l'utilisation de cartouches de Co2 de 12g. Cette source d'\u00e9nergie donne au pistolet \u00e0 air une vitesse de 300 FPS et une \u00e9nergie d'impact allant jusqu'\u00e0 2 Joules. NxWerks a con\u00e7u la s\u00e9rie Nx92 en mettant l'accent sur les d\u00e9tails pour rendre les fonctionnalit\u00e9s aussi r\u00e9alistes que possible. D\u00e9couvrez la puissance et la pr\u00e9cision de ce pistolet \u00e0 air d\u00e9taill\u00e9. Parfait pour le tir sur cible et la collection. \u00c9quip\u00e9 d'une fonction de blowback pour une exp\u00e9rience de tir authentique. Achetez votre <a href=\"https:\/\/ak47.nu\/fr\/butik\/\">pistolet \u00e0 air NxWerks<\/a> d\u00e8s aujourd'hui !<\/p>\n<h3>Accessoires inclus :<\/h3>\n<ul>\n <li>NxWerks NX92 Elite Desert Pistolet \u00e0 air Co2 Blowback Cal. 4,5 mm BB<\/li>\n <li>Mallette rigide Premium pour un rangement s\u00fbr<\/li>\n <li>Speed Loader pour un rechargement plus rapide<\/li>\n <li>Manuel d'utilisation pour une utilisation facile<\/li>\n<\/ul>\n<h3>Sp\u00e9cifications :<\/h3>\n<ul>\n <li><b>Calibre :<\/b> .177 Cal 4,5 mm<\/li>\n <li><b>Munitions :<\/b> Billes d'acier<\/li>\n <li><b>Syst\u00e8me :<\/b> Co2 Blowback, semi-automatique<\/li>\n <li><b>Aliment\u00e9 par :<\/b> Cartouche de Co2 de 12g<\/li>\n <li><b>Chargeur :<\/b> 20 coups<\/li>\n <li><b>Puissance :<\/b> max. 2 Joules, 300 FPS<\/li>\n <li><b>Canon :<\/b> m\u00e9tal, lisse, 105 mm<\/li>\n <li><b>Vis\u00e9e :<\/b> Viseur arri\u00e8re et Viseur avant, fixes<\/li>\n <li><b>S\u00e9curit\u00e9 :<\/b> S\u00e9curit\u00e9 manuelle, double face<\/li>\n <li><b>D\u00e9tente :<\/b> Simple action, Double action<\/li>\n <li><b>Mat\u00e9riau de la glissi\u00e8re :<\/b> M\u00e9tal<\/li>\n <li><b>Mat\u00e9riau du bo\u00eetier :<\/b> M\u00e9tal<\/li>\n <li><b>Longueur :<\/b> 23 cm<\/li>\n <li><b>Poids :<\/b> 935g<\/li>\n <li><b>Couleur :<\/b> D\u00e9sert<\/li>\n <li><b>Marque :<\/b> NxWerks Precision Arms<\/li>\n <li><b>Poign\u00e9e synth\u00e9tique<\/b><\/li>\n <li><b>Filetage du silencieux :<\/b> M14 x 1 gauche<\/li>\n <li><b>Rail Picatinny de 22 mm<\/b><\/li>\n <li><b>Chargeur tout-en-un<\/b><\/li>\n<\/ul>\n\n<p>Ce <a href=\"https:\/\/ak47.nu\/fr\/luftvapen\/co2-airguns\/\">pistolet \u00e0 air de 4,5 mm<\/a> combine r\u00e9alisme et performance. Avec des caract\u00e9ristiques telles qu'un filetage de silencieux et un rail Picatinny, vous pouvez personnaliser votre pistolet \u00e0 air selon vos besoins. Visitez <a href=\"https:\/\/ak47.nu\/fr\/\">notre site web<\/a> pour d\u00e9couvrir notre gamme compl\u00e8te.<\/p>","protected":false},"excerpt":{"rendered":"<p>K\u00f6p den h\u00f6gpresterande NxWerks NX92 Elite Tactical Desert 4.5mm luftpistolen med Co2 p\u00e5 v\u00e5r webbplats. Utforska dess imponerande funktioner och \u00f6verl\u00e4gsna prestanda f\u00f6r att f\u00e5 en optimal skjutupplevelse.<\/p>","protected":false},"featured_media":55558,"template":"","meta":[],"product_brand":[],"product_cat":[431,375,432],"product_tag":[],"class_list":{"0":"post-55570","1":"product","2":"type-product","3":"status-publish","4":"has-post-thumbnail","6":"product_cat-co2-airguns","7":"product_cat-luftvapen","8":"product_cat-pistoler-co2-airguns","9":"pa_brand-nxwerks-precision-arms","10":"pa_farg-ljusbrun","12":"first","13":"outofstock","14":"sale","15":"taxable","16":"shipping-taxable","17":"purchasable","18":"product-type-simple"},"_links":{"self":[{"href":"http:\/\/ak47.nu\/fr\/wp-json\/wp\/v2\/product\/55570","targetHints":{"allow":["GET"]}}],"collection":[{"href":"http:\/\/ak47.nu\/fr\/wp-json\/wp\/v2\/product"}],"about":[{"href":"http:\/\/ak47.nu\/fr\/wp-json\/wp\/v2\/types\/product"}],"wp:featuredmedia":[{"embeddable":true,"href":"http:\/\/ak47.nu\/fr\/wp-json\/wp\/v2\/media\/55558"}],"wp:attachment":[{"href":"http:\/\/ak47.nu\/fr\/wp-json\/wp\/v2\/media?parent=55570"}],"wp:term":[{"taxonomy":"product_brand","embeddable":true,"href":"http:\/\/ak47.nu\/fr\/wp-json\/wp\/v2\/product_brand?post=55570"},{"taxonomy":"product_cat","embeddable":true,"href":"http:\/\/ak47.nu\/fr\/wp-json\/wp\/v2\/product_cat?post=55570"},{"taxonomy":"product_tag","embeddable":true,"href":"http:\/\/ak47.nu\/fr\/wp-json\/wp\/v2\/product_tag?post=55570"}],"curies":[{"name":"wp","href":"https:\/\/api.w.org\/{rel}","templated":true}]}}