{"id":243,"date":"2021-10-06T13:45:05","date_gmt":"2021-10-06T11:45:05","guid":{"rendered":"https:\/\/kalashnikov.se\/?page_id=243"},"modified":"2024-08-12T07:52:53","modified_gmt":"2024-08-12T05:52:53","slug":"datenschutz","status":"publish","type":"page","link":"https:\/\/ak47.nu\/de\/datenschutz\/","title":{"rendered":"Datenschutz"},"content":{"rendered":"<div id=\"page-header-490365099\" class=\"page-header-wrapper\">\n  <div class=\"page-title dark featured-title\">\n\n    \n    <div class=\"page-title-inner container align-center text-center flex-row-col medium-flex-wrap\" >\n              <div class=\"title-wrapper flex-col\">\n          <h1 class=\"entry-title mb-0\">\n            Datenschutz          <\/h1>\n        <\/div>\n                    <div class=\"title-content flex-col\">\n        <div class=\"title-breadcrumbs pb-half pt-half\"><nav class=\"woocommerce-breadcrumb breadcrumbs uppercase\" data-no-translation=\"\" data-trp-gettext=\"\">Startseite<\/nav><\/div>      <\/div>\n    <\/div>\n\n     \n<style>\n#page-header-490365099 {\n  margin-bottom: 19px;\n}\n<\/style>\n  <\/div>\n    <\/div>\n  \n\n<h2>Cookiepolicy<\/h2>\n<p>Unsere Website verwendet Cookies, um die Website zu entwickeln und Ihre Erfahrung zu verbessern. Diese Politik erkl\u00e4rt, wie wir es tun.<\/p>\n<p>Fr\u00e5n den 25 juli 2003 g\u00e4ller lagen om elektronisk kommunikation. Enligt den lagen ska den som bes\u00f6ker en webbplats informeras om vad cookies anv\u00e4nds till och ges m\u00f6jlighet att v\u00e4gra s\u00e5dan anv\u00e4ndning. En cookie \u00e4r en liten textfil med information som ger ett tekniskt st\u00f6d som p\u00e5 olika s\u00e4tt syftar till att f\u00f6rb\u00e4ttra f\u00f6r anv\u00e4ndarna vid bes\u00f6k p\u00e5 en webbplats. Denna textfil l\u00e4ggs p\u00e5 webbanv\u00e4ndarens dator.<\/p>\n<h3>Vad \u00e4r cookies (kakor)?<\/h3>\n<p>Kakorna \u00e4r sm\u00e5 textfiler som sparas p\u00e5 din dator, telefon eller surfplatta n\u00e4r du bes\u00f6ker webbplatsen. Kakorna hj\u00e4lper webbplatsen att komma ih\u00e5g dina inst\u00e4llningar (t.ex. anv\u00e4ndarnamn, spr\u00e5k, textstorlek och andra f\u00f6rhandsval) under en viss tid. Tanken \u00e4r att du inte ska beh\u00f6va g\u00f6ra om inst\u00e4llningarna varje g\u00e5ng du g\u00e5r in p\u00e5 webbplatsen eller bl\u00e4ddrar mellan olika sidor.<br \/>Vilka cookies anv\u00e4nder vi?<\/p>\n<p>Det finns tv\u00e5 typer av cookies \u2013 permanenta och tempor\u00e4ra. P\u00e5 v\u00e5r webbplats anv\u00e4nds b\u00e5de permanenta och tempor\u00e4ra cookies.<\/p>\n<p>Webbplatsen anv\u00e4nder cookies som \u00e4r n\u00f6dv\u00e4ndiga f\u00f6r driften av v\u00e5r webbplats, t ex att g\u00f6ra det m\u00f6jligt f\u00f6r oss att identifiera anv\u00e4ndare s\u00e5 att de kan logga in p\u00e5 sina konton. Om du v\u00e4ljer att st\u00e4nga av dessa cookies, kommer du inte \u00e5t ditt konto.<\/p>\n<p>Webbplatsen anv\u00e4nder \u00e4ven cookies f\u00f6r att kunna analysera hur bes\u00f6kare anv\u00e4nder v\u00e5r webbplats, m\u00e4ta antalet sidvisningar och bes\u00f6kare f\u00f6r v\u00e5ra interna statistiksystem. Informationen som samlas in \u00e4r anonym och inneh\u00e5ller vare sig namn, e-postadress eller n\u00e5gra andra uppgifter som kan kopplas till en s\u00e4rskild person.<\/p>\n<p>Webbplatsen anv\u00e4nder cookies f\u00f6r att f\u00f6rse dig med annonser som vi tror \u00e4r relevanta och av intresse f\u00f6r dig. Till exempel, om du tittar p\u00e5 en produkt kan du se reklam f\u00f6r samma produkt eller p\u00e5 v\u00e5r webbplats eller andra webbplatser som du bes\u00f6ker.<\/p>\n<p>Observera att tredje part (t ex Facebook), \u00f6ver vilka vi inte har n\u00e5gon kontroll, kan anv\u00e4nda cookies f\u00f6r att f\u00f6rse dig med riktad reklam. Dessa cookies kommer sannolikt att vara prestanda-, marknadsf\u00f6rings- eller sp\u00e5rningscookies. Vi kontrollerar inte dessa tredjepartscookies och f\u00f6r mer information b\u00f6r du kontrollera tredje parts policy kring integritet och\/eller cookies.<br \/>\u00c4ndra inst\u00e4llningar f\u00f6r cookies<\/p>\n<p>Om du inte accepterar anv\u00e4ndandet av cookies kan du st\u00e4nga av cookies via din webbl\u00e4sares s\u00e4kerhetsinst\u00e4llningar. Det inneb\u00e4r dock att funktionalitet p\u00e5 webbplatsen kan begr\u00e4nsas.<br \/>Mer information<\/p>\n<p>Allm\u00e4n information om cookies och om lagen om elektronisk kommunikation finns p\u00e5 Post- och telestyrelsens webbplats, www.pts.se.<\/p>\n<h2>Datenschutz<\/h2>\n<p>Denna integritetspolicy g\u00e4ller enbart f\u00f6r anv\u00e4ndare av v\u00e5r webbplats. Var v\u00e4nlig och l\u00e4s denna integritetspolicy noga f\u00f6r att f\u00f6rst\u00e5 hur och f\u00f6r vilka \u00e4ndam\u00e5l vi behandlar dina personuppgifter.<\/p>\n<p>Genom att l\u00e4mna dina personuppgifter till oss och godk\u00e4nna till\u00e4mpliga villkor samtycker du till att dina personuppgifter behandlas i enlighet med vad som anges i denna integritetspolicy.<\/p>\n<p>Denna integritetspolicy tillsammans med v\u00e5r cookiepolicy och eventuella andra villkor som reglerar v\u00e5r behandling av personuppgifter anger grunden f\u00f6r hur vi behandlar personuppgifter som du l\u00e4mnar till oss n\u00e4r du anv\u00e4nder v\u00e5ra tj\u00e4nster eller som vi samlar in om dig.<\/p>\n<p>All information och personuppgifter som du anger p\u00e5 v\u00e5r webbplats, t.ex. vid registrering, h\u00e5lls inom f\u00f6retaget. Vi v\u00e4rnar om din integritet och f\u00f6ljer vid var tid till\u00e4mplig lagstiftning som syftar till att skydda dig som privatperson. Det enda undantaget \u00e4r om r\u00e4ttsliga \u00e5tg\u00e4rder eller lagstiftning kr\u00e4ver att vi l\u00e4mnar ut dessa uppgifter.<\/p>\n<h3>Personuppgiftsansvar<\/h3>\n<p>Vi \u00e4r ansvariga f\u00f6r behandlingen av personuppgifter p\u00e5 denna webbplats. Information om hur du kontaktar oss finns under rubriken \u201dKontakta oss\u201d.<\/p>\n<p>Vi anv\u00e4nder personuppgifter fr\u00e4mst f\u00f6r att administrera, tillhandah\u00e5lla, utveckla och underh\u00e5lla v\u00e5ra webbtj\u00e4nster, bearbeta dina best\u00e4llningar och informera dig via elektronisk kommunikationen t.ex. nyhetsbrev.<br \/>Anv\u00e4ndning av v\u00e5r webbplats<\/p>\n<p>Genom att anv\u00e4nda webbplatsen accepterar du att vi aktivt samlar in, hanterar, lagrar och anv\u00e4nder, samt p\u00e5 annat s\u00e4tt behandlar, dina personuppgifter f\u00f6r att vi och v\u00e5ra samarbetspartner ska kunna tillhandah\u00e5lla de produkter och tj\u00e4nster som tillhandah\u00e5lls via v\u00e5r webbplats. F\u00f6r personer under 18 \u00e5r kr\u00e4vs som v\u00e5rdnadshavares samtycke f\u00f6r registrering och hantering av personuppgifter. Genom att samtycka till dessa villkor bekr\u00e4ftar du att du antingen \u00e4r \u00f6ver 18 \u00e5r eller att din v\u00e5rdnadshavare samtycker till att vi lagrar och hanterar dina personuppgifter i enlighet med dessa villkor.<\/p>\n<p>Vi kan komma att anlita underleverant\u00f6rer f\u00f6r att fullg\u00f6ra ett flertal olika funktioner som till exempel tryck, marknadsf\u00f6ring, fakturering och andra tekniska tj\u00e4nster f\u00f6r webbplatsen.<\/p>\n<p>Dessa underleverant\u00f6rer kan i vissa fall f\u00e5 tillg\u00e5ng till personuppgifter om det \u00e4r n\u00f6dv\u00e4ndigt f\u00f6r att de ska kunna utf\u00f6ra ett uppdrag \u00e5t oss. V\u00e5ra underleverant\u00f6rer f\u00e5r endast anv\u00e4nda personuppgifter f\u00f6r att utf\u00f6ra uppdrag \u00e5t oss.<\/p>\n<p>Vi kan l\u00e4mna ut personuppgifter till tredje part, s\u00e5som t.ex. polis eller annan myndighet, om det r\u00f6r utredning av brott eller om vi annars \u00e4r skyldiga att l\u00e4mna ut s\u00e5dan uppgift med st\u00f6d av lag eller myndighetsbeslut.<\/p>\n<p>Genom denna integritetspolicy samtycker du till att personuppgifter om dig kan \u00f6verflyttas till f\u00f6retag och organisationer, inom s\u00e5v\u00e4l som utanf\u00f6r EU-l\u00e4nder.<\/p>\n<p>Genom denna integritetspolicy samtycker du \u00e4ven till att personuppgifterna anv\u00e4nds f\u00f6r att identifiera dig i marknadsf\u00f6ringssyfte. Du samtycker ocks\u00e5 till att s\u00e5dan information kan komma att l\u00e4mnas ut till tredje part i marknadsf\u00f6ringssyfte. Ett s\u00e5dant utl\u00e4mnande av information kommer alltid att vara anonymiserad.<\/p>\n<p>Du har r\u00e4tt att efter en skriftlig ans\u00f6kan hos oss f\u00e5 information om vilka personuppgifter som finns registrerade om dig. Eventuella felaktiga personuppgifter kan du be att f\u00e5 r\u00e4ttade. Du kan ocks\u00e5 ans\u00f6ka om att f\u00e5 dina personuppgifter raderade. En s\u00e5dan ans\u00f6kan l\u00e4mnas genom att du skickar e-post till info@ak47.nu.<\/p>\n<p>Observera dock att \u00e4ven om samtycke \u00e5terkallas kan vi med annan laglig grund ha fortsatt r\u00e4tt att behandla dina personuppgifter, s\u00e5som fullg\u00f6rande av avtal.<br \/>Hur behandlar vi dina personuppgifter?<\/p>\n<p>Vi samlar in personuppgifter f\u00f6r olika \u00e4ndam\u00e5l. Vilka personuppgifter som samlas in och hur de samlas in beror p\u00e5 vilka tj\u00e4nster du anv\u00e4nder.<\/p>\n<p>Vi anv\u00e4nder personuppgifter f\u00f6r att<\/p>\n<ul>\n<li>administrera, tillhandah\u00e5lla, utveckla och underh\u00e5lla webbtj\u00e4nsterna.<\/li>\n<li>administrera dina best\u00e4llningar t.ex. skicka orderbekr\u00e4ftelse, fakturor och viktig information och erbjudanden. S\u00e5dana utskick sker till den e-postadress som du l\u00e4mnat i samband med din best\u00e4llning.<\/li>\n<li>kontakta dig via e-post eller f\u00f6r att avisera om din best\u00e4llning<\/li>\n<li>diagnostisera fel, optimera tekniken och kunna kontakta dig i h\u00e4ndelse av problem med en best\u00e4llning eller anv\u00e4ndandet av v\u00e5ra webbtj\u00e4nster.<\/li>\n<li>verifiera att ditt anv\u00e4ndarkonto p\u00e5 v\u00e5ra webbtj\u00e4nster.<\/li>\n<li>skicka erbjudande som passar dig som anv\u00e4ndare av v\u00e5ra webbtj\u00e4nster.<\/li>\n<li>analysera statistik och anv\u00e4ndarbeteenden r\u00f6rande v\u00e5ra webbtj\u00e4nster.<\/li>\n<li>marknadsf\u00f6ra tj\u00e4nster och produkter.<\/li>\n<li>Kommunicera via sociala medier och webannonsering p\u00e5 andra webbplatser.<\/li>\n<\/ul>\n<p>F\u00f6r analys av anv\u00e4ndarm\u00f6nster och personifiering anv\u00e4nder vi oss av cookies. Du kan l\u00e4sa mer om v\u00e5r cookiepolicy h\u00e4r ovanf\u00f6r..<\/p>\n<h3>Utskick av information<\/h3>\n<p>N\u00e4r du gjort en best\u00e4llning hos oss anv\u00e4nder vi dina personuppgifter f\u00f6r att skicka orderbekr\u00e4ftelse, fakturor och viktig information och erbjudanden. S\u00e5dana utskick sker till den e-postadress som du l\u00e4mnat i samband med din best\u00e4llning.<br \/>Lagring<\/p>\n<p>Vi sparar alla personuppgifter vi samlar in i v\u00e5rt kundregister. Samma personuppgift kan lagras hos v\u00e5ra underleverant\u00f6rer som beh\u00f6ver fullg\u00f6ra ett flertal olika funktioner som till exempel tryck, marknadsf\u00f6ring, fakturering och andra tekniska tj\u00e4nster f\u00f6r webbplatsen.<\/p>\n<p>Vi raderar eller avidentifierar personuppgifter n\u00e4r \u00e4ndam\u00e5let f\u00f6r behandlingen av personuppgifterna inte l\u00e4ngre f\u00f6religger.<\/p>\n<p>\u00c4ndringar i dessa nu ovan n\u00e4mnda villkor meddelas genom att de nya villkoren publiceras p\u00e5 v\u00e5r webbplats och vi rekommenderar d\u00e4rf\u00f6r att du regelbundet tar del av dessa.<\/p>\n<p>Har ni direkta fr\u00e5gor om hur vi arbetar med dataskyddsf\u00f6rordningen (GDPR) \u2013 kontakta g\u00e4rna oss.<\/p>","protected":false},"excerpt":{"rendered":"","protected":false},"author":43,"featured_media":0,"parent":0,"menu_order":0,"comment_status":"closed","ping_status":"closed","template":"","meta":{"footnotes":""},"class_list":["post-243","page","type-page","status-publish","hentry"],"_links":{"self":[{"href":"https:\/\/ak47.nu\/de\/wp-json\/wp\/v2\/pages\/243","targetHints":{"allow":["GET"]}}],"collection":[{"href":"https:\/\/ak47.nu\/de\/wp-json\/wp\/v2\/pages"}],"about":[{"href":"https:\/\/ak47.nu\/de\/wp-json\/wp\/v2\/types\/page"}],"author":[{"embeddable":true,"href":"https:\/\/ak47.nu\/de\/wp-json\/wp\/v2\/users\/43"}],"replies":[{"embeddable":true,"href":"https:\/\/ak47.nu\/de\/wp-json\/wp\/v2\/comments?post=243"}],"version-history":[{"count":0,"href":"https:\/\/ak47.nu\/de\/wp-json\/wp\/v2\/pages\/243\/revisions"}],"wp:attachment":[{"href":"https:\/\/ak47.nu\/de\/wp-json\/wp\/v2\/media?parent=243"}],"curies":[{"name":"wp","href":"https:\/\/api.w.org\/{rel}","templated":true}]}}