{"id":17309,"date":"2022-05-05T10:14:09","date_gmt":"2022-05-05T08:14:09","guid":{"rendered":"https:\/\/ak47.nu\/produkt\/well-m4-replika-d99-aeg-6mm-airsoft\/"},"modified":"2025-12-03T20:31:14","modified_gmt":"2025-12-03T19:31:14","slug":"well-m4-d99-airsoft-replika-6mm-aeg","status":"publish","type":"product","link":"https:\/\/ak47.nu\/de\/produkt\/airsoft\/el-drivna\/automatkarbiner\/well-m4-d99-airsoft-replika-6mm-aeg\/","title":{"rendered":"WELL M4 D99 Airsoft Replika - 6mm AEG Gewehr"},"content":{"rendered":"<h1>WELL - M4 Replika - D99 - AEG - 6MM Airsoft<\/h1><h2>D99 Karabiner Replika: Hochwertiges Airsoft-Automatikgewehr<\/h2><p>Die D99 Automatikgewehr-Replika ist aus sehr haltbarem ABS-Kunststoff gefertigt und zeichnet sich durch hohe Qualit&auml;t und Liebe zum Detail aus. Sie verf&uuml;gt &uuml;ber einen man&ouml;vrierf&auml;higen und beweglichen Feuermodus-Wahlschalter, Nachbildungen von Markierungen und RIS-Schienen zur individuellen Anpassung. Diese Airsoft-Replika ahmt das Original detailgetreu nach und bietet ein realistisches Erlebnis. M&ouml;chten Sie weitere <a href=\"https:\/\/ak47.nu\/de\/butik\/\">Airsoft-Repliken<\/a> sehen? Wir haben eine gro&szlig;e Auswahl!<\/p><p>Genau wie die Originalwaffe ist die Replika mit RIS-Schienen am vorderen Griff und auf der Oberseite ausgestattet, die das Anbringen von zus&auml;tzlicher Ausr&uuml;stung erm&ouml;glichen, die den RIS-Standards entspricht. Passen Sie Ihre Replika f&uuml;r eine optimale Leistung auf dem Feld an. Besuchen Sie unsere <a href=\"https:\/\/ak47.nu\/de\/airsoft\/\">Airsoft-Gewehre Kategorie<\/a>, um mehr zu sehen!<\/p><p>Der Akku befindet sich praktischerweise im Magazin der Replika, und die BB-Kammer befindet sich im mitgelieferten Dummy-Red-Dot-Visier. Der verstellbare Schaft kann zur Anpassung an Ihre Vorlieben leicht abgenommen werden. Weitere Informationen zu unseren Produkten finden Sie auf <a href=\"https:\/\/ak47.nu\/de\/\">unserer Website<\/a>.<\/p><br><p><strong>Das Set beinhaltet:<\/strong><\/p><ul><li>Replika<\/li><li>Magazin<\/li><li>Akku<\/li><li>Ladeger&auml;t<\/li><li>Dummy-Red-Dot-Visier<\/li><li>Trageriemen<\/li><\/ul><p><br><\/p><p><strong>Details:<\/strong><\/p><ul><li>Name: D99<\/li><li>Hersteller: WELL<\/li><li>Geschwindigkeit [FPS]: ~150<\/li><li>Antrieb: Elektrisch<\/li><li>Gearbox version: Special Gearbox<\/li><li>Feuermodi: Single, auto<\/li><li>Hergestellt aus: ABS-Kunststoff<\/li><li>L&auml;nge [mm]: 720 \/ 820<\/li><li>Gewicht [g]: 1500<\/li><li>Akku Spannung [V]: 7,2<\/li><li>Akku Kapazit\u00e4t [mAh]: 450<\/li><li>Akku enthalten: Ja<\/li><li>Magazin Typ: Mid-Cap<\/li><li>Magazin Kapazit\u00e4t [St\u00fcck]: 500<\/li><li>Hop-Up: Nein<\/li><li>Blow Back: Nein<\/li><\/ul>","protected":false},"excerpt":{"rendered":"<p>K\u00f6p WELL M4 Replika D99 AEG 6MM Airsoft &#8211; H\u00f6gkvalitativ replika f\u00f6r airsoft-spelare. Uppt\u00e4ck en imponerande M4-replika fr\u00e5n WELL som levererar kraftfulla prestanda och precision. Perfekt f\u00f6r b\u00e5de nyb\u00f6rjare och erfarna airsoft-entusiaster. Best\u00e4ll din M4-replika fr\u00e5n WELL idag och ta ditt airsoft-spel till n\u00e4sta niv\u00e5.<\/p>","protected":false},"featured_media":17299,"template":"","meta":[],"product_brand":[],"product_cat":[400],"product_tag":[],"class_list":{"0":"post-17309","1":"product","2":"type-product","3":"status-publish","4":"has-post-thumbnail","6":"product_cat-automatkarbiner","7":"pa_brand-well","9":"first","10":"outofstock","11":"taxable","12":"shipping-taxable","13":"purchasable","14":"product-type-simple"},"_links":{"self":[{"href":"https:\/\/ak47.nu\/de\/wp-json\/wp\/v2\/product\/17309","targetHints":{"allow":["GET"]}}],"collection":[{"href":"https:\/\/ak47.nu\/de\/wp-json\/wp\/v2\/product"}],"about":[{"href":"https:\/\/ak47.nu\/de\/wp-json\/wp\/v2\/types\/product"}],"wp:featuredmedia":[{"embeddable":true,"href":"https:\/\/ak47.nu\/de\/wp-json\/wp\/v2\/media\/17299"}],"wp:attachment":[{"href":"https:\/\/ak47.nu\/de\/wp-json\/wp\/v2\/media?parent=17309"}],"wp:term":[{"taxonomy":"product_brand","embeddable":true,"href":"https:\/\/ak47.nu\/de\/wp-json\/wp\/v2\/product_brand?post=17309"},{"taxonomy":"product_cat","embeddable":true,"href":"https:\/\/ak47.nu\/de\/wp-json\/wp\/v2\/product_cat?post=17309"},{"taxonomy":"product_tag","embeddable":true,"href":"https:\/\/ak47.nu\/de\/wp-json\/wp\/v2\/product_tag?post=17309"}],"curies":[{"name":"wp","href":"https:\/\/api.w.org\/{rel}","templated":true}]}}