{"id":17378,"date":"2022-05-05T10:19:35","date_gmt":"2022-05-05T08:19:35","guid":{"rendered":"https:\/\/ak47.nu\/produkt\/gg-gm1903-a3-co2-rifle-note-8gr-co2-airsoft\/"},"modified":"2025-08-21T11:30:51","modified_gmt":"2025-08-21T09:30:51","slug":"g-g-gm1903-a3-co2-gewehr-airsoft","status":"publish","type":"product","link":"https:\/\/ak47.nu\/de\/produkt\/airsoft\/co2\/ovriga-vapen-co2\/g-g-gm1903-a3-co2-gewehr-airsoft\/","title":{"rendered":"G&G GM1903 A3 CO2 Gewehr Airsoft"},"content":{"rendered":"<h1>G&G GM1903 A3 CO2 Gewehr Airsoft<\/h1>\n<h2>Authentische GM1903 A3 Replik f\u00fcr Airsoft<\/h2>\n<p>Die GM1903 A3 Gewehr-Replik, hergestellt von G&G, geh\u00f6rt zur GT Advanced-Linie - eine Serie von <strong>hochwertigen Replikaten<\/strong> f\u00fcr die anspruchsvollsten Benutzer. Das Produkt ist <strong>gut verarbeitet<\/strong>, es gibt keine losen Teile und es gibt keine M\u00f6glichkeit, Elemente zu verlieren oder zu zerbrechen.<\/p>\n<p>Die GM1903 A3 ist ein gro\u00dfartiger Fang f\u00fcr Milit\u00e4rhistoriker, Rekonstrukteure oder Liebhaber von historischem Airsoft. Dies liegt daran, dass die Replik auf dem M1903 A3 Springfield-Gewehr basiert, das 1903 in Dienst gestellt wurde und w\u00e4hrend des Ersten Weltkriegs weit verbreitet war.<\/p>\n<h3>Hochwertige Materialien und Konstruktion<\/h3>\n<p>Der Schaft der Replik besteht aus <strong>Naturholz<\/strong>. Der Schaft endet mit einer Metallschaftplatte. Der Rest der Replik besteht aus einer homogenen Zink- und Aluminiumlegierung. Einige Teile wie Aderendh\u00fclsen, Empf\u00e4nger mit Ladehebel und Sling Swivels sind aus <strong>Stahl<\/strong> gefertigt. Der Empf\u00e4nger kann in wenigen Augenblicken demontiert werden, die Replik verf\u00fcgt auch \u00fcber voll einstellbare eiserne Visiere.<\/p>\n<h3>Leistung und Kraft<\/h3>\n<p>Dank der Verwendung von <strong>hochwertigen externen Teilen<\/strong> und der guten Passform durch die G&G-Designer ist der Mechanismus reibungslos und das Nachladen einfach. Der luftdichte Gasmechanismus erzeugt eine M\u00fcndungsgeschwindigkeit von ~480 FPS direkt aus der Box. Die Replik wird mit <strong>8g CO2-Kapseln<\/strong> betrieben. Dank des 577 langen Innenlaufs ist sie auf dem Airsoft-Schlachtfeld effektiv. Der Empf\u00e4nger verf\u00fcgt \u00fcber eine funktionale Sicherung, au\u00dferdem besteht keine M\u00f6glichkeit, die Replik abzufeuern, wenn sich keine Pellets im Magazin befinden.<\/p>\n<h3>Eigenschaften:<\/h3>\n<ul>\n <li>Die Replik wird mit 2 massiven <strong>CO2-Metallmagazinen<\/strong> geliefert, die jeweils 9 Pellets aufnehmen.<\/li>\n <li>Verstellbare eiserne Visiere<\/li>\n <li>Realistischer Holzschaft<\/li>\n <li>Betrieben mit 8g CO2-Kapseln<\/li>\n<\/ul>\n<p><strong>Das Set beinhaltet:<\/strong><\/p>\n<p>-Replik<br>-Magazin<br>-Benutzerhandbuch<\/p>\n\n<p>Entdecken Sie unser Angebot an <a href=\"https:\/\/ak47.nu\/de\/butik\/\">authentischen Airsoft-Replikaten<\/a>. Besuchen Sie unsere <a href=\"https:\/\/ak47.nu\/de\/airsoft\/\">Gewehrkategorie<\/a> f\u00fcr weitere Optionen. Entdecken Sie mehr auf <a href=\"https:\/\/ak47.nu\/de\/\">unserer Homepage<\/a>.<\/p>","protected":false},"excerpt":{"rendered":"<p>K\u00f6p G&amp;G GM1903 A3 CO2 Rifle (NOTE 8gr co2) Airsoft online &#8211; b\u00e4sta priser hos oss. Utforska v\u00e5rt breda sortiment av airsoftgev\u00e4r och f\u00e5 en autentisk spelupplevelse.<\/p>","protected":false},"featured_media":17373,"template":"","meta":[],"product_brand":[],"product_cat":[368,404,409],"product_tag":[],"class_list":{"0":"post-17378","1":"product","2":"type-product","3":"status-publish","4":"has-post-thumbnail","6":"product_cat-airsoft","7":"product_cat-co2","8":"product_cat-ovriga-vapen-co2","9":"pa_brand-no-brand","11":"first","12":"instock","13":"sale","14":"taxable","15":"shipping-taxable","16":"purchasable","17":"product-type-simple"},"_links":{"self":[{"href":"https:\/\/ak47.nu\/de\/wp-json\/wp\/v2\/product\/17378","targetHints":{"allow":["GET"]}}],"collection":[{"href":"https:\/\/ak47.nu\/de\/wp-json\/wp\/v2\/product"}],"about":[{"href":"https:\/\/ak47.nu\/de\/wp-json\/wp\/v2\/types\/product"}],"wp:featuredmedia":[{"embeddable":true,"href":"https:\/\/ak47.nu\/de\/wp-json\/wp\/v2\/media\/17373"}],"wp:attachment":[{"href":"https:\/\/ak47.nu\/de\/wp-json\/wp\/v2\/media?parent=17378"}],"wp:term":[{"taxonomy":"product_brand","embeddable":true,"href":"https:\/\/ak47.nu\/de\/wp-json\/wp\/v2\/product_brand?post=17378"},{"taxonomy":"product_cat","embeddable":true,"href":"https:\/\/ak47.nu\/de\/wp-json\/wp\/v2\/product_cat?post=17378"},{"taxonomy":"product_tag","embeddable":true,"href":"https:\/\/ak47.nu\/de\/wp-json\/wp\/v2\/product_tag?post=17378"}],"curies":[{"name":"wp","href":"https:\/\/api.w.org\/{rel}","templated":true}]}}