{"id":17412,"date":"2022-05-05T10:36:45","date_gmt":"2022-05-05T08:36:45","guid":{"rendered":"https:\/\/ak47.nu\/produkt\/gfc-svd-dragunov-airsoft-replica-sniper-rifle-spring-operated-6mm\/"},"modified":"2025-12-03T20:24:12","modified_gmt":"2025-12-03T19:24:12","slug":"gfc-svd-dragunov-airsoft-replica-sniper-rifle-spring-operated-6mm","status":"publish","type":"product","link":"https:\/\/ak47.nu\/de\/produkt\/airsoft\/fjader\/gevar-fjader\/gfc-svd-dragunov-airsoft-replica-sniper-rifle-spring-operated-6mm\/","title":{"rendered":"GFC &#8211; SVD Dragunov Airsoft Replica Sniper Rifle &#8211; spring operated &#8211; 6mm"},"content":{"rendered":"<p>V&aring;ren action ryska sniper rifle replika tillverkad av GFC Guns f&ouml;retaget &auml;r tillverkad av metall och h&ouml;gkvalitativt tr&auml;liknande plastmaterial som visuellt replikerar den klassiska versionen av den ryska tekniska tanken. Replikens kropp och fatmontering och j&auml;rnsiktade sikter &auml;r gjorda av metall, medan lager och fr&auml;mre grepp &auml;r gjorda av plast. Best&aring;ndet &auml;r utrustat med en kindkudde, den s&aring; kallade &quot;baka&quot; som underl&auml;ttar att placera ett exakt skott och det &ouml;kar anv&auml;ndarkomforten.<\/p>\n<p>Konstruktionen &auml;r perfekt monterad och m&auml;rkbart mer stabil &auml;n andra modeller av detta gev&auml;r som finns p&aring; marknaden. De plastgjorda elementen &auml;r utrustade med en grov struktur tack vare vilken de h&aring;ller handen perfekt vilket ger ett s&auml;kert grepp &auml;ven trots h&ouml;g luftfuktighet eller smuts p&aring; ytan. Det &auml;r ocks&aring; v&auml;rt att notera det realistiska m&auml;rket av det justerbara fr&auml;mre j&auml;rnsiktet och den enkla &aring;tkomsten till lagerskruven.<\/p>\n<p>Repliken &auml;r utrustad med ett sidof&auml;ste, den s&aring; kallade &quot;Swallow-tail&quot;, som g&ouml;r det m&ouml;jligt att f&auml;sta ett optiskt sikte, till exempel de dedikerade siktena av PSO-1 eller POSP-typ.<\/p>\n<p>GFGWD-repliken &auml;r definitivt det b&auml;sta f&ouml;rslaget att GFC Guns-serien kan erbjuda en b&ouml;rjan prickskytt. Kombinationen av h&ouml;gklassiga material med precisionen i m&auml;rket och replikens ergonomi och det tillg&auml;ngliga priset g&ouml;r att den passar till smaken hos varje prickskyttegev&auml;rsfl&auml;kt.<\/p>\n<p>Satsen inneh&aring;ller:<\/p>\n<p>&#8211; Repliken,<\/p>\n<p>&#8211; magasin,<\/p>\n<p>l&auml;ngd: 1210 mm<br \/>tillverkad av: plast och metall<br \/>mag: 32<br \/>kraft: v&aring;r<br \/>hastighet: 480 fps<br \/>vikt: 2840 gram<\/p>","protected":false},"excerpt":{"rendered":"<p>K\u00f6p GFC &#8211; SVD Dragunov Airsoft Replica Sniper Rifle &#8211; fj\u00e4derdriven &#8211; 6mm hos SVD. V\u00e5r airsoftreplica \u00e4r en perfekt kopia av den ber\u00f6mda SVD Dragunov-sniperskottgev\u00e4ret och \u00e4r utrustad med fj\u00e4derdrift f\u00f6r optimal prestanda. Best\u00e4ll idag f\u00f6r en realistisk och sp\u00e4nnande airsoftupplevelse.<\/p>","protected":false},"featured_media":17407,"template":"","meta":[],"product_brand":[],"product_cat":[421],"product_tag":[],"class_list":{"0":"post-17412","1":"product","2":"type-product","3":"status-publish","4":"has-post-thumbnail","6":"product_cat-gevar-fjader","7":"pa_brand-airsoft-gun-manufactorer","9":"first","10":"outofstock","11":"sale","12":"taxable","13":"shipping-taxable","14":"purchasable","15":"product-type-simple"},"_links":{"self":[{"href":"https:\/\/ak47.nu\/de\/wp-json\/wp\/v2\/product\/17412","targetHints":{"allow":["GET"]}}],"collection":[{"href":"https:\/\/ak47.nu\/de\/wp-json\/wp\/v2\/product"}],"about":[{"href":"https:\/\/ak47.nu\/de\/wp-json\/wp\/v2\/types\/product"}],"wp:featuredmedia":[{"embeddable":true,"href":"https:\/\/ak47.nu\/de\/wp-json\/wp\/v2\/media\/17407"}],"wp:attachment":[{"href":"https:\/\/ak47.nu\/de\/wp-json\/wp\/v2\/media?parent=17412"}],"wp:term":[{"taxonomy":"product_brand","embeddable":true,"href":"https:\/\/ak47.nu\/de\/wp-json\/wp\/v2\/product_brand?post=17412"},{"taxonomy":"product_cat","embeddable":true,"href":"https:\/\/ak47.nu\/de\/wp-json\/wp\/v2\/product_cat?post=17412"},{"taxonomy":"product_tag","embeddable":true,"href":"https:\/\/ak47.nu\/de\/wp-json\/wp\/v2\/product_tag?post=17412"}],"curies":[{"name":"wp","href":"https:\/\/api.w.org\/{rel}","templated":true}]}}