{"id":17418,"date":"2022-05-05T10:37:36","date_gmt":"2022-05-05T08:37:36","guid":{"rendered":"https:\/\/ak47.nu\/produkt\/ak-airsoft-1873-mares-leg-airsoft-replica-6mm-green-gas-lever-action\/"},"modified":"2025-12-03T20:23:57","modified_gmt":"2025-12-03T19:23:57","slug":"ak-airsoft-1873-mares-leg-airsoft-replica-6mm-green-gas-lever-action","status":"publish","type":"product","link":"https:\/\/ak47.nu\/de\/produkt\/airsoft\/grongas\/gevar-grongas\/ak-airsoft-1873-mares-leg-airsoft-replica-6mm-green-gas-lever-action\/","title":{"rendered":"A&amp;K Airsoft \u2013 1873 Mares leg Airsoft Replica \u2013 6mm \u2013 Green gas \u2013 Lever action"},"content":{"rendered":"<p>1873 (Real Wood) gev\u00e4r replika<\/p>\n<p>En replik av metall och tr\u00e4 av hagelgev\u00e4rsreplika fr\u00e5n 1873. Hagelgev\u00e4ret gjordes med st\u00f6rsta omsorg f\u00f6r detaljer, dess konstruktion \u00e4r 100% metall och tr\u00e4 tillverkat, bortsett fr\u00e5n det fasta materialet och fram\u00e5t &#8211; dessa gjordes av naturligt tr\u00e4. Lagerplattan har en metallkudde. Att passa ihop delar och material som anv\u00e4nds i produktionsprocessen g\u00f6r att APS 1873 ger ett riktigt solid intryck s\u00e5 snart det \u00e4r i h\u00e4nderna. Det \u00e4r en upplevelse att h\u00e5lla ett levande skjutvapen, inte en airsoft-replika.<\/p>\n<p>Repliken har ett intressant s\u00e4tt att ladda om &#8211; det \u00e4r n\u00f6dv\u00e4ndigt att dra tillbaka hela nedre avtryckarskyddet och trycka p\u00e5 det mot repliken. BB-laddningssystemet finns p\u00e5 h\u00f6ger sida av repliken och har en kapacitet p\u00e5 upp till 25 BB.<\/p>\n<p>Repliken drivs av Green Gas. Ventilen p\u00e5 replikens beh\u00e5llare ligger precis under munstycket. Ventilen kan n\u00e5s efter att du har tryckt p\u00e5 skruven som ligger n\u00e5got under munstycket.<\/p>\n<p>Den v\u00e4nstra sidan av repliken har en taktisk lyftslinga f\u00f6r att f\u00e4sta till exempel en taktisk lyftsele.<\/p>\n<p>Settet inneh\u00e5ller:<\/p>\n<p>&#8211; replika<br \/>&#8211; hastighetslastare<br \/>&#8211; manuell<br \/>&#8211; upps\u00e4ttning verktyg<br \/>&#8211; munstycksf\u00f6rl\u00e4ngning till gr\u00f6n gasbelastning<\/p>\n<p>Vikt: 1805 gram<br \/>L\u00e4ngd: 500mm<br \/>Hop-up: ja<br \/>Magasin: 25<br \/>Hastighet: 340 fps<br \/>Gas: Gr\u00f6n gas<\/p>","protected":false},"excerpt":{"rendered":"<p>K\u00f6p A&amp;K Airsoft 1873 Mares leg Airsoft Replica i 6mm med Green gas och lever action mekanism. Perfekt f\u00f6r airsoft-entusiaster som vill ha en autentisk och kraftfull replika.<\/p>","protected":false},"featured_media":17413,"template":"","meta":[],"product_brand":[],"product_cat":[414],"product_tag":[],"class_list":{"0":"post-17418","1":"product","2":"type-product","3":"status-publish","4":"has-post-thumbnail","6":"product_cat-gevar-grongas","7":"pa_brand-ak","9":"first","10":"outofstock","11":"sale","12":"taxable","13":"shipping-taxable","14":"purchasable","15":"product-type-simple"},"_links":{"self":[{"href":"https:\/\/ak47.nu\/de\/wp-json\/wp\/v2\/product\/17418","targetHints":{"allow":["GET"]}}],"collection":[{"href":"https:\/\/ak47.nu\/de\/wp-json\/wp\/v2\/product"}],"about":[{"href":"https:\/\/ak47.nu\/de\/wp-json\/wp\/v2\/types\/product"}],"wp:featuredmedia":[{"embeddable":true,"href":"https:\/\/ak47.nu\/de\/wp-json\/wp\/v2\/media\/17413"}],"wp:attachment":[{"href":"https:\/\/ak47.nu\/de\/wp-json\/wp\/v2\/media?parent=17418"}],"wp:term":[{"taxonomy":"product_brand","embeddable":true,"href":"https:\/\/ak47.nu\/de\/wp-json\/wp\/v2\/product_brand?post=17418"},{"taxonomy":"product_cat","embeddable":true,"href":"https:\/\/ak47.nu\/de\/wp-json\/wp\/v2\/product_cat?post=17418"},{"taxonomy":"product_tag","embeddable":true,"href":"https:\/\/ak47.nu\/de\/wp-json\/wp\/v2\/product_tag?post=17418"}],"curies":[{"name":"wp","href":"https:\/\/api.w.org\/{rel}","templated":true}]}}