{"id":17474,"date":"2022-05-05T14:45:18","date_gmt":"2022-05-05T12:45:18","guid":{"rendered":"https:\/\/ak47.nu\/produkt\/smith-wesson-mp-40-co2-airgun-4-5mm-bb-gun\/"},"modified":"2025-12-03T19:25:54","modified_gmt":"2025-12-03T18:25:54","slug":"smith-wesson-mp-40-co2-airgun-4-5mm-bb-gun","status":"publish","type":"product","link":"https:\/\/ak47.nu\/de\/produkt\/luftvapen\/co2-airguns\/pistoler-co2-airguns\/smith-wesson-mp-40-co2-airgun-4-5mm-bb-gun\/","title":{"rendered":"Smith &amp; Wesson M&amp;P 40 Co2 airgun 4.5mm bb-gun"},"content":{"rendered":"<p>Umarex S and W M and P 40 4,5mm<br \/>Vikt: 447 g<br \/>Totall\u00e4ngd: 194 mm<br \/>Konstruktion: Komposit<br \/>Material Mantel: Metall<br \/>Drivning: Co2<br \/>Mekanism: Fixed slide<br \/>Piptyp: Sl\u00e4tborrad<br \/>Pipl\u00e4ngd: 110 mm<br \/>Kilsp\u00e5r: Picatinny<br \/>Magasinkapacitet: 19 skott<br \/>Anslagsenergi: 3 J<br \/>Extra magasin: 5.8093.1<br \/>Extra magasin ing\u00e5r: Nej<br \/>Manual: Ja, Engelsk<br \/>Avtryck: DAO<br \/>Pipl\u00e4ngd: 4,33 &#8221;<br \/>Utg\u00e5ngshastighet: BB 130 m\/s<br \/>Kaliber: st\u00e5lrundkulor 4,5 (.177) Steel BB mm<\/p>","protected":false},"excerpt":{"rendered":"<p>Umarex S and W M and P 40 4,5mmVikt: 447 gTotall\u00e4ngd: 194 mmKonstruktion: KompositMaterial Mantel: MetallDrivning: Co2Mekanism: Fixed slidePiptyp: Sl\u00e4tborradPipl\u00e4ngd: 110 mmKilsp\u00e5r: PicatinnyMagasinkapacitet: 19 skottAnslagsenergi: 3 JExtra magasin: 5.8093.1Extra magasin ing\u00e5r: NejManual: Ja, EngelskAvtryck: DAOPipl\u00e4ngd: 4,33 &#8221;Utg\u00e5ngshastighet: BB 130 m\/sKaliber: st\u00e5lrundkulor 4,5 (.177) Steel BB mm<\/p>","protected":false},"featured_media":17473,"template":"","meta":[],"product_brand":[],"product_cat":[432],"product_tag":[],"class_list":{"0":"post-17474","1":"product","2":"type-product","3":"status-publish","4":"has-post-thumbnail","6":"product_cat-pistoler-co2-airguns","7":"pa_brand-umarex","9":"first","10":"outofstock","11":"sale","12":"taxable","13":"shipping-taxable","14":"purchasable","15":"product-type-simple"},"_links":{"self":[{"href":"https:\/\/ak47.nu\/de\/wp-json\/wp\/v2\/product\/17474","targetHints":{"allow":["GET"]}}],"collection":[{"href":"https:\/\/ak47.nu\/de\/wp-json\/wp\/v2\/product"}],"about":[{"href":"https:\/\/ak47.nu\/de\/wp-json\/wp\/v2\/types\/product"}],"wp:featuredmedia":[{"embeddable":true,"href":"https:\/\/ak47.nu\/de\/wp-json\/wp\/v2\/media\/17473"}],"wp:attachment":[{"href":"https:\/\/ak47.nu\/de\/wp-json\/wp\/v2\/media?parent=17474"}],"wp:term":[{"taxonomy":"product_brand","embeddable":true,"href":"https:\/\/ak47.nu\/de\/wp-json\/wp\/v2\/product_brand?post=17474"},{"taxonomy":"product_cat","embeddable":true,"href":"https:\/\/ak47.nu\/de\/wp-json\/wp\/v2\/product_cat?post=17474"},{"taxonomy":"product_tag","embeddable":true,"href":"https:\/\/ak47.nu\/de\/wp-json\/wp\/v2\/product_tag?post=17474"}],"curies":[{"name":"wp","href":"https:\/\/api.w.org\/{rel}","templated":true}]}}