{"id":17489,"date":"2022-05-05T14:45:33","date_gmt":"2022-05-05T12:45:33","guid":{"rendered":"https:\/\/ak47.nu\/produkt\/glock-17-4-5mm-co2-steel-bb-airgun-blowback\/"},"modified":"2025-12-03T19:30:00","modified_gmt":"2025-12-03T18:30:00","slug":"glock-17-4-5mm-co2-steel-bb-airgun-blowback","status":"publish","type":"product","link":"https:\/\/ak47.nu\/de\/produkt\/luftvapen\/co2-airguns\/pistoler-co2-airguns\/glock-17-4-5mm-co2-steel-bb-airgun-blowback\/","title":{"rendered":"Glock 17 4.5mm Co2 steel bb airgun &#8211; Blowback"},"content":{"rendered":"<p>Glock 17, blowback 4,5mm BB<\/p>\n<p>Glock 17 orginalet med blowback och sl\u00e4tborrad pipa f\u00f6r st\u00e5lrundkulor.<\/p>\n<p>Egenskaper<\/p>\n<p>Blowback<br \/>Mantel: i metall<br \/>Magasinet rymmer 1st 12g kolsyrepatron och kulor<br \/>Sl\u00e4tborrad pipa f\u00f6r st\u00e5lrundkulor<br \/>Realistisk avtryckars\u00e4kring<br \/>Manuell s\u00e4kring under pipan<\/p>\n<p>Vikt: 646 g<br \/>Totall\u00e4ngd: 185 mm<br \/>Drivning: Co2<br \/>Magasinkapacitet: 18 skott<br \/>Anslagsenergi: 2 J<br \/>Avtryck: Double Action Only<br \/>Utg\u00e5ngshastighet: BB 115 m\/s<br \/>Kaliber: 4,5mm (.177) BB<\/p>","protected":false},"excerpt":{"rendered":"<p>Glock 17, blowback 4,5mm BB Glock 17 orginalet med blowback och sl\u00e4tborrad pipa f\u00f6r st\u00e5lrundkulor. Egenskaper BlowbackMantel: i metallMagasinet rymmer 1st 12g kolsyrepatron och kulorSl\u00e4tborrad pipa f\u00f6r st\u00e5lrundkulorRealistisk avtryckars\u00e4kringManuell s\u00e4kring under pipan Vikt: 646 gTotall\u00e4ngd: 185 mmDrivning: Co2Magasinkapacitet: 18 skottAnslagsenergi: 2 JAvtryck: Double Action OnlyUtg\u00e5ngshastighet: BB 115 m\/sKaliber: 4,5mm (.177) BB<\/p>","protected":false},"featured_media":17485,"template":"","meta":[],"product_brand":[],"product_cat":[432],"product_tag":[],"class_list":{"0":"post-17489","1":"product","2":"type-product","3":"status-publish","4":"has-post-thumbnail","6":"product_cat-pistoler-co2-airguns","7":"pa_brand-umarex","9":"first","10":"outofstock","11":"taxable","12":"shipping-taxable","13":"purchasable","14":"product-type-simple"},"_links":{"self":[{"href":"https:\/\/ak47.nu\/de\/wp-json\/wp\/v2\/product\/17489","targetHints":{"allow":["GET"]}}],"collection":[{"href":"https:\/\/ak47.nu\/de\/wp-json\/wp\/v2\/product"}],"about":[{"href":"https:\/\/ak47.nu\/de\/wp-json\/wp\/v2\/types\/product"}],"wp:featuredmedia":[{"embeddable":true,"href":"https:\/\/ak47.nu\/de\/wp-json\/wp\/v2\/media\/17485"}],"wp:attachment":[{"href":"https:\/\/ak47.nu\/de\/wp-json\/wp\/v2\/media?parent=17489"}],"wp:term":[{"taxonomy":"product_brand","embeddable":true,"href":"https:\/\/ak47.nu\/de\/wp-json\/wp\/v2\/product_brand?post=17489"},{"taxonomy":"product_cat","embeddable":true,"href":"https:\/\/ak47.nu\/de\/wp-json\/wp\/v2\/product_cat?post=17489"},{"taxonomy":"product_tag","embeddable":true,"href":"https:\/\/ak47.nu\/de\/wp-json\/wp\/v2\/product_tag?post=17489"}],"curies":[{"name":"wp","href":"https:\/\/api.w.org\/{rel}","templated":true}]}}