{"id":17505,"date":"2022-05-05T14:45:45","date_gmt":"2022-05-05T12:45:45","guid":{"rendered":"https:\/\/ak47.nu\/produkt\/swiss-arms-sa-p92-co2-45mm-luftpistol-nbb-2\/"},"modified":"2026-04-16T22:19:35","modified_gmt":"2026-04-16T20:19:35","slug":"swiss-arms-sa-p92-co2-4-5mm-luftpistole","status":"publish","type":"product","link":"https:\/\/ak47.nu\/de\/produkt\/luftvapen\/co2-airguns\/pistoler-co2-airguns\/swiss-arms-sa-p92-co2-4-5mm-luftpistole\/","title":{"rendered":"Swiss Arms SA P92 - 4,5mm CO2 Luftpistole NBB"},"content":{"rendered":"<h1>Swiss Arms SA P92 Luftpistole<\/h1>\n\n<h2>Zuverl\u00e4ssige und Wirtschaftliche Luftpistole<\/h2>\n<p>Die Swiss Arms SA P92 ist eine einfache, zuverl\u00e4ssige und wirtschaftliche Luftpistole aus schlagfestem Nylonfiber. Diese CO2-betriebene Luftpistole im Kaliber 4,5 mm Stahlkugel ist ideal f\u00fcr Plinking und Zielschie\u00dfen. Ihr Modell ist PT92 TAN.<\/p>\n\n<h3>Hauptmerkmale und Spezifikationen<\/h3>\n<ul>\n <li><strong>Modell:<\/strong> PT92 TAN<\/li>\n <li><strong>Kaliber:<\/strong> 4,5 mm Stahlkugel<\/li>\n <li><strong>Antrieb:<\/strong> CO2<\/li>\n <li><strong>Sicherung:<\/strong> JA<\/li>\n <li><strong>Energie:<\/strong> 2,11 J<\/li>\n <li><strong>Geschwindigkeit:<\/strong> 110 m\/s<\/li>\n <li><strong>Gewicht:<\/strong> 918 g<\/li>\n <li><strong>Gesamtl\u00e4nge:<\/strong> 217 mm<\/li>\n <li><strong>Material:<\/strong> Nylonfiber<\/li>\n <li><strong>Magazinkapazit\u00e4t:<\/strong> 15 Schuss<\/li>\n<\/ul>\n\n<h3>Vorteile der Swiss Arms SA P92<\/h3>\n<p>Diese Luftpistole kombiniert Einfachheit mit Funktionalit\u00e4t, wodurch sie ideal f\u00fcr Anf\u00e4nger und erfahrene Sch\u00fctzen ist. Die robuste Nylonfiber-Konstruktion gew\u00e4hrleistet eine lange Lebensdauer, w\u00e4hrend das CO2-Antriebssystem eine gleichm\u00e4\u00dfige und zuverl\u00e4ssige Leistung bietet. Mit einer Magazinkapazit\u00e4t von 15 Schuss k\u00f6nnen Sie l\u00e4ngere Schie\u00dfsitzungen genie\u00dfen, ohne h\u00e4ufig nachladen zu m\u00fcssen. Entdecken Sie unsere breite Auswahl an <a href=\"https:\/\/ak47.nu\/de\/butik\/\">Luftpistolen<\/a> und finden Sie das Modell, das am besten zu Ihnen passt. Besuchen Sie unsere <a href=\"https:\/\/ak47.nu\/de\/luftvapen\/co2-airguns\/\">Kategorie f\u00fcr Schie\u00dfausr\u00fcstung<\/a>, um alle unsere Produkte zu sehen. F\u00fcr weitere Informationen \u00fcber Swiss Arms und deren Produkte besuchen Sie <a href=\"https:\/\/ak47.nu\/de\/\">unsere Webseite<\/a>.<\/p>","protected":false},"excerpt":{"rendered":"<p>K\u00f6p Swiss Arms SA P92 4,5mm luftpistol med co2-teknik &#8211; NBB. H\u00f6gkvalitativ och p\u00e5litlig luftpistol f\u00f6r skjutning och tr\u00e4ning. Best\u00e4ll nu f\u00f6r snabb leverans!<\/p>","protected":false},"featured_media":17503,"template":"","meta":[],"product_brand":[],"product_cat":[432],"product_tag":[],"class_list":{"0":"post-17505","1":"product","2":"type-product","3":"status-publish","4":"has-post-thumbnail","6":"product_cat-pistoler-co2-airguns","7":"pa_brand-swiss-arms","9":"first","10":"instock","11":"sale","12":"taxable","13":"shipping-taxable","14":"purchasable","15":"product-type-simple"},"_links":{"self":[{"href":"https:\/\/ak47.nu\/de\/wp-json\/wp\/v2\/product\/17505","targetHints":{"allow":["GET"]}}],"collection":[{"href":"https:\/\/ak47.nu\/de\/wp-json\/wp\/v2\/product"}],"about":[{"href":"https:\/\/ak47.nu\/de\/wp-json\/wp\/v2\/types\/product"}],"wp:featuredmedia":[{"embeddable":true,"href":"https:\/\/ak47.nu\/de\/wp-json\/wp\/v2\/media\/17503"}],"wp:attachment":[{"href":"https:\/\/ak47.nu\/de\/wp-json\/wp\/v2\/media?parent=17505"}],"wp:term":[{"taxonomy":"product_brand","embeddable":true,"href":"https:\/\/ak47.nu\/de\/wp-json\/wp\/v2\/product_brand?post=17505"},{"taxonomy":"product_cat","embeddable":true,"href":"https:\/\/ak47.nu\/de\/wp-json\/wp\/v2\/product_cat?post=17505"},{"taxonomy":"product_tag","embeddable":true,"href":"https:\/\/ak47.nu\/de\/wp-json\/wp\/v2\/product_tag?post=17505"}],"curies":[{"name":"wp","href":"https:\/\/api.w.org\/{rel}","templated":true}]}}