{"id":17544,"date":"2022-05-05T14:46:08","date_gmt":"2022-05-05T12:46:08","guid":{"rendered":"https:\/\/ak47.nu\/produkt\/umarex-sa-10-4-5mm-co2-steel-bb-airgun-blowback\/"},"modified":"2025-08-21T11:28:03","modified_gmt":"2025-08-21T09:28:03","slug":"umarex-sa-10-45mm-co2-pistole-blowback","status":"publish","type":"product","link":"https:\/\/ak47.nu\/de\/produkt\/luftvapen\/co2-airguns\/pistoler-co2-airguns\/umarex-sa-10-45mm-co2-pistole-blowback\/","title":{"rendered":"Umarex SA 10 4,5mm Co2 Pistole - Blowback | Luftpistole"},"content":{"rendered":"<h1>Umarex SA 10 4,5mm Co2 Pistole - Blowback<\/h1>\n<h2>Einzigartige Co2-Pistole mit Blowback-Funktion<\/h2>\n<p>Die Umarex SA 10 ist eine einzigartige, aufmerksamkeitsstarke Co2-Pistole, die sowohl 4,5 mm (.177) Diabolos als auch BBs verschie\u00dft. Ein Schl\u00fcsselmerkmal sind die Sicht\u00f6ffnungen im schweren Schlitten, die einen Blick auf den messingfarbenen Lauf mit Gewinde zur Kompensatormontage erm\u00f6glichen. Das herausnehmbare Magazin fasst die Co2-Kartusche zusammen mit drei zus\u00e4tzlichen Magazinen. Der Metallschlitten erh\u00f6ht das Gewicht auf fast ein Kilogramm und verst\u00e4rkt das realistische Gef\u00fchl.<\/p>\n<h3>Technische Daten<\/h3>\n<ul>\n <li>Kaliber: 4,5mm (.177) Diabolo \/ BBs<\/li>\n <li>Energiequelle: Co2<\/li>\n <li>Magazinkapazit\u00e4t: 8 Schuss<\/li>\n <li>Sicherung: manuell<\/li>\n <li>L\u00e4nge: 230 mm<\/li>\n <li>Laufl\u00e4nge: 140 mm<\/li>\n <li>Gewicht: 924 g<\/li>\n <li>Geschwindigkeit: 130 m\/s<\/li>\n <li>Abzug: Double Action<\/li>\n <li>Besonderheit(en): Blow Back<\/li>\n <li>Schuss pro Kartusche: ca. 60<\/li>\n <li>Energie: 3 Joule(s)<\/li>\n<\/ul>\n<p>Die SA 10 verf\u00fcgt \u00fcber eine Blowback-Funktion, die eine zus\u00e4tzliche Dimension von Realismus verleiht. Mit einer Geschwindigkeit von 130 m\/s und einer Energie von 3 Joule bietet sie ein unterhaltsames Schie\u00dferlebnis. Die manuelle Sicherung erh\u00f6ht die sichere Nutzung. Erleben Sie Pr\u00e4zision und Realismus mit der Umarex SA 10!  Schauen Sie sich unsere Auswahl an <a href=\"https:\/\/ak47.nu\/de\/butik\/\">anderen Luftpistolen<\/a> an. Besuchen Sie unsere <a href=\"https:\/\/ak47.nu\/de\/luftvapen\/co2-airguns\/\">Co2-Pistolen Kategorie<\/a>, um \u00e4hnliche Produkte zu sehen. Sie finden unser gesamtes Sortiment auf der <a href=\"https:\/\/ak47.nu\/de\/\">Homepage<\/a>.<\/p>","protected":false},"excerpt":{"rendered":"<p>Umarex SA 10 4,5mm Co2 Pistole &#8211; Blowback Einzigartige Co2-Pistole mit Blowback-Funktion Die Umarex SA 10 ist eine einzigartige, aufmerksamkeitsstarke Co2-Pistole, die sowohl 4,5 mm (.177) Diabolos als auch BBs verschie\u00dft. Ein Schl\u00fcsselmerkmal sind die Sicht\u00f6ffnungen im schweren Schlitten, die einen Blick auf den messingfarbenen Lauf mit Gewinde zur Kompensatormontage erm\u00f6glichen. Das herausnehmbare Magazin fasst [&#8230;]","protected":false},"featured_media":17539,"template":"","meta":[],"product_brand":[],"product_cat":[431,375,432],"product_tag":[],"class_list":{"0":"post-17544","1":"product","2":"type-product","3":"status-publish","4":"has-post-thumbnail","6":"product_cat-co2-airguns","7":"product_cat-luftvapen","8":"product_cat-pistoler-co2-airguns","9":"pa_brand-umarex","11":"first","12":"outofstock","13":"sale","14":"taxable","15":"shipping-taxable","16":"purchasable","17":"product-type-simple"},"_links":{"self":[{"href":"https:\/\/ak47.nu\/de\/wp-json\/wp\/v2\/product\/17544","targetHints":{"allow":["GET"]}}],"collection":[{"href":"https:\/\/ak47.nu\/de\/wp-json\/wp\/v2\/product"}],"about":[{"href":"https:\/\/ak47.nu\/de\/wp-json\/wp\/v2\/types\/product"}],"wp:featuredmedia":[{"embeddable":true,"href":"https:\/\/ak47.nu\/de\/wp-json\/wp\/v2\/media\/17539"}],"wp:attachment":[{"href":"https:\/\/ak47.nu\/de\/wp-json\/wp\/v2\/media?parent=17544"}],"wp:term":[{"taxonomy":"product_brand","embeddable":true,"href":"https:\/\/ak47.nu\/de\/wp-json\/wp\/v2\/product_brand?post=17544"},{"taxonomy":"product_cat","embeddable":true,"href":"https:\/\/ak47.nu\/de\/wp-json\/wp\/v2\/product_cat?post=17544"},{"taxonomy":"product_tag","embeddable":true,"href":"https:\/\/ak47.nu\/de\/wp-json\/wp\/v2\/product_tag?post=17544"}],"curies":[{"name":"wp","href":"https:\/\/api.w.org\/{rel}","templated":true}]}}