{"id":17634,"date":"2022-05-05T14:46:58","date_gmt":"2022-05-05T12:46:58","guid":{"rendered":"https:\/\/ak47.nu\/produkt\/sig-sauer-p226-asp-45mm-fde-airgun-co2\/"},"modified":"2025-12-03T12:50:17","modified_gmt":"2025-12-03T11:50:17","slug":"sig-sauer-p226-asp-45mm-fde-airgun-co2","status":"publish","type":"product","link":"https:\/\/ak47.nu\/de\/produkt\/luftvapen\/co2-airguns\/pistoler-co2-airguns\/sig-sauer-p226-asp-45mm-fde-airgun-co2\/","title":{"rendered":"Sig Sauer P226 ASP 4,5mm, FDE airgun CO2"},"content":{"rendered":"<p>Sig Sauer P226 ASP 4,5mm, FDE<br \/>Kolsyrepistol med blowback och r\u00e4fflad pipa f\u00f6r 4,5mm diaboler! SIG 226 ASP \u00e4r en prisv\u00e4rd modell med realistisk k\u00e4nsla f\u00f6r b\u00e5de nyb\u00f6rjare och rutinerade skyttar.<br \/>Sig Sauer<br \/>SHOOTS LIKE A SIG &#8211; BECAUSE IT IS ONE<br \/>Den tysk\/schweiziska vapentillverkaren \u00e4r kanske mest k\u00e4nd f\u00f6r sina pistoler och karbiner som anv\u00e4nds av skyttar, poliser och milit\u00e4rer \u00f6ver hela v\u00e4rlden. Nu lanserar man en egen serie luftvapen som fokuserar p\u00e5 ett snabbt och dynamiskt skytte med kolsyredrivna vapen. F\u00f6rst ut \u00e4r fyra halvautomatiska vapenplattformar. SIG 226, P250 och SIG MPX\/MCX \u00e4r exakta kopior p\u00e5 sina krutversioner och \u00e4r utrustade med r\u00e4fflade pipor f\u00f6r diaboler.<\/p>\n<p>Egenskaper<br \/>16 skotts magasin f\u00f6r diaboler! (8st x2)<br \/>R\u00e4fflad pipa<br \/>&#8221;Full Metal&#8221;<br \/>Blowback som sp\u00e4nner mekanismen och ger rekyl<br \/>Avtryck som har matchas f\u00f6r att ha samma k\u00e4nsla som krutversionen<br \/>Picatinnybas under pipan<br \/>Vita riktmedel<br \/>Patenterat CO2-system f\u00f6r smidig laddning av kolsyrepatron<br \/>Decocking Lever Safety &#8211; Precis som krutversionen<\/p>\n<p>Specifikationer<br \/>Drivning: CO2<br \/>Kaliber: 4,5mm<br \/>Magasinkapacitet: 16 skott<br \/>Anslagsenergi: 5 J<br \/>Avtryck: SA\/DA<br \/>Utg\u00e5ngshastighet diabol: 155 m\/s<\/p>\n<p>4,5mm (.177)<br \/>4,5mm \u00e4r den vanligaste kalibern. Sm\u00e5 diaboler och liten vikt ger h\u00f6g hastighet. Med 10 Joules anslagsenergi har denna kaliber en flack kulbana som \u00e4r enkel att skjuta med. En l\u00e4tt ammunition \u00e4r dock k\u00e4nsligare f\u00f6r vind.<\/p>","protected":false},"excerpt":{"rendered":"<p>Sig Sauer P226 ASP 4,5mm, FDEKolsyrepistol med blowback och r\u00e4fflad pipa f\u00f6r 4,5mm diaboler! SIG 226 ASP \u00e4r en prisv\u00e4rd modell med realistisk k\u00e4nsla f\u00f6r b\u00e5de nyb\u00f6rjare och rutinerade skyttar.Sig SauerSHOOTS LIKE A SIG &#8211; BECAUSE IT IS ONEDen tysk\/schweiziska vapentillverkaren \u00e4r kanske mest k\u00e4nd f\u00f6r sina pistoler och karbiner som anv\u00e4nds av skyttar, poliser [&#8230;]","protected":false},"featured_media":17631,"template":"","meta":[],"product_brand":[],"product_cat":[432],"product_tag":[],"class_list":{"0":"post-17634","1":"product","2":"type-product","3":"status-publish","4":"has-post-thumbnail","6":"product_cat-pistoler-co2-airguns","7":"pa_brand-no-brand","9":"first","10":"outofstock","11":"sale","12":"taxable","13":"shipping-taxable","14":"purchasable","15":"product-type-simple"},"_links":{"self":[{"href":"https:\/\/ak47.nu\/de\/wp-json\/wp\/v2\/product\/17634","targetHints":{"allow":["GET"]}}],"collection":[{"href":"https:\/\/ak47.nu\/de\/wp-json\/wp\/v2\/product"}],"about":[{"href":"https:\/\/ak47.nu\/de\/wp-json\/wp\/v2\/types\/product"}],"wp:featuredmedia":[{"embeddable":true,"href":"https:\/\/ak47.nu\/de\/wp-json\/wp\/v2\/media\/17631"}],"wp:attachment":[{"href":"https:\/\/ak47.nu\/de\/wp-json\/wp\/v2\/media?parent=17634"}],"wp:term":[{"taxonomy":"product_brand","embeddable":true,"href":"https:\/\/ak47.nu\/de\/wp-json\/wp\/v2\/product_brand?post=17634"},{"taxonomy":"product_cat","embeddable":true,"href":"https:\/\/ak47.nu\/de\/wp-json\/wp\/v2\/product_cat?post=17634"},{"taxonomy":"product_tag","embeddable":true,"href":"https:\/\/ak47.nu\/de\/wp-json\/wp\/v2\/product_tag?post=17634"}],"curies":[{"name":"wp","href":"https:\/\/api.w.org\/{rel}","templated":true}]}}