{"id":17661,"date":"2022-05-05T14:47:14","date_gmt":"2022-05-05T12:47:14","guid":{"rendered":"https:\/\/ak47.nu\/produkt\/sig-sauer-p320-45mm-co2-airgun\/"},"modified":"2025-12-03T19:47:51","modified_gmt":"2025-12-03T18:47:51","slug":"sig-sauer-p320-45mm-co2-airgun","status":"publish","type":"product","link":"https:\/\/ak47.nu\/de\/produkt\/luftvapen\/co2-airguns\/pistoler-co2-airguns\/sig-sauer-p320-45mm-co2-airgun\/","title":{"rendered":"Sig Sauer P320 4,5mm, CO2 Airgun"},"content":{"rendered":"<p>Sig Sauer P320 ASP 4,5mm, Coyote tan<br \/>En kommande klassiker som \u00e4r laddad med banbrytande teknik. Den kolsyredrivna P320 \u00e4r Sig Sauers f\u00f6rsta pistol med det nya band-magasinet f\u00f6r b\u00e5de diaboler och BBs.<br \/>Modellen kombinerar en halvautomatisk mekanism och blowback, med r\u00e4fflad pipa och h\u00f6g magasinkapacitet. Magasinet \u00e4r enkelt att ladda och rymmer hela 30 st diaboler i kaliber 4,5mm.<\/p>\n<p>Egenskaper<br \/>Halvautomatisk<br \/>Mantel i metall, stomme i komposit (som p\u00e5 f\u00f6rlagan)<br \/>30skotts bandmagasin<br \/>Snabbladdning f\u00f6r 12g kolsyrepatron<br \/>Blowback<br \/>Picatinnybas under pipa f\u00f6r tillbeh\u00f6r<br \/>Samma typ av avtryck som krutversionen av P320<\/p>\n<p>Specifikationer<br \/>Vikt: 828 g<br \/>Drivning: CO2<br \/>Kaliber: 4,5mm<br \/>Magasinkapacitet: 30 skott<br \/>Anslagsenergi: 4,3 J<br \/>Utg\u00e5ngshastighet diabol: 131 m\/s<br \/>Avtryck: DOA<\/p>","protected":false},"excerpt":{"rendered":"<p>SIG SAUER P320 4,5MM \u00e4r en kraftfull co2-luftgev\u00e4r som \u00e4r perfekt f\u00f6r b\u00e5de tr\u00e4ning och rekreation. Med sin h\u00f6ga precision och autentiska design \u00e4r denna luftgev\u00e4r ett utm\u00e4rkt val f\u00f6r skytteentusiaster. Utforska v\u00e5rt sortiment av SIG SAUER-produkter och uppt\u00e4ck varf\u00f6r detta \u00e4r en av de mest popul\u00e4ra modellerna p\u00e5 marknaden. K\u00f6p din SIG SAUER P320 4,5MM co2-luftgev\u00e4r idag och ta din skytteupplevelse till n\u00e4sta niv\u00e5.<\/p>","protected":false},"featured_media":17659,"template":"","meta":[],"product_brand":[],"product_cat":[432],"product_tag":[],"class_list":{"0":"post-17661","1":"product","2":"type-product","3":"status-publish","4":"has-post-thumbnail","6":"product_cat-pistoler-co2-airguns","7":"pa_brand-sig-sauer","9":"first","10":"outofstock","11":"taxable","12":"shipping-taxable","13":"purchasable","14":"product-type-simple"},"_links":{"self":[{"href":"https:\/\/ak47.nu\/de\/wp-json\/wp\/v2\/product\/17661","targetHints":{"allow":["GET"]}}],"collection":[{"href":"https:\/\/ak47.nu\/de\/wp-json\/wp\/v2\/product"}],"about":[{"href":"https:\/\/ak47.nu\/de\/wp-json\/wp\/v2\/types\/product"}],"wp:featuredmedia":[{"embeddable":true,"href":"https:\/\/ak47.nu\/de\/wp-json\/wp\/v2\/media\/17659"}],"wp:attachment":[{"href":"https:\/\/ak47.nu\/de\/wp-json\/wp\/v2\/media?parent=17661"}],"wp:term":[{"taxonomy":"product_brand","embeddable":true,"href":"https:\/\/ak47.nu\/de\/wp-json\/wp\/v2\/product_brand?post=17661"},{"taxonomy":"product_cat","embeddable":true,"href":"https:\/\/ak47.nu\/de\/wp-json\/wp\/v2\/product_cat?post=17661"},{"taxonomy":"product_tag","embeddable":true,"href":"https:\/\/ak47.nu\/de\/wp-json\/wp\/v2\/product_tag?post=17661"}],"curies":[{"name":"wp","href":"https:\/\/api.w.org\/{rel}","templated":true}]}}