{"id":17690,"date":"2022-05-05T14:47:30","date_gmt":"2022-05-05T12:47:30","guid":{"rendered":"https:\/\/ak47.nu\/produkt\/bo-manufacture-black-ops-langley-hitman-luftpistol-5-5mm\/"},"modified":"2025-12-03T20:27:44","modified_gmt":"2025-12-03T19:27:44","slug":"bo-manufacture-black-ops-langley-hitman-5-5mm","status":"publish","type":"product","link":"https:\/\/ak47.nu\/de\/produkt\/luftvapen\/co2-airguns\/pistoler-co2-airguns\/bo-manufacture-black-ops-langley-hitman-5-5mm\/","title":{"rendered":"BO Manufacture Black Ops Langley Hitman 5.5MM"},"content":{"rendered":"<h1>BO Manufacture - Black Ops Langley Hitman - Luftpistole - 5.5MM<\/h1>\n<h2>BO Manufacture Black Ops Langley Hitman Luftpistole<\/h2>\n<p>Die Langley Hitman von BO Manufacture ist eine Luftpistole mit PSP-System (Performance Spring Piston) und Laufspannmechanismus. Diese umr\u00fcstbare Pistole ist mit einem praktischen Schnellverschlusskolben f\u00fcr schnelle Anpassungen ausgestattet. Hier finden Sie eine gro\u00dfe Auswahl an <a href=\"https:\/\/ak47.nu\/de\/butik\/\">anderen Luftgewehren<\/a>, die Ihren Bed\u00fcrfnissen entsprechen k\u00f6nnten.<\/p>\n<h3>Hauptmerkmale<\/h3>\n<ul>\n <li><strong>Schusssystem:<\/strong> Single<\/li>\n <li><strong>Schaft:<\/strong> Beidh\u00e4ndiger Schaft aus synthetischer Faser<\/li>\n <li><strong>Lauf:<\/strong> 36 cm langer Stahllauf mit integriertem Schalld\u00e4mpfer<\/li>\n <li><strong>Visierung:<\/strong> Verstellbares Fiberoptik-Visier<\/li>\n <li><strong>Schiene:<\/strong> 21mm Picatinny-Schiene f\u00fcr Zubeh\u00f6r<\/li>\n <li><strong>Abzug:<\/strong> Verstellbarer Abzug f\u00fcr pers\u00f6nliche Anpassung<\/li>\n <li><strong>Sicherheit:<\/strong> Manuelle Schussversicherung<\/li>\n<\/ul>\n<h3>Spezifikationen<\/h3>\n<ul>\n <li><strong>Referenz:<\/strong> 160.00.012<\/li>\n <li><strong>Kaliber:<\/strong> 5,5 mm (.22)<\/li>\n <li><strong>Gewicht:<\/strong> 1,9 kg<\/li>\n <li><strong>Gesamtl\u00e4nge:<\/strong> 450-625 mm<\/li>\n <li><strong>Geschwindigkeit:<\/strong> Bis zu 100 m\/s<\/li>\n <li><strong>Leistung:<\/strong> Bis zu 10 J<\/li>\n<\/ul>\n<p>Mit ihrem verstellbaren Abzug und dem Fiberoptik-Visier bietet diese Luftpistole die M\u00f6glichkeit f\u00fcr pr\u00e4zises Schie\u00dfen. Der beidh\u00e4ndige Schaft aus synthetischer Faser in Kombination mit dem 36 cm langen Stahllauf macht die Waffe einfach zu handhaben. Die manuelle Sicherung sorgt f\u00fcr erh\u00f6hte Sicherheit w\u00e4hrend des Gebrauchs. Besuchen Sie unsere <a href=\"https:\/\/ak47.nu\/de\/luftvapen\/co2-airguns\/\">Luftgewehr-Kategorie<\/a>, um weitere Optionen zu sehen. Sie k\u00f6nnen auch unsere <a href=\"https:\/\/ak47.nu\/de\/\">Homepage<\/a> besuchen, um unser gesamtes Sortiment zu sehen.<\/p>","protected":false},"excerpt":{"rendered":"<p>K\u00f6p BO Manufacture Black Ops Langley Hitman luftpistol 5.5MM online. Vi erbjuder h\u00f6gkvalitativa luftvapen och tillbeh\u00f6r till konkurrenskraftiga priser. Best\u00e4ll idag och f\u00e5 snabb leverans!<\/p>","protected":false},"featured_media":17681,"template":"","meta":[],"product_brand":[],"product_cat":[432],"product_tag":[],"class_list":{"0":"post-17690","1":"product","2":"type-product","3":"status-publish","4":"has-post-thumbnail","6":"product_cat-pistoler-co2-airguns","7":"pa_brand-bo-manufacture","9":"first","10":"outofstock","11":"sale","12":"taxable","13":"shipping-taxable","14":"purchasable","15":"product-type-simple"},"_links":{"self":[{"href":"https:\/\/ak47.nu\/de\/wp-json\/wp\/v2\/product\/17690","targetHints":{"allow":["GET"]}}],"collection":[{"href":"https:\/\/ak47.nu\/de\/wp-json\/wp\/v2\/product"}],"about":[{"href":"https:\/\/ak47.nu\/de\/wp-json\/wp\/v2\/types\/product"}],"wp:featuredmedia":[{"embeddable":true,"href":"https:\/\/ak47.nu\/de\/wp-json\/wp\/v2\/media\/17681"}],"wp:attachment":[{"href":"https:\/\/ak47.nu\/de\/wp-json\/wp\/v2\/media?parent=17690"}],"wp:term":[{"taxonomy":"product_brand","embeddable":true,"href":"https:\/\/ak47.nu\/de\/wp-json\/wp\/v2\/product_brand?post=17690"},{"taxonomy":"product_cat","embeddable":true,"href":"https:\/\/ak47.nu\/de\/wp-json\/wp\/v2\/product_cat?post=17690"},{"taxonomy":"product_tag","embeddable":true,"href":"https:\/\/ak47.nu\/de\/wp-json\/wp\/v2\/product_tag?post=17690"}],"curies":[{"name":"wp","href":"https:\/\/api.w.org\/{rel}","templated":true}]}}