{"id":17797,"date":"2022-05-05T14:50:08","date_gmt":"2022-05-05T12:50:08","guid":{"rendered":"https:\/\/ak47.nu\/produkt\/swiss-arms-orna-2-0-luftgevar-75-joule-akta-trastock-brytpipa\/"},"modified":"2025-10-19T13:55:34","modified_gmt":"2025-10-19T11:55:34","slug":"swiss-arms-orna-2-0-luftgewehr-knicklauf","status":"publish","type":"product","link":"https:\/\/ak47.nu\/de\/produkt\/luftvapen\/brytpipa\/gevar-brytpipa\/swiss-arms-orna-2-0-luftgewehr-knicklauf\/","title":{"rendered":"Swiss Arms ORNA 2.0 Luftgewehr | 7,5J Knicklauf Holzschaft"},"content":{"rendered":"<h1>Swiss Arms ORNA 2.0 Luftgewehr - Knicklauf mit Echtholzschaft<\/h1>\n<h2>Schweizer Pr\u00e4zision in einem Qualit\u00e4tsluftgewehr<\/h2>\n<p>Swiss Arms ist bekannt f\u00fcr seine Schweizer Pr\u00e4zision und hohe Qualit\u00e4t. Das ORNA 2.0 Luftgewehr ist keine Ausnahme, wobei jedes Detail f\u00fcr die bestm\u00f6gliche Leistung optimiert ist.  Dies macht Swiss Arms zu einer angesehenen Wahl f\u00fcr diejenigen, die ein zuverl\u00e4ssiges und leistungsstarkes Luftgewehr suchen.  Wenn Sie nach <a href=\"https:\/\/ak47.nu\/de\/butik\/\">anderen Luftgewehren<\/a> suchen, finden Sie diese in unserem Sortiment.<\/p>\n\n<h2>Komfortabler Holzschaft und sicherer Knicklauf<\/h2>\n<p>Das ORNA 2.0 verf\u00fcgt \u00fcber einen komfortablen Holzschaft, der einen guten Halt und ein klassisches Gef\u00fchl bietet. Der Knicklauf ist einfach zu laden und verf\u00fcgt \u00fcber einen zus\u00e4tzlichen Verriegelungsmechanismus f\u00fcr eine sichere Handhabung.  Dies erh\u00f6ht die Sicherheit und erleichtert die Konzentration auf die Pr\u00e4zision Ihres Schusses. Verpassen Sie nicht unsere Auswahl an <a href=\"https:\/\/ak47.nu\/de\/luftvapen\/brytpipa\/\">Luftgewehren<\/a>.<\/p>\n\n<h3>Spezifikationen:<\/h3>\n<ul>\n <li>Kaliber: 4,5 mm \/ .177<\/li>\n <li>Leistung: 7,5 Joule \/ 182,5 m\/s<\/li>\n <li>Gewicht: 2,66 kg<\/li>\n <li>L\u00e4nge: 113 cm<\/li>\n <li>Material: Stahl\/Holz<\/li>\n <li>Antrieb: Feder\/Knicklauf<\/li>\n<\/ul>\n\n<p>Mit einem Gewicht von 2,66 kg und einer L\u00e4nge von 113 cm ist dieses Luftgewehr einfach zu handhaben und zu transportieren. Die verwendeten Materialien sind Stahl und Holz, was sowohl Haltbarkeit als auch ein angenehmes Gef\u00fchl garantiert. Machen Sie sich bereit f\u00fcr Pr\u00e4zisionsschie\u00dfen mit diesem Qualit\u00e4tsgewehr von Swiss Arms.  F\u00fcr weitere Informationen besuchen Sie bitte <a href=\"https:\/\/ak47.nu\/de\/\">unsere Webseite<\/a>.<\/p>","protected":false},"excerpt":{"rendered":"<p>K\u00f6p Swiss Arms ORNA 2.0 luftgev\u00e4r med \u00e4kta tr\u00e4stock och brytpipa hos oss. Med en kraft p\u00e5 7,5 Joule \u00e4r detta vapen perfekt f\u00f6r b\u00e5de erfarna skyttar och nyb\u00f6rjare. Best\u00e4ll nu f\u00f6r en fantastisk skytteupplevelse!<\/p>","protected":false},"featured_media":17796,"template":"","meta":[],"product_brand":[],"product_cat":[428],"product_tag":[],"class_list":{"0":"post-17797","1":"product","2":"type-product","3":"status-publish","4":"has-post-thumbnail","6":"product_cat-gevar-brytpipa","7":"pa_brand-swiss-arms","9":"first","10":"outofstock","11":"sale","12":"taxable","13":"shipping-taxable","14":"purchasable","15":"product-type-simple"},"_links":{"self":[{"href":"https:\/\/ak47.nu\/de\/wp-json\/wp\/v2\/product\/17797","targetHints":{"allow":["GET"]}}],"collection":[{"href":"https:\/\/ak47.nu\/de\/wp-json\/wp\/v2\/product"}],"about":[{"href":"https:\/\/ak47.nu\/de\/wp-json\/wp\/v2\/types\/product"}],"wp:featuredmedia":[{"embeddable":true,"href":"https:\/\/ak47.nu\/de\/wp-json\/wp\/v2\/media\/17796"}],"wp:attachment":[{"href":"https:\/\/ak47.nu\/de\/wp-json\/wp\/v2\/media?parent=17797"}],"wp:term":[{"taxonomy":"product_brand","embeddable":true,"href":"https:\/\/ak47.nu\/de\/wp-json\/wp\/v2\/product_brand?post=17797"},{"taxonomy":"product_cat","embeddable":true,"href":"https:\/\/ak47.nu\/de\/wp-json\/wp\/v2\/product_cat?post=17797"},{"taxonomy":"product_tag","embeddable":true,"href":"https:\/\/ak47.nu\/de\/wp-json\/wp\/v2\/product_tag?post=17797"}],"curies":[{"name":"wp","href":"https:\/\/api.w.org\/{rel}","templated":true}]}}