{"id":17799,"date":"2022-05-05T14:50:12","date_gmt":"2022-05-05T12:50:12","guid":{"rendered":"https:\/\/ak47.nu\/produkt\/norica-dragon-grs-evolution-max-luftgevar-10-j-4-5mm\/"},"modified":"2025-12-03T20:27:33","modified_gmt":"2025-12-03T19:27:33","slug":"norica-dragon-grs-evolution-max-luftgewehr-4-5mm-2","status":"publish","type":"product","link":"https:\/\/ak47.nu\/de\/produkt\/luftvapen\/brytpipa\/gevar-brytpipa\/norica-dragon-grs-evolution-max-luftgewehr-4-5mm-2\/","title":{"rendered":"Norica Dragon GRS Evolution Max Luftgewehr 4,5mm"},"content":{"rendered":"<h1>Norica Dragon GRS Evolution Max - Luftgewehr<\/h1>\n<h2>Leistungsstarkes und pr\u00e4zises Luftgewehr mit GRS<\/h2>\n<p>Das Norica Dragon GRS Evolution Max ist ein vollst\u00e4ndig \u00fcberarbeitetes Luftgewehr, das f\u00fcr eine erh\u00f6hte Leistung und verbesserte Schussqualit\u00e4t entwickelt wurde. Mit dem eingebauten GRS-System (Gas Ram System) erhalten Sie eine gleichm\u00e4\u00dfigere und kraftvollere Leistung. Dieses Modell verf\u00fcgt \u00fcber einen Bullbarrel mit einem eloxierten Aluminiumlauf und einem eingebauten Schalld\u00e4mpfer. Bitte beachten Sie, dass das Zielfernrohr nicht im Lieferumfang enthalten ist.<\/p>\n\n<h3>Funktionen und Vorteile<\/h3>\n<ul>\n  <li><strong>GRS-System:<\/strong> Verbessert die Leistung und Schussqualit\u00e4t.<\/li>\n  <li><strong>Bullbarrel mit Schalld\u00e4mpfer:<\/strong> Eloxierter Aluminiumlauf reduziert den Ger\u00e4uschpegel.<\/li>\n  <li><strong>Anti-Schock-Fiberschaft:<\/strong> Beidh\u00e4ndiges Design f\u00fcr Links- und Rechtssch\u00fctzen.<\/li>\n  <li><strong>Bel\u00fcftete R\u00fccksto\u00dfplatte:<\/strong> Gummi-R\u00fccksto\u00dfplatte reduziert den R\u00fccksto\u00df f\u00fcr erh\u00f6hten Komfort.<\/li>\n  <li><strong>Kariertes Muster:<\/strong> Verbesserter Griff am Pistolengriff und am vorderen Griff.<\/li>\n  <li><strong>Automatische Sicherung:<\/strong> Erh\u00f6hte Sicherheit w\u00e4hrend des Gebrauchs.<\/li>\n<\/ul>\n\n<h3>Technische Daten<\/h3>\n<ul>\n    <li><strong>Kaliber:<\/strong> 4,5 mm (.177)<\/li>\n    <li><strong>Gewicht:<\/strong> 3 kg<\/li>\n    <li><strong>Laufl\u00e4nge:<\/strong> 355 mm<\/li>\n    <li><strong>Gesamtl\u00e4nge:<\/strong> 1160 mm<\/li>\n    <li><strong>Geschwindigkeit:<\/strong> 200 m\/s<\/li>\n    <li><strong>Leistung:<\/strong> 10 J<\/li>\n<\/ul>\n\n<p>Erleben Sie Pr\u00e4zision und Leistung mit dem Norica Dragon GRS Evolution Max.  F\u00fcr weitere Informationen zu unseren anderen <a href=\"https:\/\/ak47.nu\/de\/butik\/\">Luftgewehren<\/a> besuchen Sie unsere <a href=\"https:\/\/ak47.nu\/de\/luftvapen\/brytpipa\/\">Luftgewehr-Kategorie<\/a>.  Sie k\u00f6nnen auch mehr \u00fcber Norica und unser Sortiment auf unserer <a href=\"https:\/\/ak47.nu\/de\/\">Website<\/a> erfahren.<\/p>","protected":false},"excerpt":{"rendered":"<p>Hitta och k\u00f6p Norica Dragon GRS Evolution Max luftgev\u00e4r med 10 J och 4.5MM kaliber. Perfekt f\u00f6r jakt och precisionsskytte. Uppt\u00e4ck v\u00e5rt stora utbud av luftgev\u00e4r och best\u00e4ll online idag f\u00f6r snabb leverans.<\/p>","protected":false},"featured_media":17798,"template":"","meta":[],"product_brand":[],"product_cat":[428],"product_tag":[],"class_list":{"0":"post-17799","1":"product","2":"type-product","3":"status-publish","4":"has-post-thumbnail","6":"product_cat-gevar-brytpipa","7":"pa_brand-norica","9":"first","10":"instock","11":"sale","12":"taxable","13":"shipping-taxable","14":"purchasable","15":"product-type-simple"},"_links":{"self":[{"href":"https:\/\/ak47.nu\/de\/wp-json\/wp\/v2\/product\/17799","targetHints":{"allow":["GET"]}}],"collection":[{"href":"https:\/\/ak47.nu\/de\/wp-json\/wp\/v2\/product"}],"about":[{"href":"https:\/\/ak47.nu\/de\/wp-json\/wp\/v2\/types\/product"}],"wp:featuredmedia":[{"embeddable":true,"href":"https:\/\/ak47.nu\/de\/wp-json\/wp\/v2\/media\/17798"}],"wp:attachment":[{"href":"https:\/\/ak47.nu\/de\/wp-json\/wp\/v2\/media?parent=17799"}],"wp:term":[{"taxonomy":"product_brand","embeddable":true,"href":"https:\/\/ak47.nu\/de\/wp-json\/wp\/v2\/product_brand?post=17799"},{"taxonomy":"product_cat","embeddable":true,"href":"https:\/\/ak47.nu\/de\/wp-json\/wp\/v2\/product_cat?post=17799"},{"taxonomy":"product_tag","embeddable":true,"href":"https:\/\/ak47.nu\/de\/wp-json\/wp\/v2\/product_tag?post=17799"}],"curies":[{"name":"wp","href":"https:\/\/api.w.org\/{rel}","templated":true}]}}