{"id":17862,"date":"2022-05-05T14:51:00","date_gmt":"2022-05-05T12:51:00","guid":{"rendered":"https:\/\/ak47.nu\/produkt\/norica-combo-dragon-grs-evolution-max-luftgevar-10-j-4-5mm\/"},"modified":"2025-08-21T11:22:04","modified_gmt":"2025-08-21T09:22:04","slug":"norica-dragon-grs-evolution-max-luftgewehr-4-5mm","status":"publish","type":"product","link":"https:\/\/ak47.nu\/de\/produkt\/luftvapen\/brytpipa\/gevar-brytpipa\/norica-dragon-grs-evolution-max-luftgewehr-4-5mm\/","title":{"rendered":"Norica Dragon GRS Evolution Max Luftgewehr 4.5mm"},"content":{"rendered":"<h1>Norica - Combo Dragon GRS Evolution Max - Luftgewehr - 10 J - 4.5MM<\/h1>\n<h2>Leistungsstarkes Luftgewehr mit GRS-System<\/h2>\n<p>Das Norica Combo Dragon GRS Evolution Max ist ein vollst\u00e4ndig \u00fcberholtes Luftgewehr mit einem Bullbarrel-Design und einem eloxierten Aluminiumlauf mit eingebautem Schalld\u00e4mpfer. Das GRS-System (Gas Ram System) erh\u00f6ht die Leistung und verbessert die Schussqualit\u00e4t, was ein \u00fcberlegenes Schie\u00dferlebnis bietet. Dieses Gewehr wird mit einem 3-9x40 AO MAGNUM Zielfernrohr geliefert. Entdecken Sie mehr \u00fcber unsere <a href=\"https:\/\/ak47.nu\/de\/butik\/\">anderen Luftgewehre<\/a> und finden Sie das perfekte Gewehr f\u00fcr Ihre Bed\u00fcrfnisse.<\/p>\n\n<h3>Spezifikationen und Vorteile<\/h3>\n<ul>\n <li><strong>Anti-Schock-Fiberschaft:<\/strong> Bietet erh\u00f6hte Haltbarkeit und Komfort.<\/li>\n <li><strong>Beidh\u00e4ndiger Schaft:<\/strong> Geeignet f\u00fcr Rechts- und Linkssch\u00fctzen.<\/li>\n <li><strong>Bel\u00fcftete Gummi-Schaftkappe:<\/strong> Reduziert den R\u00fccksto\u00df und erh\u00f6ht den Komfort.<\/li>\n <li><strong>R\u00e4ndelmuster:<\/strong> Verbessert den Griff am Pistolengriff und Vorderschaft.<\/li>\n <li><strong>Automatische Sicherung:<\/strong> Erh\u00f6ht die Sicherheit w\u00e4hrend des Gebrauchs.<\/li>\n <li><strong>Bullbarrel aus eloxiertem Aluminium:<\/strong> Bietet eine robuste und leise Konstruktion mit eingebautem Schalld\u00e4mpfer.<\/li>\n<\/ul>\n\n<h3>Technische Daten<\/h3>\n<ul>\n <li><strong>Kaliber:<\/strong> 4,5 mm (.177)<\/li>\n <li><strong>Gewicht:<\/strong> 3 kg<\/li>\n <li><strong>Laufl\u00e4nge:<\/strong> 355 mm<\/li>\n <li><strong>Gesamtl\u00e4nge:<\/strong> 1160 mm<\/li>\n <li><strong>Geschwindigkeit:<\/strong> 200 m\/s<\/li>\n <li><strong>Leistung:<\/strong> 10 J<\/li>\n<\/ul>\n\n<h3>Zielfernrohr mit einstellbarem Objektiv<\/h3>\n<p>Das mitgelieferte Zielfernrohr wurde speziell f\u00fcr Luftgewehre mit GRS-System entwickelt. Es ist intern verst\u00e4rkt, um starken St\u00f6\u00dfen standzuhalten, und verf\u00fcgt \u00fcber eine robuste Schienenmontage f\u00fcr eine sichere Installation. Mit vollst\u00e4ndig behandelter Optik, sto\u00dffestem, wasserdichtem und beschlagfreiem Design bietet dieses Zielfernrohr eine optimale Leistung. Um unsere Auswahl an <a href=\"https:\/\/ak47.nu\/de\/luftvapen\/brytpipa\/\">Waffenzubeh\u00f6r<\/a> zu sehen, besuchen Sie unsere Kategorieseite. Dar\u00fcber hinaus ist das Zielfernrohr mit Stickstoff gef\u00fcllt, um ein Beschlagen zu verhindern und in allen Situationen eine klare Sicht zu gew\u00e4hrleisten. F\u00fcr weitere Informationen besuchen Sie unsere <a href=\"https:\/\/ak47.nu\/de\/\">Homepage<\/a>.<\/p>","protected":false},"excerpt":{"rendered":"<p>Norica Combo Dragon GRS Evolution Max &#8211; Luftgev\u00e4r 10 J 4.5MM \u00e4r ett kraftfullt luftgev\u00e4r med h\u00f6g precision och maximal effekt. K\u00f6p det h\u00e4r f\u00f6r en fantastisk skjutupplevelse.<\/p>","protected":false},"featured_media":17861,"template":"","meta":[],"product_brand":[],"product_cat":[424,428,375],"product_tag":[],"class_list":{"0":"post-17862","1":"product","2":"type-product","3":"status-publish","4":"has-post-thumbnail","6":"product_cat-brytpipa","7":"product_cat-gevar-brytpipa","8":"product_cat-luftvapen","9":"pa_brand-norica","11":"first","12":"outofstock","13":"sale","14":"taxable","15":"shipping-taxable","16":"purchasable","17":"product-type-simple"},"_links":{"self":[{"href":"https:\/\/ak47.nu\/de\/wp-json\/wp\/v2\/product\/17862","targetHints":{"allow":["GET"]}}],"collection":[{"href":"https:\/\/ak47.nu\/de\/wp-json\/wp\/v2\/product"}],"about":[{"href":"https:\/\/ak47.nu\/de\/wp-json\/wp\/v2\/types\/product"}],"wp:featuredmedia":[{"embeddable":true,"href":"https:\/\/ak47.nu\/de\/wp-json\/wp\/v2\/media\/17861"}],"wp:attachment":[{"href":"https:\/\/ak47.nu\/de\/wp-json\/wp\/v2\/media?parent=17862"}],"wp:term":[{"taxonomy":"product_brand","embeddable":true,"href":"https:\/\/ak47.nu\/de\/wp-json\/wp\/v2\/product_brand?post=17862"},{"taxonomy":"product_cat","embeddable":true,"href":"https:\/\/ak47.nu\/de\/wp-json\/wp\/v2\/product_cat?post=17862"},{"taxonomy":"product_tag","embeddable":true,"href":"https:\/\/ak47.nu\/de\/wp-json\/wp\/v2\/product_tag?post=17862"}],"curies":[{"name":"wp","href":"https:\/\/api.w.org\/{rel}","templated":true}]}}