{"id":17908,"date":"2022-05-05T14:51:29","date_gmt":"2022-05-05T12:51:29","guid":{"rendered":"https:\/\/ak47.nu\/produkt\/norica-phantom-grs-luftgevar-10-j-5-5mm\/"},"modified":"2025-08-21T11:21:40","modified_gmt":"2025-08-21T09:21:40","slug":"norica-phantom-grs-luftgewehr-5-5mm","status":"publish","type":"product","link":"https:\/\/ak47.nu\/de\/produkt\/luftvapen\/brytpipa\/gevar-brytpipa\/norica-phantom-grs-luftgewehr-5-5mm\/","title":{"rendered":"Norica Phantom GRS Luftgewehr 5.5MM | 10J"},"content":{"rendered":"<h1>Norica Phantom GRS - Luftgewehr - 10 J - 5.5MM<\/h1>\n<h2>Leises und leistungsstarkes Luftgewehr mit GRS-Technologie<\/h2>\n<p>Das Norica Phantom GRS kombiniert die Kraft und Qualit\u00e4t der Norica GRS-Technologie mit einem SilentShot Schalld\u00e4mpfer f\u00fcr leise Schie\u00dfsessions. Dieses Modell ist ideal f\u00fcr Sch\u00fctzen, die sowohl Pr\u00e4zision als auch Diskretion sch\u00e4tzen. Mit seinem Allwetter-Synthetikschaft in Camouflage und dem praktischen Stauraum im Pistolengriff ist das Phantom GRS sowohl funktional als auch stilvoll. Die ventilierte R\u00fccksto\u00dfplatte tr\u00e4gt zu erh\u00f6htem Komfort und einem besseren Schie\u00dferlebnis bei. Entdecken Sie unser Angebot an <a href=\"https:\/\/ak47.nu\/de\/butik\/\">anderen Luftgewehren<\/a>, um das f\u00fcr Sie passende zu finden.<\/p>\n\n<h3>Verbessertes Design und Pr\u00e4zision<\/h3>\n<p>Der verbesserte Solid Steel Breech Pro reduziert den Spannaufwand erheblich, was das Nachladen des Gewehrs erleichtert. Das verstellbare mikrometrische Visier und das durch eine Stahlhaube gesch\u00fctzte Korn sind beide mit ultraheller Faseroptik ausgestattet, um auch bei schlechten Lichtverh\u00e4ltnissen eine optimale Sicht zu gew\u00e4hrleisten. Dies erleichtert das Treffen des Ziels und verbessert Ihre Pr\u00e4zision.  Entdecken Sie unser Sortiment an  <a href=\"https:\/\/ak47.nu\/de\/luftvapen\/brytpipa\/\">Luftgewehrzubeh\u00f6r<\/a>, um Ihr Schie\u00dferlebnis zu optimieren.<\/p>\n\n<h3>Spezifikationen, die den Unterschied machen<\/h3>\n<ul>\n <li>Anti-Schock- und beidh\u00e4ndiger Faserkolben<\/li>\n <li>Stauraum im Griff<\/li>\n <li>Bel\u00fcftete Gummi-R\u00fccksto\u00dfplatte<\/li>\n <li>Ger\u00e4ndeltes Muster auf Pistolengriff und vorderem Griff<\/li>\n <li>Automatische Sicherheit<\/li>\n <li>Fiberoptische mikrometrische offene Visierung<\/li>\n <li>Durch Stahlhaube gesch\u00fctztes Korn<\/li>\n <li>Reduzierter Spannaufwand<\/li>\n <li>Schalld\u00e4mpfer<\/li>\n <li>11 mm. Schwalbenschwanzschiene<\/li>\n<\/ul>\n\n<h3>Technische Daten<\/h3>\n<ul>\n <li>Referenz: 111.15.473<\/li>\n <li>Kaliber (mm (Zoll)): 5,5 (.22)<\/li>\n <li>Gewicht (Kg): 3<\/li>\n <li>Laufl\u00e4nge (mm): 354<\/li>\n <li>Gesamtl\u00e4nge (mm): 1.170<\/li>\n <li>Geschwindigkeit (m\/s): 153<\/li>\n <li>Leistung (J): 10<\/li>\n<\/ul>\n\n<p>Das Norica Phantom GRS ist eine ausgezeichnete Wahl f\u00fcr Sch\u00fctzen, die ein leises, leistungsstarkes und zuverl\u00e4ssiges Luftgewehr suchen. Mit seiner GRS-Technologie und dem SilentShot-Schalld\u00e4mpfer erhalten Sie ein optimales Schie\u00dferlebnis. Besuchen Sie <a href=\"https:\/\/ak47.nu\/de\/\">unsere Website<\/a> f\u00fcr weitere Produkte und Angebote.<\/p>","protected":false},"excerpt":{"rendered":"<p>Norica Phantom GRS &#8211; Luftgewehr &#8211; 10 J &#8211; 5.5MM Leises und leistungsstarkes Luftgewehr mit GRS-Technologie Das Norica Phantom GRS kombiniert die Kraft und Qualit\u00e4t der Norica GRS-Technologie mit einem SilentShot Schalld\u00e4mpfer f\u00fcr leise Schie\u00dfsessions. Dieses Modell ist ideal f\u00fcr Sch\u00fctzen, die sowohl Pr\u00e4zision als auch Diskretion sch\u00e4tzen. Mit seinem Allwetter-Synthetikschaft in Camouflage und dem [&#8230;]","protected":false},"featured_media":17898,"template":"","meta":[],"product_brand":[],"product_cat":[424,428,375],"product_tag":[],"class_list":{"0":"post-17908","1":"product","2":"type-product","3":"status-publish","4":"has-post-thumbnail","6":"product_cat-brytpipa","7":"product_cat-gevar-brytpipa","8":"product_cat-luftvapen","9":"pa_brand-norica","11":"first","12":"instock","13":"sale","14":"taxable","15":"shipping-taxable","16":"purchasable","17":"product-type-simple"},"_links":{"self":[{"href":"https:\/\/ak47.nu\/de\/wp-json\/wp\/v2\/product\/17908","targetHints":{"allow":["GET"]}}],"collection":[{"href":"https:\/\/ak47.nu\/de\/wp-json\/wp\/v2\/product"}],"about":[{"href":"https:\/\/ak47.nu\/de\/wp-json\/wp\/v2\/types\/product"}],"wp:featuredmedia":[{"embeddable":true,"href":"https:\/\/ak47.nu\/de\/wp-json\/wp\/v2\/media\/17898"}],"wp:attachment":[{"href":"https:\/\/ak47.nu\/de\/wp-json\/wp\/v2\/media?parent=17908"}],"wp:term":[{"taxonomy":"product_brand","embeddable":true,"href":"https:\/\/ak47.nu\/de\/wp-json\/wp\/v2\/product_brand?post=17908"},{"taxonomy":"product_cat","embeddable":true,"href":"https:\/\/ak47.nu\/de\/wp-json\/wp\/v2\/product_cat?post=17908"},{"taxonomy":"product_tag","embeddable":true,"href":"https:\/\/ak47.nu\/de\/wp-json\/wp\/v2\/product_tag?post=17908"}],"curies":[{"name":"wp","href":"https:\/\/api.w.org\/{rel}","templated":true}]}}