{"id":17933,"date":"2022-05-05T14:51:41","date_gmt":"2022-05-05T12:51:41","guid":{"rendered":"https:\/\/ak47.nu\/produkt\/norica-dream-hunter-luftgevar-10-j-5-5mm\/"},"modified":"2025-08-21T11:21:32","modified_gmt":"2025-08-21T09:21:32","slug":"norica-dream-hunter-luftgewehr-5-5mm","status":"publish","type":"product","link":"https:\/\/ak47.nu\/de\/produkt\/luftvapen\/brytpipa\/gevar-brytpipa\/norica-dream-hunter-luftgewehr-5-5mm\/","title":{"rendered":"Norica Dream Hunter Luftgewehr - 5,5 mm - 10 J"},"content":{"rendered":"<h1>Norica Dream Hunter Luftgewehr<\/h1>\n<h2>Feststehender Lauf f\u00fcr erh\u00f6hte Pr\u00e4zision<\/h2>\n<p>Das Norica Dream Hunter ist ein Luftgewehr mit feststehendem Lauf und Unterhebelspanner, was langfristige Zuverl\u00e4ssigkeit und Genauigkeit gew\u00e4hrleistet. Diese Konstruktion eliminiert jegliches Spiel oder Fehlstellungen und garantiert Norica-Qualit\u00e4t bei jedem Schuss. Dieses Luftgewehr ist perfekt f\u00fcr Sch\u00fctzen, die eine zuverl\u00e4ssige Waffe f\u00fcr das Zielschie\u00dfen suchen.<\/p>\n\n<h3>Technische Daten:<\/h3>\n<ul>\n    <li>Referenz: 111.13.604<\/li>\n    <li>Kaliber: 5,5 mm (.22)<\/li>\n    <li>Gewicht: 3,2 kg<\/li>\n    <li>Laufl\u00e4nge: 454 mm<\/li>\n    <li>Gesamtl\u00e4nge: 1.160 mm<\/li>\n    <li>Geschwindigkeit: 153 m\/s<\/li>\n    <li>Leistung: 10 J<\/li>\n<\/ul>\n\n<p>Dank seines feststehenden Laufs bietet das Norica Dream Hunter ein konsistentes und wiederholbares Schie\u00dferlebnis. Seine robuste Konstruktion und die hochwertigen Materialien sorgen daf\u00fcr, dass das Luftgewehr seine Pr\u00e4zision auch nach l\u00e4ngerem Gebrauch beibeh\u00e4lt. Es ist ideal f\u00fcr Anf\u00e4nger und erfahrene Sch\u00fctzen, die Wert auf Zuverl\u00e4ssigkeit und Genauigkeit legen.<\/p>\n\n<p>Entdecken Sie unsere Auswahl an <a href=\"https:\/\/ak47.nu\/de\/butik\/\">Norica Luftgewehren<\/a> und finden Sie das perfekte Modell f\u00fcr Ihre Bed\u00fcrfnisse. Erkunden Sie auch unsere Auswahl an <a href=\"https:\/\/ak47.nu\/de\/luftvapen\/brytpipa\/\">Luftgewehren<\/a>, um alle verf\u00fcgbaren Optionen zu sehen. Besuchen Sie unsere <a href=\"https:\/\/ak47.nu\/de\/\">Homepage<\/a> f\u00fcr weitere Informationen und Angebote.<\/p>","protected":false},"excerpt":{"rendered":"<p>K\u00f6p Norica Dream Hunter luftgev\u00e4r med 10 J effekt och 5.5MM kaliber. Jaktutrustning av h\u00f6g kvalitet f\u00f6r dr\u00f6mj\u00e4gare.<\/p>","protected":false},"featured_media":17913,"template":"","meta":[],"product_brand":[],"product_cat":[424,428,375],"product_tag":[],"class_list":{"0":"post-17933","1":"product","2":"type-product","3":"status-publish","4":"has-post-thumbnail","6":"product_cat-brytpipa","7":"product_cat-gevar-brytpipa","8":"product_cat-luftvapen","9":"pa_brand-norica","11":"first","12":"instock","13":"sale","14":"taxable","15":"shipping-taxable","16":"purchasable","17":"product-type-simple"},"_links":{"self":[{"href":"https:\/\/ak47.nu\/de\/wp-json\/wp\/v2\/product\/17933","targetHints":{"allow":["GET"]}}],"collection":[{"href":"https:\/\/ak47.nu\/de\/wp-json\/wp\/v2\/product"}],"about":[{"href":"https:\/\/ak47.nu\/de\/wp-json\/wp\/v2\/types\/product"}],"wp:featuredmedia":[{"embeddable":true,"href":"https:\/\/ak47.nu\/de\/wp-json\/wp\/v2\/media\/17913"}],"wp:attachment":[{"href":"https:\/\/ak47.nu\/de\/wp-json\/wp\/v2\/media?parent=17933"}],"wp:term":[{"taxonomy":"product_brand","embeddable":true,"href":"https:\/\/ak47.nu\/de\/wp-json\/wp\/v2\/product_brand?post=17933"},{"taxonomy":"product_cat","embeddable":true,"href":"https:\/\/ak47.nu\/de\/wp-json\/wp\/v2\/product_cat?post=17933"},{"taxonomy":"product_tag","embeddable":true,"href":"https:\/\/ak47.nu\/de\/wp-json\/wp\/v2\/product_tag?post=17933"}],"curies":[{"name":"wp","href":"https:\/\/api.w.org\/{rel}","templated":true}]}}