{"id":17937,"date":"2022-05-05T14:51:42","date_gmt":"2022-05-05T12:51:42","guid":{"rendered":"https:\/\/ak47.nu\/produkt\/norica-storm-elite-combo-luftgevar-10-j-4-5mm\/"},"modified":"2025-12-03T20:31:49","modified_gmt":"2025-12-03T19:31:49","slug":"norica-storm-elite-combo-luftgewehr-4-5mm","status":"publish","type":"product","link":"https:\/\/ak47.nu\/de\/produkt\/luftvapen\/brytpipa\/gevar-brytpipa\/norica-storm-elite-combo-luftgewehr-4-5mm\/","title":{"rendered":"Norica Storm Elite COMBO Luftgewehr 4.5mm | 10J"},"content":{"rendered":"<h1>Norica Storm Elite COMBO - Luftgewehr mit Zielfernrohr und Zweibein<\/h1>\n<h2>Stylisches und leises Luftgewehr mit Elite Schalld\u00e4mpfer<\/h2>\n<p>Genie\u00dfen Sie Noricas herausragendes Storm Elite COMBO, jetzt ausgestattet mit dem Elite Schalld\u00e4mpfer der neuesten Generation f\u00fcr leiseres Schie\u00dfen. Dieses Luftgewehr verf\u00fcgt au\u00dferdem \u00fcber einen NATS-Abzug mit Metallklinge und ein spezielles 4x32-Zielfernrohr mit Ringen, das f\u00fcr Luftgewehre angepasst ist. Das Zielfernrohr und das mitgelieferte Zweibein bieten Ihnen ein komplettes Paket f\u00fcr Pr\u00e4zisionsschie\u00dfen. Sehen Sie sich unser Angebot an <a href=\"https:\/\/ak47.nu\/de\/butik\/\">anderen Norica Luftgewehren<\/a> an, um das f\u00fcr Sie passende zu finden. F\u00fcr weitere Informationen zu unseren Produkten besuchen Sie unsere <a href=\"https:\/\/ak47.nu\/de\/\">Homepage<\/a>.<\/p>\n<h3>Spezifikationen und Funktionen<\/h3>\n<ul>\n<li><b>Schaft aus ged\u00e4mpftem Buchenholz:<\/b> Sorgt f\u00fcr ein klassisches Aussehen und Gef\u00fchl.<\/li>\n<li><b>Bel\u00fcftete Gummischaftkappe:<\/b> Reduziert den R\u00fccksto\u00df f\u00fcr erh\u00f6hten Komfort und Pr\u00e4zision.<\/li>\n<li><b>Geriffeltes Griffmuster:<\/b> Am Pistolengriff und Vorderschaft f\u00fcr einen sicheren Halt.<\/li>\n<li><b>Automatische Sicherung:<\/b> Verhindert versehentliches Abfeuern.<\/li>\n<li><b>Einstellbarer Abzug:<\/b> Voll einstellbarer Abzug mit versilberter Metallklinge f\u00fcr bestes Gef\u00fchl.<\/li>\n<li><b>Elite Schalld\u00e4mpfer:<\/b> Hergestellt aus eloxiertem Aluminium f\u00fcr maximale Schalld\u00e4mpfung.<\/li>\n<li><b>11 mm Schwalbenschwanzschiene:<\/b> F\u00fcr einfache Montage von Zielfernrohren.<\/li>\n<\/ul>\n<h3>Technische Daten<\/h3>\n<ul>\n<li><b>Referenz:<\/b> 111.11.507<\/li>\n<li><b>Kaliber:<\/b> 4,5 mm (.177)<\/li>\n<li><b>Gewicht:<\/b> 3,2 kg<\/li>\n<li><b>Laufl\u00e4nge:<\/b> 354 mm<\/li>\n<li><b>Gesamtl\u00e4nge:<\/b> 1.190 mm<\/li>\n<li><b>Geschwindigkeit:<\/b> 200 m\/s<\/li>\n<li><b>Leistung:<\/b> 10 J<\/li>\n<\/ul>\n<h3>Details zum Zielfernrohr<\/h3>\n<ul>\n<li>Vollst\u00e4ndig behandelte Optik<\/li>\n<li>Sto\u00dffest<\/li>\n<li>Wasserdicht<\/li>\n<li>Beschlagfrei<\/li>\n<li>Stickstoffgef\u00fcllt<\/li>\n<\/ul>\n\n<p>Entdecken Sie die Pr\u00e4zision und Stille mit dem Norica Storm Elite COMBO. Dieses Luftgewehr bietet eine Kombination aus Stil und Leistung. F\u00fcr weitere \u00e4hnliche Produkte besuchen Sie unsere <a href=\"https:\/\/ak47.nu\/de\/luftvapen\/brytpipa\/\">Luftgewehr-Kategorie<\/a>.<\/p>","protected":false},"excerpt":{"rendered":"<p>K\u00f6p Norica Storm Elite COMBO 10 J 4.5MM Luftgev\u00e4r &#8211; B\u00e4sta priser hos oss! Med en kraftfull prestanda och h\u00f6g precision \u00e4r Norica Storm Elite COMBO det perfekta luftgev\u00e4ret f\u00f6r j\u00e4gare och skyttar. Uppt\u00e4ck v\u00e5rt breda utbud och best\u00e4ll ditt luftgev\u00e4r idag f\u00f6r en fantastisk skjutupplevelse.<\/p>","protected":false},"featured_media":17935,"template":"","meta":[],"product_brand":[],"product_cat":[428],"product_tag":[],"class_list":{"0":"post-17937","1":"product","2":"type-product","3":"status-publish","4":"has-post-thumbnail","6":"product_cat-gevar-brytpipa","7":"pa_brand-norica","9":"first","10":"instock","11":"sale","12":"taxable","13":"shipping-taxable","14":"purchasable","15":"product-type-simple"},"_links":{"self":[{"href":"https:\/\/ak47.nu\/de\/wp-json\/wp\/v2\/product\/17937","targetHints":{"allow":["GET"]}}],"collection":[{"href":"https:\/\/ak47.nu\/de\/wp-json\/wp\/v2\/product"}],"about":[{"href":"https:\/\/ak47.nu\/de\/wp-json\/wp\/v2\/types\/product"}],"wp:featuredmedia":[{"embeddable":true,"href":"https:\/\/ak47.nu\/de\/wp-json\/wp\/v2\/media\/17935"}],"wp:attachment":[{"href":"https:\/\/ak47.nu\/de\/wp-json\/wp\/v2\/media?parent=17937"}],"wp:term":[{"taxonomy":"product_brand","embeddable":true,"href":"https:\/\/ak47.nu\/de\/wp-json\/wp\/v2\/product_brand?post=17937"},{"taxonomy":"product_cat","embeddable":true,"href":"https:\/\/ak47.nu\/de\/wp-json\/wp\/v2\/product_cat?post=17937"},{"taxonomy":"product_tag","embeddable":true,"href":"https:\/\/ak47.nu\/de\/wp-json\/wp\/v2\/product_tag?post=17937"}],"curies":[{"name":"wp","href":"https:\/\/api.w.org\/{rel}","templated":true}]}}