{"id":17947,"date":"2022-05-05T14:51:47","date_gmt":"2022-05-05T12:51:47","guid":{"rendered":"https:\/\/ak47.nu\/produkt\/norica-hawk-grs-luftgevar-10-j-4-5mm\/"},"modified":"2025-08-21T11:21:20","modified_gmt":"2025-08-21T09:21:20","slug":"norica-hawk-grs-luftgewehr-10-j-4-5mm","status":"publish","type":"product","link":"https:\/\/ak47.nu\/de\/produkt\/luftvapen\/brytpipa\/gevar-brytpipa\/norica-hawk-grs-luftgewehr-10-j-4-5mm\/","title":{"rendered":"Norica Hawk GRS Luftgewehr 10 J 4.5MM"},"content":{"rendered":"<h1>Norica Hawk GRS - Luftgewehr - 10 J - 4.5MM<\/h1>\n<h2>Kraftvolles und stabiles Luftgewehr mit GRS-System<\/h2>\n<p>Das Norica Hawk GRS ist eines der besten Luftgewehre von Norica, jetzt mit einem Schaft aus laminiertem Buchenholz erh\u00e4ltlich. Dieses Gewehr kombiniert Kraft und Pr\u00e4zision mit innovativen Systemen f\u00fcr ein optimales Schie\u00dferlebnis. Perfekt f\u00fcr Sch\u00fctzen, die Stabilit\u00e4t und Kontrolle suchen.<\/p>\n<h3>Spezifikationen und Vorteile<\/h3>\n<ul>\n <li><strong>GRS (Gas Ram System):<\/strong> Sorgt f\u00fcr einen kraftvollen und stabilen Schuss.<\/li>\n <li><strong>RAS (Recoil Absorption System):<\/strong> Verbessert die Stabilit\u00e4t zus\u00e4tzlich durch Reduzierung des R\u00fccksto\u00dfes.<\/li>\n <li><strong>NATS-Abzug:<\/strong> Erm\u00f6glicht dem Sch\u00fctzen die totale Kontrolle \u00fcber die Schussabgabe.<\/li>\n <li><strong>Schaft aus ged\u00e4mpfter Buche:<\/strong> Bietet einen soliden und komfortablen Griff.<\/li>\n <li><strong>Ventilierte Gummischaftkappe:<\/strong> Absorbiert den R\u00fccksto\u00df und erh\u00f6ht den Komfort.<\/li>\n <li><strong>Reduzierter Spannaufwand:<\/strong> Weniger Kraftaufwand zum Spannen des Gewehrs erforderlich.<\/li>\n <li><strong>11-mm-Dovetail-Schiene:<\/strong> Erm\u00f6glicht die einfache Montage von Zielfernrohren und anderem Zubeh\u00f6r.<\/li>\n <li><strong>Durch Stahlhaube gesch\u00fctztes Korn:<\/strong> Erh\u00f6ht die Haltbarkeit und sch\u00fctzt das Korn.<\/li>\n<\/ul>\n<h3>Technische Daten<\/h3>\n<ul>\n <li>Referenz: 111.23.003<\/li>\n <li>Kaliber: 4,5 mm (.177)<\/li>\n <li>Gewicht: 3,2 kg<\/li>\n <li>Laufl\u00e4nge: 484 mm<\/li>\n <li>Gesamtl\u00e4nge: 1.170 mm<\/li>\n <li>Geschwindigkeit: 200 m\/s<\/li>\n <li>Leistung: 10 J<\/li>\n<\/ul>\n<p>Erleben Sie die Pr\u00e4zision und Kraft des Norica Hawk GRS. Mit seinen fortschrittlichen Systemen und der hochwertigen Konstruktion heben Sie Ihr Schie\u00dferlebnis auf die n\u00e4chste Stufe. Erhalten Sie die totale Kontrolle \u00fcber Ihren Schuss mit dem NATS-Abzug und genie\u00dfen Sie die Stabilit\u00e4t, die die GRS- und RAS-Systeme bieten.  Schauen Sie sich unser Angebot an <a href=\"https:\/\/ak47.nu\/de\/butik\/\">Norica Luftgewehren<\/a> an, um das richtige Modell f\u00fcr Sie zu finden.  Entdecken Sie auch unsere <a href=\"https:\/\/ak47.nu\/de\/luftvapen\/brytpipa\/\">Luftgewehrkategorie<\/a>, um alle unsere Optionen zu sehen.  F\u00fcr weitere Informationen zu unseren Produkten besuchen Sie unsere <a href=\"https:\/\/ak47.nu\/de\/\">Webseite<\/a>.<\/p>","protected":false},"excerpt":{"rendered":"<p>K\u00f6p Norica Hawk GRS luftgev\u00e4r med 10 J styrka och 4.5MM kaliber. Perfekt f\u00f6r jakt och precisionsskytte. Best\u00e4ll nu och f\u00e5 snabb leverans!<\/p>","protected":false},"featured_media":17941,"template":"","meta":[],"product_brand":[],"product_cat":[424,428,375],"product_tag":[],"class_list":{"0":"post-17947","1":"product","2":"type-product","3":"status-publish","4":"has-post-thumbnail","6":"product_cat-brytpipa","7":"product_cat-gevar-brytpipa","8":"product_cat-luftvapen","9":"pa_brand-norica","11":"first","12":"instock","13":"sale","14":"taxable","15":"shipping-taxable","16":"purchasable","17":"product-type-simple"},"_links":{"self":[{"href":"https:\/\/ak47.nu\/de\/wp-json\/wp\/v2\/product\/17947","targetHints":{"allow":["GET"]}}],"collection":[{"href":"https:\/\/ak47.nu\/de\/wp-json\/wp\/v2\/product"}],"about":[{"href":"https:\/\/ak47.nu\/de\/wp-json\/wp\/v2\/types\/product"}],"wp:featuredmedia":[{"embeddable":true,"href":"https:\/\/ak47.nu\/de\/wp-json\/wp\/v2\/media\/17941"}],"wp:attachment":[{"href":"https:\/\/ak47.nu\/de\/wp-json\/wp\/v2\/media?parent=17947"}],"wp:term":[{"taxonomy":"product_brand","embeddable":true,"href":"https:\/\/ak47.nu\/de\/wp-json\/wp\/v2\/product_brand?post=17947"},{"taxonomy":"product_cat","embeddable":true,"href":"https:\/\/ak47.nu\/de\/wp-json\/wp\/v2\/product_cat?post=17947"},{"taxonomy":"product_tag","embeddable":true,"href":"https:\/\/ak47.nu\/de\/wp-json\/wp\/v2\/product_tag?post=17947"}],"curies":[{"name":"wp","href":"https:\/\/api.w.org\/{rel}","templated":true}]}}