{"id":17960,"date":"2022-05-05T14:51:53","date_gmt":"2022-05-05T12:51:53","guid":{"rendered":"https:\/\/ak47.nu\/produkt\/norica-marvic-2-0-luftgevar-10-j-5-5mm\/"},"modified":"2025-08-21T11:21:17","modified_gmt":"2025-08-21T09:21:17","slug":"norica-marvic-2-0-luftgewehr-5-5mm","status":"publish","type":"product","link":"https:\/\/ak47.nu\/de\/produkt\/luftvapen\/brytpipa\/gevar-brytpipa\/norica-marvic-2-0-luftgewehr-5-5mm\/","title":{"rendered":"Norica Marvic 2.0 Luftgewehr 5.5mm - Top Qualit\u00e4t"},"content":{"rendered":"<h1>Norica Marvic 2.0 Luftgewehr<\/h1>\n<h2>Vielseitiges und stabiles Luftgewehr<\/h2>\n<p>Das Norica Marvic 2.0 ist eines unserer besten Luftgewehre, ideal f\u00fcr alle, die Qualit\u00e4t und Pr\u00e4zision suchen. Der hochwertige Buchenholzschaft sorgt f\u00fcr eine vielseitige, man\u00f6vrierf\u00e4hige und stabile Nutzung. Dies macht das Gewehr ideal f\u00fcr Anf\u00e4nger und erfahrene Sch\u00fctzen. Entdecken Sie die Vorteile eines ausgewogenen Luftgewehrs, das zuverl\u00e4ssige Leistung liefert.<\/p>\n<h3>Verstellbarer Abzug f\u00fcr erh\u00f6hte Pr\u00e4zision<\/h3>\n<p>Mit dem verstellbaren Abzug k\u00f6nnen Sie die Einstellungen an Ihren Schie\u00dfstil anpassen, was zu erh\u00f6hter Pr\u00e4zision und besserer Genauigkeit f\u00fchrt. Diese Funktion erm\u00f6glicht es Ihnen, das Gewehr an Ihre pers\u00f6nlichen Vorlieben anzupassen und Ihr Schie\u00dfen zu optimieren.<\/p>\n<h3>Spezifikationen und Funktionen<\/h3>\n<ul>\n <li>Hochwertiger Buchenholzschaft<\/li>\n <li>Bel\u00fcftete Gummischaftkappe f\u00fcr erh\u00f6hten Komfort<\/li>\n <li>Ger\u00e4ndeltes Muster am Pistolengriff und Vorderschaft f\u00fcr sicheren Halt<\/li>\n <li>Automatische Sicherung f\u00fcr sicheren Gebrauch<\/li>\n <li>Fiberoptisches kompaktes Visier hinten<\/li>\n <li>Verstellbarer Abzug<\/li>\n<\/ul>\n<h3>Technische Daten<\/h3>\n<ul>\n <li>Referenz: 111.20.108<\/li>\n <li>Kaliber: 5,5 mm (.22)<\/li>\n <li>Gewicht: 3,2 kg<\/li>\n <li>Laufl\u00e4nge: 484 mm<\/li>\n <li>Gesamtl\u00e4nge: 1.180 mm<\/li>\n <li>Geschwindigkeit: 153 m\/s<\/li>\n <li>Leistung: 10 J<\/li>\n<\/ul>\n<p>Erleben Sie den Unterschied mit dem Norica Marvic 2.0. <a href=\"https:\/\/ak47.nu\/de\/butik\/\">Sehen Sie sich unsere anderen Luftgewehre an<\/a>, um Modelle zu vergleichen und das f\u00fcr Sie passende zu finden. Besuchen Sie unsere <a href=\"https:\/\/ak47.nu\/de\/luftvapen\/brytpipa\/\">Luftgewehr-Kategorie<\/a>, um unser gesamtes Sortiment zu sehen. F\u00fcr weitere Informationen \u00fcber Norica und unsere Produkte besuchen Sie unsere <a href=\"https:\/\/ak47.nu\/de\/\">Website<\/a>.<\/p>","protected":false},"excerpt":{"rendered":"<p>Norica &#8211; Marvic 2.0 &#8211; Luftgev\u00e4r &#8211; 10 J &#8211; 5.5MM \u00e4r en h\u00f6gkvalitativ luftgev\u00e4r fr\u00e5n Norica med en kraft p\u00e5 10 J och kaliber 5.5MM. Uppt\u00e4ck det senaste inom luftgev\u00e4r och f\u00f6rb\u00e4ttra din tr\u00e4ffs\u00e4kerhet med Marvic 2.0. K\u00f6p nu och f\u00e5 en fantastisk skytteupplevelse!<\/p>","protected":false},"featured_media":17951,"template":"","meta":[],"product_brand":[],"product_cat":[424,428,375],"product_tag":[],"class_list":{"0":"post-17960","1":"product","2":"type-product","3":"status-publish","4":"has-post-thumbnail","6":"product_cat-brytpipa","7":"product_cat-gevar-brytpipa","8":"product_cat-luftvapen","9":"pa_brand-norica","11":"first","12":"instock","13":"sale","14":"taxable","15":"shipping-taxable","16":"purchasable","17":"product-type-simple"},"_links":{"self":[{"href":"https:\/\/ak47.nu\/de\/wp-json\/wp\/v2\/product\/17960","targetHints":{"allow":["GET"]}}],"collection":[{"href":"https:\/\/ak47.nu\/de\/wp-json\/wp\/v2\/product"}],"about":[{"href":"https:\/\/ak47.nu\/de\/wp-json\/wp\/v2\/types\/product"}],"wp:featuredmedia":[{"embeddable":true,"href":"https:\/\/ak47.nu\/de\/wp-json\/wp\/v2\/media\/17951"}],"wp:attachment":[{"href":"https:\/\/ak47.nu\/de\/wp-json\/wp\/v2\/media?parent=17960"}],"wp:term":[{"taxonomy":"product_brand","embeddable":true,"href":"https:\/\/ak47.nu\/de\/wp-json\/wp\/v2\/product_brand?post=17960"},{"taxonomy":"product_cat","embeddable":true,"href":"https:\/\/ak47.nu\/de\/wp-json\/wp\/v2\/product_cat?post=17960"},{"taxonomy":"product_tag","embeddable":true,"href":"https:\/\/ak47.nu\/de\/wp-json\/wp\/v2\/product_tag?post=17960"}],"curies":[{"name":"wp","href":"https:\/\/api.w.org\/{rel}","templated":true}]}}