{"id":17963,"date":"2022-05-05T14:51:54","date_gmt":"2022-05-05T12:51:54","guid":{"rendered":"https:\/\/ak47.nu\/produkt\/norica-dragon-silent-shot-luftgevar-10-j-4-5mm\/"},"modified":"2025-08-21T11:21:13","modified_gmt":"2025-08-21T09:21:13","slug":"norica-dragon-silent-shot-luftgewehr-4-5mm","status":"publish","type":"product","link":"https:\/\/ak47.nu\/de\/produkt\/luftvapen\/brytpipa\/gevar-brytpipa\/norica-dragon-silent-shot-luftgewehr-4-5mm\/","title":{"rendered":"Norica Dragon Silent Shot Luftgewehr 4,5mm | 10 J"},"content":{"rendered":"<h1>Norica Dragon Silent Shot Luftgewehr - Leise und Leistungsstark<\/h1>\n<h2>Verbesserter Halt und Komfort mit Silent Shot<\/h2>\n<p>Das Norica Dragon Silent Shot ist eine leise und leistungsstarke Version des bekannten Dragon. Dieses Modell verf\u00fcgt \u00fcber einen Schalld\u00e4mpfer und eine neue Oberfl\u00e4chenbeschichtung auf dem beidh\u00e4ndigen Polymermaterial, was einen verbesserten Halt und erh\u00f6hten Komfort bietet. Die bew\u00e4hrte Mechanik garantiert lang anhaltende und volle Leistung.<\/p>\n<p>Dieses Modell kombiniert Pr\u00e4zision, Robustheit und leise Leistung, wodurch es ideal f\u00fcr Anf\u00e4nger und erfahrene Sch\u00fctzen ist. Erleben Sie ein leiseres Schie\u00dferlebnis ohne Kompromisse bei der Leistung.<\/p>\n<h3>Funktionen und Vorteile<\/h3>\n<ul>\n<li><strong>Anti-Schock-Fiberschaft:<\/strong> Bietet erh\u00f6hte Haltbarkeit und Komfort.<\/li>\n<li><strong>Beidh\u00e4ndiger Schaft:<\/strong> Geeignet f\u00fcr Links- und Rechtsh\u00e4nder.<\/li>\n<li><strong>Bel\u00fcftete Gummi-Schaftkappe:<\/strong> Reduziert den R\u00fccksto\u00df und erh\u00f6ht den Komfort.<\/li>\n<li><strong>Ger\u00e4ndeltes Rautenmuster:<\/strong> Verbessert den Halt am Pistolengriff und vorderen Griff.<\/li>\n<li><strong>Automatische Sicherung:<\/strong> Erh\u00f6ht die Sicherheit w\u00e4hrend des Gebrauchs.<\/li>\n<li><strong>Fiberoptik-Visierung:<\/strong> Bietet klare und deutliche Sicht, einstellbar f\u00fcr Pr\u00e4zision.<\/li>\n<li><strong>Stahlhaube:<\/strong> Sch\u00fctzt das Korn vor Besch\u00e4digungen.<\/li>\n<li><strong>Schalld\u00e4mpfer:<\/strong> Reduziert den Ger\u00e4uschpegel erheblich.<\/li>\n<li><strong>11 mm Schwalbenschwanzschiene:<\/strong> Erm\u00f6glicht die Montage verschiedener Zielfernrohre und Zubeh\u00f6rteile.<\/li>\n<\/ul>\n<h3>Technische Daten<\/h3>\n<ul>\n<li>Referenz: 111.09.610<\/li>\n<li>Kaliber: 4,5 mm (.177)<\/li>\n<li>Gewicht: 2,9 kg<\/li>\n<li>Laufl\u00e4nge: 354 mm<\/li>\n<li>Gesamtl\u00e4nge: 1.160 mm<\/li>\n<li>Geschwindigkeit: 200 m\/s<\/li>\n<li>Leistung: 10 J<\/li>\n<\/ul>\n<p>Verbessern Sie Ihr Schie\u00dferlebnis mit dem <a href=\"https:\/\/ak47.nu\/de\/butik\/\">Norica Dragon Silent Shot<\/a>. F\u00fcr weitere Informationen \u00fcber unsere Luftgewehre besuchen Sie unsere <a href=\"https:\/\/ak47.nu\/de\/luftvapen\/brytpipa\/\">Luftgewehr-Kategorie<\/a>. Entdecken Sie unser gesamtes Sortiment auf <a href=\"https:\/\/ak47.nu\/de\/\">unserer Website<\/a>.<\/p>","protected":false},"excerpt":{"rendered":"<p>K\u00f6p Norica Dragon Silent Shot luftgev\u00e4r med 10 J kraft och kaliber 4.5MM. Det perfekta valet f\u00f6r jakt och tr\u00e4ning. Handla nu f\u00f6r b\u00e4sta pris!<\/p>","protected":false},"featured_media":17953,"template":"","meta":[],"product_brand":[],"product_cat":[424,428,375],"product_tag":[],"class_list":{"0":"post-17963","1":"product","2":"type-product","3":"status-publish","4":"has-post-thumbnail","6":"product_cat-brytpipa","7":"product_cat-gevar-brytpipa","8":"product_cat-luftvapen","9":"pa_brand-norica","11":"first","12":"instock","13":"sale","14":"taxable","15":"shipping-taxable","16":"purchasable","17":"product-type-simple"},"_links":{"self":[{"href":"https:\/\/ak47.nu\/de\/wp-json\/wp\/v2\/product\/17963","targetHints":{"allow":["GET"]}}],"collection":[{"href":"https:\/\/ak47.nu\/de\/wp-json\/wp\/v2\/product"}],"about":[{"href":"https:\/\/ak47.nu\/de\/wp-json\/wp\/v2\/types\/product"}],"wp:featuredmedia":[{"embeddable":true,"href":"https:\/\/ak47.nu\/de\/wp-json\/wp\/v2\/media\/17953"}],"wp:attachment":[{"href":"https:\/\/ak47.nu\/de\/wp-json\/wp\/v2\/media?parent=17963"}],"wp:term":[{"taxonomy":"product_brand","embeddable":true,"href":"https:\/\/ak47.nu\/de\/wp-json\/wp\/v2\/product_brand?post=17963"},{"taxonomy":"product_cat","embeddable":true,"href":"https:\/\/ak47.nu\/de\/wp-json\/wp\/v2\/product_cat?post=17963"},{"taxonomy":"product_tag","embeddable":true,"href":"https:\/\/ak47.nu\/de\/wp-json\/wp\/v2\/product_tag?post=17963"}],"curies":[{"name":"wp","href":"https:\/\/api.w.org\/{rel}","templated":true}]}}