{"id":17975,"date":"2022-05-05T14:51:59","date_gmt":"2022-05-05T12:51:59","guid":{"rendered":"https:\/\/ak47.nu\/produkt\/norica-marvic-2-0-luxe-luftgevar-10-j-4-5mm\/"},"modified":"2025-08-21T11:21:10","modified_gmt":"2025-08-21T09:21:10","slug":"norica-marvic-2-0-luxe-luftgewehr-10-j-4-5mm","status":"publish","type":"product","link":"https:\/\/ak47.nu\/de\/produkt\/luftvapen\/brytpipa\/gevar-brytpipa\/norica-marvic-2-0-luxe-luftgewehr-10-j-4-5mm\/","title":{"rendered":"Norica Marvic 2.0 Luxe Luftgewehr 10 J | 4,5mm"},"content":{"rendered":"<h1>Norica Marvic 2.0 Luxe - Luftgewehr - 10 J - 4,5MM<\/h1>\n<h2>Robustes, treffsicheres und leistungsstarkes Luftgewehr<\/h2>\n<p>Das Norica Marvic 2.0 Luxe ist ein robustes, leistungsstarkes und treffsicheres Luftgewehr. Es verf\u00fcgt \u00fcber eine Hauptfeder aus deutschem Stahl, die auch auf gro\u00dfe Entfernungen eine au\u00dfergew\u00f6hnliche \"Knock-Down\"-Wirkung garantiert. Der verdampfte Buchenholzschaft sorgt f\u00fcr eine ausgezeichnete Balance, und zusammen mit dem verstellbaren NATS-2-Stufen-Abzug, der offenen Fiberoptik-Visierung, der automatischen Sicherung und der bel\u00fcfteten Schaftkappe erhalten Sie ein erstklassiges Luftgewehr. Erleben Sie die Kraft und Pr\u00e4zision des Norica Marvic 2.0 Luxe. <a href=\"https:\/\/ak47.nu\/de\/butik\/\">Sehen Sie sich unser Angebot an anderen Luftgewehren an.<\/a><\/p>\n<h3>Spezifikationen<\/h3>\n<ul>\n <li>Verdampfter, verstellbarer Buchenholzschaft<\/li>\n <li>Bel\u00fcftete Gummischaftkappe<\/li>\n <li>Automatische Sicherung<\/li>\n <li>Fiberoptik-Visier vorne und hinten<\/li>\n <li>Verstellbarer Abzug<\/li>\n<\/ul>\n<h3>Technische Daten<\/h3>\n<ul>\n <li>Referenz: 111.20.125<\/li>\n <li>Kaliber (mm (Zoll)): 4,5 (.177)<\/li>\n <li>Gewicht (kg): 3,3<\/li>\n <li>Laufl\u00e4nge (mm): 484<\/li>\n <li>Gesamtl\u00e4nge (mm): 1.180<\/li>\n <li>Geschwindigkeit (m\/s): 200<\/li>\n <li>Leistung (J): 10<\/li>\n<\/ul>\n<p>Mit seinem verstellbaren Abzug k\u00f6nnen Sie den Druck f\u00fcr erh\u00f6hte Pr\u00e4zision feinjustieren. Die bel\u00fcftete Schaftkappe reduziert den R\u00fccksto\u00df und sorgt f\u00fcr ein angenehmeres Schie\u00dferlebnis. Das Fiberoptik-Visier erleichtert die schnelle und genaue Zielausrichtung.  <a href=\"https:\/\/ak47.nu\/de\/luftvapen\/brytpipa\/\">Entdecken Sie unser Sortiment an Luftgewehren<\/a>, um das f\u00fcr Sie passende zu finden. Die automatische Sicherung tr\u00e4gt zu einer sicheren Waffenhandhabung bei. Die deutsche Stahlfeder sorgt f\u00fcr langanhaltende Kraft und Leistung und macht dieses Luftgewehr zu einem zuverl\u00e4ssigen Partner f\u00fcr viele Jahre. Verpassen Sie nicht die Chance, dieses hochwertige Luftgewehr zu besitzen. <a href=\"https:\/\/ak47.nu\/de\/\">Besuchen Sie unsere Website<\/a>, um weitere Produkte zu sehen.<\/p>","protected":false},"excerpt":{"rendered":"<p>Norica &#8211; Marvic 2.0 Luxe &#8211; Luftgev\u00e4r &#8211; 10 J &#8211; 4.5MM \u00e4r en h\u00f6gkvalitativ luftgev\u00e4r fr\u00e5n Norica. Med en kraft p\u00e5 10 J och en kaliber p\u00e5 4.5MM erbjuder detta luftgev\u00e4r en imponerande precision och skjutkraft. Uppgraderad till 2.0 Luxe-modellen, kommer detta vapen att imponera p\u00e5 b\u00e5de erfarna skyttar och nyb\u00f6rjare. K\u00f6p ditt Norica &#8211; Marvic 2.0 Luxe &#8211; Luftgev\u00e4r &#8211; 10 J &#8211; 4.5MM idag och njut av en enast\u00e5ende skjutupplevelse.<\/p>","protected":false},"featured_media":17968,"template":"","meta":[],"product_brand":[],"product_cat":[424,428,375],"product_tag":[],"class_list":{"0":"post-17975","1":"product","2":"type-product","3":"status-publish","4":"has-post-thumbnail","6":"product_cat-brytpipa","7":"product_cat-gevar-brytpipa","8":"product_cat-luftvapen","9":"pa_brand-norica","11":"first","12":"instock","13":"sale","14":"taxable","15":"shipping-taxable","16":"purchasable","17":"product-type-simple"},"_links":{"self":[{"href":"https:\/\/ak47.nu\/de\/wp-json\/wp\/v2\/product\/17975","targetHints":{"allow":["GET"]}}],"collection":[{"href":"https:\/\/ak47.nu\/de\/wp-json\/wp\/v2\/product"}],"about":[{"href":"https:\/\/ak47.nu\/de\/wp-json\/wp\/v2\/types\/product"}],"wp:featuredmedia":[{"embeddable":true,"href":"https:\/\/ak47.nu\/de\/wp-json\/wp\/v2\/media\/17968"}],"wp:attachment":[{"href":"https:\/\/ak47.nu\/de\/wp-json\/wp\/v2\/media?parent=17975"}],"wp:term":[{"taxonomy":"product_brand","embeddable":true,"href":"https:\/\/ak47.nu\/de\/wp-json\/wp\/v2\/product_brand?post=17975"},{"taxonomy":"product_cat","embeddable":true,"href":"https:\/\/ak47.nu\/de\/wp-json\/wp\/v2\/product_cat?post=17975"},{"taxonomy":"product_tag","embeddable":true,"href":"https:\/\/ak47.nu\/de\/wp-json\/wp\/v2\/product_tag?post=17975"}],"curies":[{"name":"wp","href":"https:\/\/api.w.org\/{rel}","templated":true}]}}