{"id":18082,"date":"2022-05-05T14:55:35","date_gmt":"2022-05-05T12:55:35","guid":{"rendered":"https:\/\/ak47.nu\/produkt\/artemis-cp400-45mm-airgun-co2-driven-semiauto\/"},"modified":"2025-12-03T19:47:49","modified_gmt":"2025-12-03T18:47:49","slug":"artemis-cp400-45mm-airgun-co2-driven-semiauto","status":"publish","type":"product","link":"https:\/\/ak47.nu\/de\/produkt\/luftvapen\/co2-airguns\/pistoler-co2-airguns\/artemis-cp400-45mm-airgun-co2-driven-semiauto\/","title":{"rendered":"Artemis CP400 4,5mm Airgun CO2 driven semiauto"},"content":{"rendered":"<p>Artemis CP400 4,5mm<br \/>Artemis C400 har kolsyredrivning, r\u00e4fflad pipa och ett sj\u00e4lvindexerande magasin f\u00f6r diaboler &#8211; r\u00e4tt egenskaper f\u00f6r b\u00e5de precision och snabbhet.<br \/>Du kan avfyra skotten i snabb f\u00f6ljd, double action only. Pistolens konstruktion g\u00f6r att man kan fatta ett h\u00f6gt grepp om pistolen &#8211; rakt bakom pipan.<\/p>\n<p>Egenskaper<br \/>R\u00e4fflad pipa f\u00f6r 4,5mm diaboler<br \/>8 skotts magasin<br \/>Aluminium\u00f6verdel med grepp i komposit<br \/>11 mm kilbas f\u00f6r montering av r\u00f6dpunktsikte<br \/>Picatinnybas under pipan<\/p>\n<p>Specifikationer<br \/>Vikt: 600 g<br \/>Totall\u00e4ngd: 250 mm<br \/>Drivning: CO2<br \/>Kaliber: 4,5 (.177) mm<br \/>Anslagsenergi: 3 J<br \/>Utg\u00e5ngshastighet diabol: 107 m\/s<\/p>","protected":false},"excerpt":{"rendered":"<p>Artemis CP400 4,5mmArtemis C400 har kolsyredrivning, r\u00e4fflad pipa och ett sj\u00e4lvindexerande magasin f\u00f6r diaboler &#8211; r\u00e4tt egenskaper f\u00f6r b\u00e5de precision och snabbhet.Du kan avfyra skotten i snabb f\u00f6ljd, double action only. Pistolens konstruktion g\u00f6r att man kan fatta ett h\u00f6gt grepp om pistolen &#8211; rakt bakom pipan. EgenskaperR\u00e4fflad pipa f\u00f6r 4,5mm diaboler8 skotts magasinAluminium\u00f6verdel med [&#8230;]","protected":false},"featured_media":18081,"template":"","meta":[],"product_brand":[],"product_cat":[432],"product_tag":[],"class_list":{"0":"post-18082","1":"product","2":"type-product","3":"status-publish","4":"has-post-thumbnail","6":"product_cat-pistoler-co2-airguns","7":"pa_brand-artemis","9":"first","10":"outofstock","11":"taxable","12":"shipping-taxable","13":"purchasable","14":"product-type-simple"},"_links":{"self":[{"href":"https:\/\/ak47.nu\/de\/wp-json\/wp\/v2\/product\/18082","targetHints":{"allow":["GET"]}}],"collection":[{"href":"https:\/\/ak47.nu\/de\/wp-json\/wp\/v2\/product"}],"about":[{"href":"https:\/\/ak47.nu\/de\/wp-json\/wp\/v2\/types\/product"}],"wp:featuredmedia":[{"embeddable":true,"href":"https:\/\/ak47.nu\/de\/wp-json\/wp\/v2\/media\/18081"}],"wp:attachment":[{"href":"https:\/\/ak47.nu\/de\/wp-json\/wp\/v2\/media?parent=18082"}],"wp:term":[{"taxonomy":"product_brand","embeddable":true,"href":"https:\/\/ak47.nu\/de\/wp-json\/wp\/v2\/product_brand?post=18082"},{"taxonomy":"product_cat","embeddable":true,"href":"https:\/\/ak47.nu\/de\/wp-json\/wp\/v2\/product_cat?post=18082"},{"taxonomy":"product_tag","embeddable":true,"href":"https:\/\/ak47.nu\/de\/wp-json\/wp\/v2\/product_tag?post=18082"}],"curies":[{"name":"wp","href":"https:\/\/api.w.org\/{rel}","templated":true}]}}