{"id":18146,"date":"2022-05-05T14:56:47","date_gmt":"2022-05-05T12:56:47","guid":{"rendered":"https:\/\/ak47.nu\/produkt\/daisy-winchester-m14-45mm-co2\/"},"modified":"2025-12-03T12:50:05","modified_gmt":"2025-12-03T11:50:05","slug":"daisy-winchester-m14-45mm-co2","status":"publish","type":"product","link":"https:\/\/ak47.nu\/de\/produkt\/luftvapen\/co2-airguns\/gevar-co2-airguns\/daisy-winchester-m14-45mm-co2\/","title":{"rendered":"Daisy Winchester M14 4,5mm CO2"},"content":{"rendered":"<p>Daisy Winchester M14 CO2<br \/>Winchester M14 \u00e4r ett semiautomatiskt gev\u00e4r som kan skjuta b\u00e5de st\u00e5lrundkulor och diaboler. Den drivs av 2st 12g CO2 patroner placerade doldt i magasinet d\u00e4r man \u00e4ven kan f\u00f6rvara ammunition. Magasinet laddas i vardera \u00e4nde och efter 8 skott kan man v\u00e4nda p\u00e5 det och skjuta ytterligare 8 skott.<br \/>Standardtj\u00e4nstevapnet M14 \u00e4r en modifiering av den ber\u00f6mda M1 Garand, utvecklades p\u00e5 1930-talet och anv\u00e4nds under hela andra v\u00e4rldskriget. \u00f6ver 1.3 miljoner M14 gev\u00e4r utf\u00e4rdades till den amerikanska milit\u00e4ren i b\u00f6rjan av 1960-talet till b\u00f6rjan av 1970-talet. Winchester var en av fyra vapentillverkare som tillverkade och f\u00f6rs\u00e5g den amerikanska milit\u00e4ren att leverera M14.<br \/>Daisy<br \/>En ikon sedan 1886<br \/>En amerikansk ikon som tillverkat luftvapen sedan 1886 och tillverkat \u00e5tskilliga klassiker. F\u00e5 om n\u00e5got luftvapen har uppn\u00e5tt en s\u00e5dan legendstatus som Daisys Red Ryder.<\/p>\n<p>Specifikationer<br \/>Magasinkapacitet: 16 skott<br \/>Extra magasin: Inbyggt<br \/>Kolv: Brun komposit<br \/>Piptyp: Sl\u00e4tborrad<br \/>Riktmedel: Justerbart<br \/>Kilsp\u00e5r: Nej<br \/>Kaliber: 4,5mm<br \/>Utg\u00e5ngshastighet diabol: 107 m\/s<br \/>Drivning: CO2<br \/>Konstruktion: Metall<br \/>Totall\u00e4ngd: 1124 mm<br \/>Vikt: 1996 g<br \/>Kaliber st\u00e5lrundkulor: 4,5mm<br \/>Rundkulor 4,5mm (.177)<br \/>Under kategorin kaliber 4,5mm finns \u00e4ven rundkulor sk BB:s(vars faktiska diameter \u00e4r ca 4,42mm). Dessa \u00e4r oftast tillverkade av st\u00e5l och har ett l\u00e5gt pris per skott. Vapen som anv\u00e4nder rundkulor har ofta stora magasin, skjuter fort och \u00e4r underh\u00e5llande att anv\u00e4nda. En rund kula roterar inte p\u00e5 samma s\u00e4tt som en cylindrisk diabol. D\u00e4rf\u00f6r har en diabol stabilare kulbana och generellt b\u00e4ttre precision. Var uppm\u00e4rksam mot rikoschetter hos rundkulor. Anv\u00e4nd alltid skyddsglas\u00f6gon. Alla vapen i denna katalog som laddas med rundkulor skall endast laddas med st\u00e5lrundkulor. Blykulor, t.ex. fr\u00e5n Gamo, kommer att fastna i pipan.<\/p>","protected":false},"excerpt":{"rendered":"<p>Daisy Winchester M14 CO2Winchester M14 \u00e4r ett semiautomatiskt gev\u00e4r som kan skjuta b\u00e5de st\u00e5lrundkulor och diaboler. Den drivs av 2st 12g CO2 patroner placerade doldt i magasinet d\u00e4r man \u00e4ven kan f\u00f6rvara ammunition. Magasinet laddas i vardera \u00e4nde och efter 8 skott kan man v\u00e4nda p\u00e5 det och skjuta ytterligare 8 skott.Standardtj\u00e4nstevapnet M14 \u00e4r en [&#8230;]","protected":false},"featured_media":18145,"template":"","meta":[],"product_brand":[],"product_cat":[435],"product_tag":[],"class_list":{"0":"post-18146","1":"product","2":"type-product","3":"status-publish","4":"has-post-thumbnail","6":"product_cat-gevar-co2-airguns","7":"pa_brand-no-brand","9":"first","10":"outofstock","11":"sale","12":"taxable","13":"shipping-taxable","14":"purchasable","15":"product-type-simple"},"_links":{"self":[{"href":"https:\/\/ak47.nu\/de\/wp-json\/wp\/v2\/product\/18146","targetHints":{"allow":["GET"]}}],"collection":[{"href":"https:\/\/ak47.nu\/de\/wp-json\/wp\/v2\/product"}],"about":[{"href":"https:\/\/ak47.nu\/de\/wp-json\/wp\/v2\/types\/product"}],"wp:featuredmedia":[{"embeddable":true,"href":"https:\/\/ak47.nu\/de\/wp-json\/wp\/v2\/media\/18145"}],"wp:attachment":[{"href":"https:\/\/ak47.nu\/de\/wp-json\/wp\/v2\/media?parent=18146"}],"wp:term":[{"taxonomy":"product_brand","embeddable":true,"href":"https:\/\/ak47.nu\/de\/wp-json\/wp\/v2\/product_brand?post=18146"},{"taxonomy":"product_cat","embeddable":true,"href":"https:\/\/ak47.nu\/de\/wp-json\/wp\/v2\/product_cat?post=18146"},{"taxonomy":"product_tag","embeddable":true,"href":"https:\/\/ak47.nu\/de\/wp-json\/wp\/v2\/product_tag?post=18146"}],"curies":[{"name":"wp","href":"https:\/\/api.w.org\/{rel}","templated":true}]}}