{"id":18148,"date":"2022-05-05T14:56:50","date_gmt":"2022-05-05T12:56:50","guid":{"rendered":"https:\/\/ak47.nu\/produkt\/crosman-1077-45mm-airgun-luftgevar\/"},"modified":"2025-12-03T12:50:15","modified_gmt":"2025-12-03T11:50:15","slug":"crosman-1077-4-5mm-luftgewehr","status":"publish","type":"product","link":"https:\/\/ak47.nu\/de\/produkt\/luftvapen\/co2-airguns\/gevar-co2-airguns\/crosman-1077-4-5mm-luftgewehr\/","title":{"rendered":"Crosman 1077 Luftgewehr 4,5mm | CO2-betrieben"},"content":{"rendered":"<h1>Crosman 1077 4,5mm Luftgewehr<\/h1>\n<h2>Preiswertes CO2-betriebenes Luftgewehr<\/h2>\n<p>Das Crosman 1077 ist ein erschwingliches und zuverl\u00e4ssiges Luftgewehr, das mit einer 12g CO2-Kartusche betrieben wird. Der gezogene Lauf und das 12-Schuss-Magazin erm\u00f6glichen es Ihnen, Diabolos mit hoher Pr\u00e4zision zu schie\u00dfen. Ideal f\u00fcr Anf\u00e4nger und erfahrene Sch\u00fctzen, die ein einfach zu bedienendes und unterhaltsames Luftgewehr suchen.<\/p>\n<h3>Funktionen und Vorteile<\/h3>\n<ul>\n<li><b>Gezogener Lauf:<\/b> Sorgt f\u00fcr erh\u00f6hte Pr\u00e4zision und Stabilit\u00e4t bei den Sch\u00fcssen.<\/li>\n<li><b>12-Schuss-Magazin:<\/b> Erm\u00f6glicht schnelleres Nachladen und mehr Zeit zum Schie\u00dfen.<\/li>\n<li><b>CO2-Betrieb:<\/b> Wird mit einer 12g CO2-Kartusche betrieben, die eine gleichm\u00e4\u00dfige und zuverl\u00e4ssige Energiequelle bietet.<\/li>\n<li><b>Schiene f\u00fcr Zielfernrohr:<\/b> Ausgestattet mit einer 9-11 mm Schiene zur Montage eines Zielfernrohrs, sodass Sie das Gewehr an Ihre Bed\u00fcrfnisse anpassen k\u00f6nnen.<\/li>\n<li><b>Fiber Optik Visierung:<\/b> Verbessert die Sicht bei schlechten Lichtverh\u00e4ltnissen.<\/li>\n<\/ul>\n<h3>Technische Daten<\/h3>\n<ul>\n<li>Magazinkapazit\u00e4t: 12 Schuss<\/li>\n<li>Visierung: offen \/ Fiber Optik<\/li>\n<li>M\u00fcndungsgeschwindigkeit Diabolo: 190 m\/s<\/li>\n<li>Gesamtl\u00e4nge: 940 mm<\/li>\n<li>Gewicht: 1570 g<\/li>\n<li>Kaliber: 4,5mm<\/li>\n<li>Schiene: 11 mm, Weaver<\/li>\n<li>Visierung: Einstellbar<\/li>\n<li>Lauftyp: Gezogen<\/li>\n<li>Mechanismus: Non Blowback, DA<\/li>\n<li>Antrieb: CO2 - 12g<\/li>\n<li>Kolben: Komposit<\/li>\n<li>Kaliber: .177<\/li>\n<\/ul>\n<h3>Crosman: Amerikanische Qualit\u00e4t seit 1923<\/h3>\n<p>Crosman hat eine lange und solide Geschichte in der Herstellung von Luftgewehren. Mit \u00fcber 90 Jahren Erfahrung ist Crosman eine Marke, der Sie vertrauen k\u00f6nnen. Ihre Luftgewehre sind bekannt f\u00fcr ihre Zuverl\u00e4ssigkeit, Erschwinglichkeit und Pr\u00e4zision. Crosman steht f\u00fcr 83% der gesamten Produktion auf dem US-amerikanischen Luftgewehrmarkt.<\/p>\n<p>Entdecken Sie unser Angebot an <a href=\"https:\/\/ak47.nu\/de\/butik\/\">Crosman Luftgewehren<\/a> und finden Sie das perfekte Gewehr f\u00fcr Ihre Bed\u00fcrfnisse. Besuchen Sie unsere <a href=\"https:\/\/ak47.nu\/de\/luftvapen\/co2-airguns\/\">Luftgewehr-Kategorie<\/a>, um weitere Optionen zu sehen. F\u00fcr weitere Informationen \u00fcber Crosman besuchen Sie unsere <a href=\"https:\/\/ak47.nu\/de\/\">Website<\/a>.<\/p>","protected":false},"excerpt":{"rendered":"<p>K\u00f6p CROSMAN 1077 4,5MM luftgev\u00e4r online &#8211; H\u00f6gkvalitativt och p\u00e5litligt vapen. Perfekt f\u00f6r jakt och tr\u00e4ning. Best\u00e4ll nu och f\u00e5 snabb leverans!<\/p>","protected":false},"featured_media":18147,"template":"","meta":[],"product_brand":[],"product_cat":[435],"product_tag":[],"class_list":{"0":"post-18148","1":"product","2":"type-product","3":"status-publish","4":"has-post-thumbnail","6":"product_cat-gevar-co2-airguns","7":"pa_brand-crosman","9":"first","10":"outofstock","11":"sale","12":"taxable","13":"shipping-taxable","14":"purchasable","15":"product-type-simple"},"_links":{"self":[{"href":"https:\/\/ak47.nu\/de\/wp-json\/wp\/v2\/product\/18148","targetHints":{"allow":["GET"]}}],"collection":[{"href":"https:\/\/ak47.nu\/de\/wp-json\/wp\/v2\/product"}],"about":[{"href":"https:\/\/ak47.nu\/de\/wp-json\/wp\/v2\/types\/product"}],"wp:featuredmedia":[{"embeddable":true,"href":"https:\/\/ak47.nu\/de\/wp-json\/wp\/v2\/media\/18147"}],"wp:attachment":[{"href":"https:\/\/ak47.nu\/de\/wp-json\/wp\/v2\/media?parent=18148"}],"wp:term":[{"taxonomy":"product_brand","embeddable":true,"href":"https:\/\/ak47.nu\/de\/wp-json\/wp\/v2\/product_brand?post=18148"},{"taxonomy":"product_cat","embeddable":true,"href":"https:\/\/ak47.nu\/de\/wp-json\/wp\/v2\/product_cat?post=18148"},{"taxonomy":"product_tag","embeddable":true,"href":"https:\/\/ak47.nu\/de\/wp-json\/wp\/v2\/product_tag?post=18148"}],"curies":[{"name":"wp","href":"https:\/\/api.w.org\/{rel}","templated":true}]}}