{"id":18201,"date":"2022-05-06T08:25:33","date_gmt":"2022-05-06T06:25:33","guid":{"rendered":"https:\/\/ak47.nu\/produkt\/umarex-legends-tommy-gun-auto-luftgevar-pistol-co2\/"},"modified":"2025-12-03T20:20:52","modified_gmt":"2025-12-03T19:20:52","slug":"umarex-legends-tommy-gun-auto-luftgevar-pistol-co2","status":"publish","type":"product","link":"https:\/\/ak47.nu\/de\/produkt\/luftvapen\/co2-airguns\/kulsprutor-co2-airguns\/umarex-legends-tommy-gun-auto-luftgevar-pistol-co2\/","title":{"rendered":"Umarex Legends Tommy Gun &#8211; Auto &#8211; luftgev\u00e4r\/pistol &#8211; co2"},"content":{"rendered":"<p>Plocka upp mer &auml;n historik n&auml;r du h&auml;mtar Umarex Legends M1A1 med helautomatik! Inte bara &auml;r det h&auml;r en av de coolaste historiska replikerna som g&ouml;rs, det k&auml;nns r&auml;tt, det ser r&auml;tt ut och &auml;r garanterat en publiktrevare. Denna underbara bult har ett 30-rundat magasin som rymmer (2) 12-gram CO2-patroner och &auml;r utrustat med lyftsele f&ouml;r din historiska favoritsele. Du kanske k&auml;nner igen denna historiska pistolform fr&aring;n krigshistoria och storbildssk&auml;rm (filmer). Det &auml;r s&aring; kul att skjuta, du kanske bara vill f&aring; en extra tidning eller tv&aring;.<\/p>\n<ul>\n<li>30 Round Magazine<\/li>\n<li>Drop Free High Capacity Magazine<\/li>\n<li>CO2 Housed in the Magazine<\/li>\n<li>Classic 1911 A1 Styling<\/li>\n<li>.177 Steel BB Carbine<\/li>\n<li>Full Metal Frame<\/li>\n<li>Open Bolt Style Action Blowback Action<\/li>\n<li>Powered by 2x12g CO2 capsules<\/li>\n<\/ul>\n<p>ACTION Full-Auto<br \/>KRAFTK&auml;lla CO2<br \/>KALIBER 0,177<br \/>AMMUNITION St&aring;l BB<br \/>KAPACITET 30 BB<br \/>VIKT 7,75 kg<br \/>FR&Auml;MRE SIKTER Fast<br \/>BAKSIKTER Fixade<br \/>SAMLAD L&Auml;NGD 31,75 &quot;<br \/>FATL&Auml;NGD 12 &quot;<br \/>BARREL Sl&auml;t h&aring;l<br \/>S&Auml;KERHET Manual<br \/>VELOCITY 435 fps<\/p>","protected":false},"excerpt":{"rendered":"<p>Umarex Legends Tommy Gun \u00e4r ett kraftfullt och m\u00e5ngsidigt luftgev\u00e4r\/pistol med automatisk funktion. Drivet av CO2 ger det en imponerande prestanda och precision. Uppt\u00e4ck detta popul\u00e4ra vapen f\u00f6r b\u00e5de samlare och skyttar. K\u00f6p Umarex Legends Tommy Gun idag f\u00f6r en unik och sp\u00e4nnande skjutupplevelse.<\/p>","protected":false},"featured_media":18197,"template":"","meta":[],"product_brand":[],"product_cat":[436],"product_tag":[],"class_list":{"0":"post-18201","1":"product","2":"type-product","3":"status-publish","4":"has-post-thumbnail","6":"product_cat-kulsprutor-co2-airguns","7":"pa_brand-umarex","9":"first","10":"outofstock","11":"sale","12":"taxable","13":"shipping-taxable","14":"purchasable","15":"product-type-simple"},"_links":{"self":[{"href":"https:\/\/ak47.nu\/de\/wp-json\/wp\/v2\/product\/18201","targetHints":{"allow":["GET"]}}],"collection":[{"href":"https:\/\/ak47.nu\/de\/wp-json\/wp\/v2\/product"}],"about":[{"href":"https:\/\/ak47.nu\/de\/wp-json\/wp\/v2\/types\/product"}],"wp:featuredmedia":[{"embeddable":true,"href":"https:\/\/ak47.nu\/de\/wp-json\/wp\/v2\/media\/18197"}],"wp:attachment":[{"href":"https:\/\/ak47.nu\/de\/wp-json\/wp\/v2\/media?parent=18201"}],"wp:term":[{"taxonomy":"product_brand","embeddable":true,"href":"https:\/\/ak47.nu\/de\/wp-json\/wp\/v2\/product_brand?post=18201"},{"taxonomy":"product_cat","embeddable":true,"href":"https:\/\/ak47.nu\/de\/wp-json\/wp\/v2\/product_cat?post=18201"},{"taxonomy":"product_tag","embeddable":true,"href":"https:\/\/ak47.nu\/de\/wp-json\/wp\/v2\/product_tag?post=18201"}],"curies":[{"name":"wp","href":"https:\/\/api.w.org\/{rel}","templated":true}]}}