{"id":18219,"date":"2022-05-06T08:32:40","date_gmt":"2022-05-06T06:32:40","guid":{"rendered":"https:\/\/ak47.nu\/produkt\/norica-flat-pellet-trap-14x14\/"},"modified":"2025-12-03T20:32:43","modified_gmt":"2025-12-03T19:32:43","slug":"norica-flache-kugelfangkasten-14x14","status":"publish","type":"product","link":"https:\/\/ak47.nu\/de\/produkt\/zubehor-2\/maltavlor\/norica-flache-kugelfangkasten-14x14\/","title":{"rendered":"Norica Flache Kugelfangkasten 14X14"},"content":{"rendered":"<h1>Norica Flache Kugelfangkasten 14X14<\/h1>\n<h2>Sicherer Kugelfangkasten f\u00fcr Luftgewehrschie\u00dfen<\/h2>\n<p>Der Norica Flache Kugelfangkasten 14X14 ist ein robuster und sicherer Kugelfangkasten f\u00fcr das Luftgewehrschie\u00dfen. Er wurde mit einem 24J-Luftgewehr getestet, um sicherzustellen, dass er starken Sch\u00fcssen standh\u00e4lt. Bitte beachten Sie, dass eine Zielscheibe nicht im Lieferumfang enthalten ist.<\/p>\n<h3>Hauptmerkmale:<\/h3>\n<ul>\n <li><b>Getestet mit 24J-Luftgewehr:<\/b> H\u00e4lt starken Sch\u00fcssen stand.<\/li>\n <li><b>Robuste Konstruktion:<\/b> Langlebig und sicher.<\/li>\n<\/ul>\n<p>Sorgen Sie mit diesem zuverl\u00e4ssigen Kugelfangkasten f\u00fcr ein sicheres Schie\u00dferlebnis. Erg\u00e4nzen Sie ihn mit passenden <a href=\"https:\/\/ak47.nu\/de\/butik\/\">Zielscheiben<\/a>, um sofort loslegen zu k\u00f6nnen. Weitere Informationen zur Sicherheit und zum Zubeh\u00f6r finden Sie in unserer <a href=\"https:\/\/ak47.nu\/de\/zubehor-2\/maltavlor\/\">Kategorie f\u00fcr Schie\u00dfzubeh\u00f6r<\/a>. Denken Sie daran, beim Schie\u00dfen immer die Sicherheit zu priorisieren. Besuchen Sie <a href=\"https:\/\/ak47.nu\/de\/\">unsere Website<\/a> f\u00fcr weitere Produkte und Tipps.<\/p>","protected":false},"excerpt":{"rendered":"<p>K\u00f6p Norica Flat Pellet Trap 14X14 &#8211; Effektiv och h\u00e5llbar m\u00e5lf\u00e5ngare f\u00f6r luftgev\u00e4r | Perfekt f\u00f6r tr\u00e4ning och t\u00e4vling | K\u00f6p nu och f\u00f6rb\u00e4ttra din precision och tr\u00e4ffs\u00e4kerhet.<\/p>","protected":false},"featured_media":18218,"template":"","meta":[],"product_brand":[],"product_cat":[474],"product_tag":[],"class_list":{"0":"post-18219","1":"product","2":"type-product","3":"status-publish","4":"has-post-thumbnail","6":"product_cat-maltavlor","7":"pa_brand-norica","9":"first","10":"instock","11":"sale","12":"taxable","13":"shipping-taxable","14":"purchasable","15":"product-type-simple"},"_links":{"self":[{"href":"https:\/\/ak47.nu\/de\/wp-json\/wp\/v2\/product\/18219","targetHints":{"allow":["GET"]}}],"collection":[{"href":"https:\/\/ak47.nu\/de\/wp-json\/wp\/v2\/product"}],"about":[{"href":"https:\/\/ak47.nu\/de\/wp-json\/wp\/v2\/types\/product"}],"wp:featuredmedia":[{"embeddable":true,"href":"https:\/\/ak47.nu\/de\/wp-json\/wp\/v2\/media\/18218"}],"wp:attachment":[{"href":"https:\/\/ak47.nu\/de\/wp-json\/wp\/v2\/media?parent=18219"}],"wp:term":[{"taxonomy":"product_brand","embeddable":true,"href":"https:\/\/ak47.nu\/de\/wp-json\/wp\/v2\/product_brand?post=18219"},{"taxonomy":"product_cat","embeddable":true,"href":"https:\/\/ak47.nu\/de\/wp-json\/wp\/v2\/product_cat?post=18219"},{"taxonomy":"product_tag","embeddable":true,"href":"https:\/\/ak47.nu\/de\/wp-json\/wp\/v2\/product_tag?post=18219"}],"curies":[{"name":"wp","href":"https:\/\/api.w.org\/{rel}","templated":true}]}}