{"id":18280,"date":"2022-05-06T08:36:42","date_gmt":"2022-05-06T06:36:42","guid":{"rendered":"https:\/\/ak47.nu\/produkt\/norica-3-9x42-ao-air-king-sikte\/"},"modified":"2025-08-21T11:16:19","modified_gmt":"2025-08-21T09:16:19","slug":"norica-3-9x42-ao-air-king-zielfernrohr-einstellbar","status":"publish","type":"product","link":"https:\/\/ak47.nu\/de\/produkt\/zubehor-2\/optik\/kikarsikten\/norica-3-9x42-ao-air-king-zielfernrohr-einstellbar\/","title":{"rendered":"Norica 3-9x42 AO Air King Zielfernrohr | Einstellbar"},"content":{"rendered":"<h1>Norica 3-9x42 AO Air King Zielfernrohr<\/h1>\n<h2>Erh\u00f6hte Pr\u00e4zision mit einstellbarer Parallaxe und robuster Bauweise<\/h2>\n<p>Das Norica 3-9x42 AO Air King Zielfernrohr wurde entwickelt, um erh\u00f6hte Pr\u00e4zision und Haltbarkeit zu bieten. Das einstellbare Absehen und der Fokus, kombiniert mit einer einteiligen Montage, gew\u00e4hrleisten bessere Stabilit\u00e4t und Genauigkeit. Ideal f\u00fcr Sch\u00fctzen, die das Beste verlangen, bietet dieses Zielfernrohr vollverg\u00fctete Optiken f\u00fcr klare und helle Bilder.<\/p>\n<h3>Einstellbare Parallaxe und Fokus<\/h3>\n<p>Mit einstellbarer Parallaxe und Fokus k\u00f6nnen Sie das Zielfernrohr feinabstimmen, um optimale Sch\u00e4rfe auf verschiedenen Entfernungen zu erzielen. Dies ist besonders n\u00fctzlich bei wechselnden Schie\u00dfbedingungen, bei denen schnelle Anpassungen entscheidend sein k\u00f6nnen. Ebenfalls enthalten ist eine 3\/8\"-Einteilmontage mit R\u00fccksto\u00dfstoppschraube f\u00fcr eine stabile Installation.<\/p>\n<ul>\n <li><strong>Vollverg\u00fctete Optik:<\/strong> Verbessert die Lichtdurchl\u00e4ssigkeit und Bildqualit\u00e4t auch bei schwachem Licht.<\/li>\n <li><strong>Sto\u00dffest:<\/strong> Entwickelt, um dem R\u00fccksto\u00df von Luftgewehren und anderen Schusswaffen standzuhalten.<\/li>\n <li><strong>Wasserdicht:<\/strong> Sch\u00fctzt vor Feuchtigkeit und Regen und gew\u00e4hrleistet eine zuverl\u00e4ssige Leistung bei allen Wetterbedingungen.<\/li>\n <li><strong>Beschlagfrei:<\/strong> Verhindert das Beschlagen der Linsen und sorgt auch bei feuchten Bedingungen f\u00fcr klare Sicht.<\/li>\n <li><strong>Stickstoffgef\u00fcllt:<\/strong> Eliminiert interne Feuchtigkeit und verhindert Korrosion.<\/li>\n<\/ul>\n\n<p>Dieses Zielfernrohr ist stickstoffgef\u00fcllt, wodurch interne Feuchtigkeit eliminiert und Korrosion verhindert wird, was die Lebensdauer verl\u00e4ngert und die Leistung im Laufe der Zeit aufrechterh\u00e4lt. Verbessern Sie Ihr Schie\u00dferlebnis mit dem Norica Air King. Entdecken Sie weitere <a href=\"https:\/\/ak47.nu\/de\/butik\/\">Norica Zielfernrohre<\/a> in unserem Sortiment. Um das gesamte Angebot unserer <a href=\"https:\/\/ak47.nu\/de\/zubehor-2\/optik\/kikarsikten\/\">Luftgewehr-Zielfernrohre<\/a> zu sehen, besuchen Sie unsere Kategorieseite oder gehen Sie zur\u00fcck zu <a href=\"https:\/\/ak47.nu\/de\/\">unserer Homepage<\/a>.<\/p>","protected":false},"excerpt":{"rendered":"<p>Norica &#8211; 3-9&#215;42 AO Air King sikte f\u00f6rb\u00e4ttrar tr\u00e4ffs\u00e4kerheten och precisionen f\u00f6r ditt skytte. Med justerbar f\u00f6rstoring och parallaxjustering ger detta sikte optimal synlighet och sk\u00e4rpa p\u00e5 avst\u00e5nd upp till 42x. Upplev \u00f6verl\u00e4gsen kvalitet och prestanda med Norica &#8211; 3-9&#215;42 AO Air King sikte. K\u00f6p nu f\u00f6r att f\u00f6rb\u00e4ttra ditt skytte och maximera din tr\u00e4ffs\u00e4kerhet.<\/p>","protected":false},"featured_media":18279,"template":"","meta":[],"product_brand":[],"product_cat":[469,468,450],"product_tag":[],"class_list":{"0":"post-18280","1":"product","2":"type-product","3":"status-publish","4":"has-post-thumbnail","6":"product_cat-kikarsikten","7":"product_cat-optik","8":"product_cat-tillbehor-2","9":"pa_brand-norica","10":"pa_farg-svart","12":"first","13":"instock","14":"sale","15":"taxable","16":"shipping-taxable","17":"purchasable","18":"product-type-simple"},"_links":{"self":[{"href":"https:\/\/ak47.nu\/de\/wp-json\/wp\/v2\/product\/18280","targetHints":{"allow":["GET"]}}],"collection":[{"href":"https:\/\/ak47.nu\/de\/wp-json\/wp\/v2\/product"}],"about":[{"href":"https:\/\/ak47.nu\/de\/wp-json\/wp\/v2\/types\/product"}],"wp:featuredmedia":[{"embeddable":true,"href":"https:\/\/ak47.nu\/de\/wp-json\/wp\/v2\/media\/18279"}],"wp:attachment":[{"href":"https:\/\/ak47.nu\/de\/wp-json\/wp\/v2\/media?parent=18280"}],"wp:term":[{"taxonomy":"product_brand","embeddable":true,"href":"https:\/\/ak47.nu\/de\/wp-json\/wp\/v2\/product_brand?post=18280"},{"taxonomy":"product_cat","embeddable":true,"href":"https:\/\/ak47.nu\/de\/wp-json\/wp\/v2\/product_cat?post=18280"},{"taxonomy":"product_tag","embeddable":true,"href":"https:\/\/ak47.nu\/de\/wp-json\/wp\/v2\/product_tag?post=18280"}],"curies":[{"name":"wp","href":"https:\/\/api.w.org\/{rel}","templated":true}]}}