{"id":18336,"date":"2022-05-06T08:39:39","date_gmt":"2022-05-06T06:39:39","guid":{"rendered":"https:\/\/ak47.nu\/produkt\/jj-airsoft-mini-red-dot-tan\/"},"modified":"2025-08-21T11:15:17","modified_gmt":"2025-08-21T09:15:17","slug":"jj-airsoft-mini-red-dot-tan","status":"publish","type":"product","link":"https:\/\/ak47.nu\/de\/produkt\/zubehor-2\/optik\/rodpunktssikten\/jj-airsoft-mini-red-dot-tan\/","title":{"rendered":"JJ Airsoft Mini Red Dot Visier - Tan"},"content":{"rendered":"<h1>JJ Airsoft - Mini Red Dot - Tan<\/h1>\n<h2>Kompaktes und robustes Red Dot Visier<\/h2>\n<p>Das JJ Airsoft Mini Red Dot in Tan ist eine ausgezeichnete Wahl f\u00fcr schnelle und pr\u00e4zise Zielerfassung. Hergestellt aus strapazierf\u00e4higem Metallmaterial und so konzipiert, dass es St\u00f6\u00dfen und R\u00fcckst\u00f6\u00dfen standh\u00e4lt. Dadurch ist es ideal f\u00fcr den Einsatz unter anspruchsvollen Bedingungen. Mit einem Gewicht von nur 0,060 kg (ohne Batterie) wird Ihre Waffe nicht unn\u00f6tig beschwert.<\/p>\n<h3>Merkmale:<\/h3>\n<ul>\n <li><strong>Farbe:<\/strong> Tan<\/li>\n <li><strong>Material:<\/strong> Metall<\/li>\n <li><strong>Gewicht:<\/strong> 0,060 kg (ohne Batterie)<\/li>\n <li><strong>Sto\u00df- und R\u00fccksto\u00dffest:<\/strong> H\u00e4lt starker Beanspruchung stand<\/li>\n <li><strong>Beschlagfrei:<\/strong> Verhindert das Beschlagen f\u00fcr klare Sicht<\/li>\n <li><strong>Vergr\u00f6\u00dferung:<\/strong> 1x (keine Vergr\u00f6\u00dferung)<\/li>\n <li><strong>Batterie:<\/strong> 1*CR2032 (nicht enthalten)<\/li>\n <li><strong>Passend f\u00fcr:<\/strong> 20mm Schiene<\/li>\n<\/ul>\n<p>Mit seiner F\u00e4higkeit, St\u00f6\u00dfen und R\u00fcckst\u00f6\u00dfen zu widerstehen und gleichzeitig beschlagfrei zu sein, bietet dieses Red Dot Visier eine zuverl\u00e4ssige Leistung bei jedem Wetter und in jeder Situation. Perfekt f\u00fcr alle, die ein leichtes und handliches Visier suchen, das auch schwierigen Bedingungen standh\u00e4lt. Passt perfekt auf 20mm Schienen. Erg\u00e4nzen Sie Ihre Ausr\u00fcstung mit diesem hochwertigen Visier von <a href=\"https:\/\/ak47.nu\/de\/butik\/\">JJ Airsoft<\/a>. Entdecken Sie unsere breite Palette an <a href=\"https:\/\/ak47.nu\/de\/zubehor-2\/optik\/\">Waffenzubeh\u00f6r<\/a>, um alles zu finden, was Sie f\u00fcr Ihr Airsoft-Hobby ben\u00f6tigen. Besuchen Sie <a href=\"https:\/\/ak47.nu\/de\/\">unsere Website<\/a>, um die neuesten Nachrichten und Angebote zu sehen.<\/p>","protected":false},"excerpt":{"rendered":"<p>JJ Airsoft &#8211; Mini Red Dot &#8211; Tan \u00e4r en h\u00f6gkvalitativ r\u00f6dpunktsikte i tan-f\u00e4rg fr\u00e5n JJ Airsoft. Perfekt f\u00f6r airsoft-entusiaster som vill f\u00f6rb\u00e4ttra sin precision och tr\u00e4ffs\u00e4kerhet. K\u00f6p nu f\u00f6r en \u00f6verl\u00e4gsen spelupplevelse.<\/p>","protected":false},"featured_media":18334,"template":"","meta":[],"product_brand":[],"product_cat":[468,470,450],"product_tag":[],"class_list":{"0":"post-18336","1":"product","2":"type-product","3":"status-publish","4":"has-post-thumbnail","6":"product_cat-optik","7":"product_cat-rodpunktssikten","8":"product_cat-tillbehor-2","9":"pa_brand-jj-airsoft","10":"pa_farg-gron","12":"first","13":"instock","14":"sale","15":"taxable","16":"shipping-taxable","17":"purchasable","18":"product-type-simple"},"_links":{"self":[{"href":"https:\/\/ak47.nu\/de\/wp-json\/wp\/v2\/product\/18336","targetHints":{"allow":["GET"]}}],"collection":[{"href":"https:\/\/ak47.nu\/de\/wp-json\/wp\/v2\/product"}],"about":[{"href":"https:\/\/ak47.nu\/de\/wp-json\/wp\/v2\/types\/product"}],"wp:featuredmedia":[{"embeddable":true,"href":"https:\/\/ak47.nu\/de\/wp-json\/wp\/v2\/media\/18334"}],"wp:attachment":[{"href":"https:\/\/ak47.nu\/de\/wp-json\/wp\/v2\/media?parent=18336"}],"wp:term":[{"taxonomy":"product_brand","embeddable":true,"href":"https:\/\/ak47.nu\/de\/wp-json\/wp\/v2\/product_brand?post=18336"},{"taxonomy":"product_cat","embeddable":true,"href":"https:\/\/ak47.nu\/de\/wp-json\/wp\/v2\/product_cat?post=18336"},{"taxonomy":"product_tag","embeddable":true,"href":"https:\/\/ak47.nu\/de\/wp-json\/wp\/v2\/product_tag?post=18336"}],"curies":[{"name":"wp","href":"https:\/\/api.w.org\/{rel}","templated":true}]}}