{"id":18364,"date":"2022-05-06T08:39:55","date_gmt":"2022-05-06T06:39:55","guid":{"rendered":"https:\/\/ak47.nu\/produkt\/jj-airsoft-mini-red-dot-black\/"},"modified":"2025-12-03T20:24:24","modified_gmt":"2025-12-03T19:24:24","slug":"jj-airsoft-mini-red-dot-black","status":"publish","type":"product","link":"https:\/\/ak47.nu\/de\/produkt\/zubehor-2\/optik\/rodpunktssikten\/jj-airsoft-mini-red-dot-black\/","title":{"rendered":"JJ Airsoft &#8211; Mini Red Dot &#8211; black"},"content":{"rendered":"<p>Color: black<br \/>Brand Name: JJ Airsoft<br \/>Material: Metal<br \/>Net Weight: 0.060kg (battery not included)<br \/>Gross Weight: 0.100kg (battery not included)<br \/>Product Features<\/p>\n<p>Shock and recoil proof<br \/>Fog proof<br \/>Magnification: 1x<br \/>Batteries: 1*CR2032 for red dot light sensor (battery not included)<br \/>Fit for 20mm rail<\/p>","protected":false},"excerpt":{"rendered":"<p>K\u00f6p JJ Airsoft Mini Red Dot &#8211; black online f\u00f6r b\u00e4sta pris! Med sin kompakta design och svarta f\u00e4rg passar denna r\u00f6dpunktsikte perfekt f\u00f6r airsoft-entusiaster. Best\u00e4ll idag och f\u00e5 snabb leverans och h\u00f6gkvalitativ produkt.<\/p>","protected":false},"featured_media":18362,"template":"","meta":[],"product_brand":[],"product_cat":[470],"product_tag":[],"class_list":{"0":"post-18364","1":"product","2":"type-product","3":"status-publish","4":"has-post-thumbnail","6":"product_cat-rodpunktssikten","7":"pa_brand-jj-airsoft","8":"pa_farg-svart","10":"first","11":"outofstock","12":"taxable","13":"shipping-taxable","14":"purchasable","15":"product-type-simple"},"_links":{"self":[{"href":"https:\/\/ak47.nu\/de\/wp-json\/wp\/v2\/product\/18364","targetHints":{"allow":["GET"]}}],"collection":[{"href":"https:\/\/ak47.nu\/de\/wp-json\/wp\/v2\/product"}],"about":[{"href":"https:\/\/ak47.nu\/de\/wp-json\/wp\/v2\/types\/product"}],"wp:featuredmedia":[{"embeddable":true,"href":"https:\/\/ak47.nu\/de\/wp-json\/wp\/v2\/media\/18362"}],"wp:attachment":[{"href":"https:\/\/ak47.nu\/de\/wp-json\/wp\/v2\/media?parent=18364"}],"wp:term":[{"taxonomy":"product_brand","embeddable":true,"href":"https:\/\/ak47.nu\/de\/wp-json\/wp\/v2\/product_brand?post=18364"},{"taxonomy":"product_cat","embeddable":true,"href":"https:\/\/ak47.nu\/de\/wp-json\/wp\/v2\/product_cat?post=18364"},{"taxonomy":"product_tag","embeddable":true,"href":"https:\/\/ak47.nu\/de\/wp-json\/wp\/v2\/product_tag?post=18364"}],"curies":[{"name":"wp","href":"https:\/\/api.w.org\/{rel}","templated":true}]}}