{"id":18395,"date":"2022-05-06T08:40:12","date_gmt":"2022-05-06T06:40:12","guid":{"rendered":"https:\/\/ak47.nu\/produkt\/theta-optics-to552-rod-punkt-sikte-replika-tan\/"},"modified":"2025-08-21T11:14:43","modified_gmt":"2025-08-21T09:14:43","slug":"theta-optics-to552-red-dot-sight-replikat-tan","status":"publish","type":"product","link":"https:\/\/ak47.nu\/de\/produkt\/zubehor-2\/optik\/rodpunktssikten\/theta-optics-to552-red-dot-sight-replikat-tan\/","title":{"rendered":"Theta Optics TO552 Red Dot Sight Replikat - Tan"},"content":{"rendered":"<h1>Theta Optics TO552 Red Dot Sight Replikat - Tan<\/h1>\n<h2>Hochwertige Nachbildung eines Rotpunktvisiers f\u00fcr schnelles und pr\u00e4zises Zielen<\/h2>\n<p>Das Theta Optics TO552 Rotpunktvisier ist eine hochwertige Nachbildung, die schnelles und pr\u00e4zises Zielen erm\u00f6glicht. Es wird mit zwei AA-Batterien betrieben und ist dem holographischen Absehen nachempfunden. Sie k\u00f6nnen zwischen einem roten oder gr\u00fcnen Punkt w\u00e4hlen, wodurch es sowohl bei Tag als auch bei Nacht n\u00fctzlich ist. Passen Sie das Visier einfach horizontal und vertikal an, um eine optimale Pr\u00e4zision zu erzielen. Dar\u00fcber hinaus verf\u00fcgt es \u00fcber eine einstellbare Intensit\u00e4t, um sich an verschiedene Lichtverh\u00e4ltnisse anzupassen.<\/p>\n<h3>Funktionen und Vorteile:<\/h3>\n<ul>\n <li><strong>Einstellbarer roter\/gr\u00fcner Punkt:<\/strong> W\u00e4hlen Sie die Farbe, die am besten zur Situation passt, und erh\u00f6hen Sie so Ihre F\u00e4higkeit, schnell zu zielen.<\/li>\n <li><strong>Einstellbare Intensit\u00e4t:<\/strong> Passen Sie die Helligkeit an die Umgebung an, um eine optimale Sichtbarkeit zu gew\u00e4hrleisten.<\/li>\n <li><strong>22 mm RIS-Schienenmontage:<\/strong> Einfache Montage auf Standard-RIS-Schienen.<\/li>\n <li><strong>Robustes Metallgeh\u00e4use:<\/strong> Sch\u00fctzt das Visier vor Besch\u00e4digungen und verl\u00e4ngert seine Lebensdauer.<\/li>\n<\/ul>\n<p>Dieses Visier ist f\u00fcr die Montage auf einer Standard-22-mm-RIS-Schiene konzipiert und hilft Ihnen, schnell und genau zu zielen. Alles ist in einem robusten Metallgeh\u00e4use eingeschlossen, das auch schwierigen Bedingungen standh\u00e4lt. <a href=\"https:\/\/ak47.nu\/de\/butik\/\">Sehen Sie sich unsere anderen Rotpunktvisiere an<\/a>, um das f\u00fcr Sie passende zu finden.<\/p>\n<h3>Spezifikationen:<\/h3>\n<ul>\n <li>Material: Metall<\/li>\n <li>L\u00e4nge: 140mm<\/li>\n <li>Gewicht: 245g<\/li>\n <li>Farbe: Tan<\/li>\n <li>Punktvisierfarbe: Rot\/Gr\u00fcn<\/li>\n <li>Montage: RIS 22mm<\/li>\n<\/ul>\n<p>Theta Optics\u2122 zielt nicht nur darauf ab, qualitativ hochwertige optische Ger\u00e4te bereitzustellen, sondern auch darauf, sein Angebot kontinuierlich mit innovativen L\u00f6sungen zu erweitern, die in Produkten von h\u00f6chster Qualit\u00e4t \u00fcblich sind. Jedes Produkt wird vor der Markteinf\u00fchrung rigoros getestet. <a href=\"https:\/\/ak47.nu\/de\/\">Theta Optics\u2122<\/a> ist ideal f\u00fcr Anwender, die hohe Qualit\u00e4t zu einem vern\u00fcnftigen Preis suchen. Perfekt f\u00fcr Airsoft und andere taktische Anwendungen.<\/p>\n<p><strong>Im Set enthalten:<\/strong><\/p>\n<ul>\n <li>Visier<\/li>\n <li>Batterien<\/li>\n <li>Reinigungstuch<\/li>\n <li>Benutzerhandbuch<\/li>\n<\/ul>\n<p>Entdecken Sie die Pr\u00e4zision und Qualit\u00e4t von Theta Optics. Entdecken Sie noch heute unser Angebot an <a href=\"https:\/\/ak47.nu\/de\/zubehor-2\/optik\/\">Airsoft-Visieren<\/a>!<\/p>","protected":false},"excerpt":{"rendered":"<p>Theta Optics &#8211; TO552 R\u00f6d Punkt Sikte Replika &#8211; Tan \u00e4r en h\u00f6gkvalitativ replika av det popul\u00e4ra r\u00f6dpunktssiktet TO552 fr\u00e5n Theta Optics. Med sin tan-f\u00e4rgade design passar detta sikte perfekt f\u00f6r utomhusaktiviteter och ger en tydlig och exakt siktbild. K\u00f6p Theta Optics &#8211; TO552 R\u00f6d Punkt Sikte Replika &#8211; Tan f\u00f6r en optimal och professionell upplevelse inom skytte och jakt.<\/p>","protected":false},"featured_media":18391,"template":"","meta":[],"product_brand":[],"product_cat":[468,470,450],"product_tag":[],"class_list":{"0":"post-18395","1":"product","2":"type-product","3":"status-publish","4":"has-post-thumbnail","6":"product_cat-optik","7":"product_cat-rodpunktssikten","8":"product_cat-tillbehor-2","9":"pa_brand-theta-optics","11":"first","12":"instock","13":"sale","14":"taxable","15":"shipping-taxable","16":"purchasable","17":"product-type-simple"},"_links":{"self":[{"href":"https:\/\/ak47.nu\/de\/wp-json\/wp\/v2\/product\/18395","targetHints":{"allow":["GET"]}}],"collection":[{"href":"https:\/\/ak47.nu\/de\/wp-json\/wp\/v2\/product"}],"about":[{"href":"https:\/\/ak47.nu\/de\/wp-json\/wp\/v2\/types\/product"}],"wp:featuredmedia":[{"embeddable":true,"href":"https:\/\/ak47.nu\/de\/wp-json\/wp\/v2\/media\/18391"}],"wp:attachment":[{"href":"https:\/\/ak47.nu\/de\/wp-json\/wp\/v2\/media?parent=18395"}],"wp:term":[{"taxonomy":"product_brand","embeddable":true,"href":"https:\/\/ak47.nu\/de\/wp-json\/wp\/v2\/product_brand?post=18395"},{"taxonomy":"product_cat","embeddable":true,"href":"https:\/\/ak47.nu\/de\/wp-json\/wp\/v2\/product_cat?post=18395"},{"taxonomy":"product_tag","embeddable":true,"href":"https:\/\/ak47.nu\/de\/wp-json\/wp\/v2\/product_tag?post=18395"}],"curies":[{"name":"wp","href":"https:\/\/api.w.org\/{rel}","templated":true}]}}