{"id":18491,"date":"2022-05-06T08:40:53","date_gmt":"2022-05-06T06:40:53","guid":{"rendered":"https:\/\/ak47.nu\/produkt\/swiss-arms-micro-laser-for-picatinny-rail\/"},"modified":"2025-12-03T20:24:30","modified_gmt":"2025-12-03T19:24:30","slug":"swiss-arms-micro-laser-for-picatinny-rail","status":"publish","type":"product","link":"https:\/\/ak47.nu\/de\/produkt\/zubehor-2\/optik\/ovriga-riktmedel\/swiss-arms-micro-laser-for-picatinny-rail\/","title":{"rendered":"SWISS ARMS micro laser for picatinny rail"},"content":{"rendered":"<p>Professional laser with weaver attachment above and below.&nbsp;<\/p>\n<p>Completely metal, possibility of millimetric adjustment.&nbsp;<\/p>\n<p>Complete with batteries and adjustment keys.<\/p>","protected":false},"excerpt":{"rendered":"<p>K\u00f6p SWISS ARMS mikro laser f\u00f6r picatinny rail online &#8211; H\u00f6gkvalitativ och p\u00e5litlig. F\u00f6rb\u00e4ttra din precision och tr\u00e4ffs\u00e4kerhet med denna kompakta och kraftfulla laser f\u00f6r picatinny rail. K\u00f6p nu och f\u00e5 snabb leverans och konkurrenskraftigt pris. Perfekt f\u00f6r jakt och taktiska \u00e4ndam\u00e5l.<\/p>","protected":false},"featured_media":18488,"template":"","meta":[],"product_brand":[],"product_cat":[471],"product_tag":[],"class_list":{"0":"post-18491","1":"product","2":"type-product","3":"status-publish","4":"has-post-thumbnail","6":"product_cat-ovriga-riktmedel","7":"pa_brand-swiss-arms","9":"first","10":"outofstock","11":"taxable","12":"shipping-taxable","13":"purchasable","14":"product-type-simple"},"_links":{"self":[{"href":"https:\/\/ak47.nu\/de\/wp-json\/wp\/v2\/product\/18491","targetHints":{"allow":["GET"]}}],"collection":[{"href":"https:\/\/ak47.nu\/de\/wp-json\/wp\/v2\/product"}],"about":[{"href":"https:\/\/ak47.nu\/de\/wp-json\/wp\/v2\/types\/product"}],"wp:featuredmedia":[{"embeddable":true,"href":"https:\/\/ak47.nu\/de\/wp-json\/wp\/v2\/media\/18488"}],"wp:attachment":[{"href":"https:\/\/ak47.nu\/de\/wp-json\/wp\/v2\/media?parent=18491"}],"wp:term":[{"taxonomy":"product_brand","embeddable":true,"href":"https:\/\/ak47.nu\/de\/wp-json\/wp\/v2\/product_brand?post=18491"},{"taxonomy":"product_cat","embeddable":true,"href":"https:\/\/ak47.nu\/de\/wp-json\/wp\/v2\/product_cat?post=18491"},{"taxonomy":"product_tag","embeddable":true,"href":"https:\/\/ak47.nu\/de\/wp-json\/wp\/v2\/product_tag?post=18491"}],"curies":[{"name":"wp","href":"https:\/\/api.w.org\/{rel}","templated":true}]}}