{"id":18595,"date":"2022-05-06T12:17:39","date_gmt":"2022-05-06T10:17:39","guid":{"rendered":"https:\/\/ak47.nu\/produkt\/lct-airsoft-lck12-aeg-ak-6mm-v3-gearbox-aeg-airsoft-replica\/"},"modified":"2025-08-21T11:12:36","modified_gmt":"2025-08-21T09:12:36","slug":"lct-lck12-aeg-airsoft-nachbau-ak-6mm-v3-gearbox","status":"publish","type":"product","link":"https:\/\/ak47.nu\/de\/produkt\/airsoft\/el-drivna\/automatkarbiner\/lct-lck12-aeg-airsoft-nachbau-ak-6mm-v3-gearbox\/","title":{"rendered":"LCT LCK12 AEG Airsoft Nachbau | AK 6mm | V3 Gearbox"},"content":{"rendered":"<h1>LCT LCK12 AEG Airsoft Nachbau - Realistisches AK-Erlebnis<\/h1>\n<h2>Authentisches Design und Robuste Konstruktion<\/h2>\n<p>Erleben Sie mit der LCT LCK12 einen Airsoft-Nachbau, der einem echten AK-Gewehr nachempfunden ist. Dieses AEG ist mit einem ultrarealistischen, gestanzten Nietgeh\u00e4use aus Stahl gefertigt, das ein authentisches Aussehen und Gef\u00fchl vermittelt. Der schwere Stahllauf, die Gaskolbenbaugruppe und das Visierkorn verst\u00e4rken den Realismus zus\u00e4tzlich. F\u00fcr weitere <a href=\"https:\/\/ak47.nu\/de\/airsoft\/\">Airsoftgewehre der AK-Serie<\/a>, besuchen Sie unsere Kollektionsseite.<\/p>\n<h3>Anpassbar und Vielseitig<\/h3>\n<p>Die LCK12 ist mit einer neu gestalteten Handschutzeinheit mit einer 20-mm-Picatinny-Schnittstelle ausgestattet. Dies erm\u00f6glicht die einfache Montage von Lampen, Griffen und anderen Zubeh\u00f6rteilen, wodurch Sie die volle Kontrolle \u00fcber Ihre Ausr\u00fcstung haben. Der seitlich klappbare, verstellbare Pufferschaft im Polymer-Material mit QD-Riemenbefestigungspunkt bietet sowohl Komfort als auch Funktionalit\u00e4t. Ben\u00f6tigen Sie noch <a href=\"https:\/\/ak47.nu\/de\/butik\/\">Airsoft Zubeh\u00f6r<\/a>? Hier werden Sie f\u00fcndig.<\/p>\n<h3>Optik und Einstellbarkeit<\/h3>\n<p>Mit einer durchgehenden Staubschutzh\u00fclle mit oberer Schiene k\u00f6nnen Sie problemlos Optiken montieren, um die Pr\u00e4zision zu verbessern. Das verstellbare Kimme erm\u00f6glicht es Ihnen, Ihre Visierlinie f\u00fcr optimale Genauigkeit feinabzustimmen. Besuchen Sie noch heute <a href=\"https:\/\/ak47.nu\/de\/\">unsere Homepage<\/a>, um Ihre LCK12 und andere Qualit\u00e4tsprodukte zu erwerben.<\/p>\n<h3>Aufr\u00fcstbares Getriebe und Einstellbares Hop-Up<\/h3>\n<p>Dieser Airsoft-Nachbau ist mit einem Standard-Ver.3-Getriebe mit 9-mm-Lagern ausgestattet, wodurch er mit Standard-TM-kompatiblen Teilen f\u00fcr Upgrades kompatibel ist. Der einfache Zugang zum Hop-Up im Schiebe-Stil erleichtert die Anpassung der Genauigkeit.<\/p>\n<ul>\n<li>L\u00e4nge: 860mm-950mm, 685mm (verstellbar, geklappt)<\/li>\n<li>Gewicht: 3800 g<\/li>\n<li>Innenlauf: ~ 430mm<\/li>\n<li>Magazinkapazit\u00e4t: 130 Schuss Mid-Cap<\/li>\n<li>M\u00fcndungsgeschwindigkeit: 400-420 FPS (gemessen mit 0,20 g BBs)<\/li>\n<li>Gewinderichtung: Keine, 24mm mit PK404 Adapter<\/li>\n<li>Getriebe: Ver 3 Vollmetall, Vollst\u00e4ndig Aufr\u00fcstbar<\/li>\n<li>Motor: Kurztyp<\/li>\n<li>Feuermodi: Semi\/Vollautomatik, Sicherung<\/li>\n<li>Akku: 9,6 V kleiner Stick-Typ oder 7,4 V Stick LiPo Empfohlen (Akku nicht enthalten)<\/li>\n<li>Hop-Up: Ja, Einstellbar<\/li>\n<\/ul>","protected":false},"excerpt":{"rendered":"<p>LCT LCK12 AEG Airsoft Nachbau &#8211; Realistisches AK-Erlebnis Authentisches Design und Robuste Konstruktion Erleben Sie mit der LCT LCK12 einen Airsoft-Nachbau, der einem echten AK-Gewehr nachempfunden ist. Dieses AEG ist mit einem ultrarealistischen, gestanzten Nietgeh\u00e4use aus Stahl gefertigt, das ein authentisches Aussehen und Gef\u00fchl vermittelt. Der schwere Stahllauf, die Gaskolbenbaugruppe und das Visierkorn verst\u00e4rken den [&#8230;]","protected":false},"featured_media":16890,"template":"","meta":[],"product_brand":[],"product_cat":[368,400,398],"product_tag":[],"class_list":{"0":"post-18595","1":"product","2":"type-product","3":"status-publish","4":"has-post-thumbnail","6":"product_cat-airsoft","7":"product_cat-automatkarbiner","8":"product_cat-el-drivna","9":"pa_brand-lct","11":"first","12":"instock","13":"sale","14":"taxable","15":"shipping-taxable","16":"purchasable","17":"product-type-simple"},"_links":{"self":[{"href":"https:\/\/ak47.nu\/de\/wp-json\/wp\/v2\/product\/18595","targetHints":{"allow":["GET"]}}],"collection":[{"href":"https:\/\/ak47.nu\/de\/wp-json\/wp\/v2\/product"}],"about":[{"href":"https:\/\/ak47.nu\/de\/wp-json\/wp\/v2\/types\/product"}],"wp:featuredmedia":[{"embeddable":true,"href":"https:\/\/ak47.nu\/de\/wp-json\/wp\/v2\/media\/16890"}],"wp:attachment":[{"href":"https:\/\/ak47.nu\/de\/wp-json\/wp\/v2\/media?parent=18595"}],"wp:term":[{"taxonomy":"product_brand","embeddable":true,"href":"https:\/\/ak47.nu\/de\/wp-json\/wp\/v2\/product_brand?post=18595"},{"taxonomy":"product_cat","embeddable":true,"href":"https:\/\/ak47.nu\/de\/wp-json\/wp\/v2\/product_cat?post=18595"},{"taxonomy":"product_tag","embeddable":true,"href":"https:\/\/ak47.nu\/de\/wp-json\/wp\/v2\/product_tag?post=18595"}],"curies":[{"name":"wp","href":"https:\/\/api.w.org\/{rel}","templated":true}]}}