{"id":18668,"date":"2022-05-06T12:25:21","date_gmt":"2022-05-06T10:25:21","guid":{"rendered":"https:\/\/ak47.nu\/produkt\/kalashnikov-airsoftkulor-6mm-5000-bbs-02g\/"},"modified":"2025-12-03T20:22:33","modified_gmt":"2025-12-03T19:22:33","slug":"kalashnikov-6mm-airsoft-bbs-5000-stueck","status":"publish","type":"product","link":"https:\/\/ak47.nu\/de\/produkt\/zubehor-2\/ammo\/6mm-luftweiche\/kalashnikov-6mm-airsoft-bbs-5000-stueck\/","title":{"rendered":"Kalashnikov 6mm Airsoft BBs - 5000 St\u00fcck"},"content":{"rendered":"<h1>Kalashnikov 6mm Airsoft BBs - 5000 St\u00fcck<\/h1>\n<h2>Airsoft BBs f\u00fcr Zielschie\u00dfen<\/h2>\n<p>Kalashnikov 6mm Kaliber Airsoft BBs in einer Packung mit ca. 5000 BBs. Perfekt f\u00fcr diejenigen, die viel Munition f\u00fcr ihre Airsoft Pistole oder Gewehr ben\u00f6tigen. Diese BBs wiegen 0,2g.<\/p>\n<h3>Spezifikationen:<\/h3>\n<ul>\n <li><b>Marke:<\/b> Kalashnikov<\/li>\n <li><b>Kaliber:<\/b> 6 mm<\/li>\n <li><b>Farbe:<\/b> Wei\u00df<\/li>\n <li><b>BB Gewicht:<\/b> 0,2g<\/li>\n <li><b>Biologisch abbaubar:<\/b> Nein<\/li>\n<\/ul>\n<p>Diese Airsoft BBs sind so gefertigt, dass sie gute Pr\u00e4zision und Reichweite in Ihrer Airsoft Waffe bieten. Denken Sie daran, immer eine Schutzbrille zu tragen, wenn Sie Airsoft Waffen benutzen. Besuchen Sie unsere <a href=\"https:\/\/ak47.nu\/de\/zubehor-2\/ammo\/6mm-luftweiche\/\">Kategorie f\u00fcr Airsoft Zubeh\u00f6r<\/a>, um alles zu finden, was Sie f\u00fcr Ihr Airsoft Hobby ben\u00f6tigen. Hier finden Sie weitere <a href=\"https:\/\/ak47.nu\/de\/butik\/\">Airsoft BBs<\/a>. Willkommen in <a href=\"https:\/\/ak47.nu\/de\/\">unserem Shop<\/a>!<\/p>","protected":false},"excerpt":{"rendered":"<p>K\u00f6p Kalashnikov Airsoftkulor i 6mm storlek &#8211; cirka 5000 BBs med en vikt p\u00e5 0,2g. Perfekt ammunition f\u00f6r airsoftspelare.<\/p>","protected":false},"featured_media":18667,"template":"","meta":[],"product_brand":[],"product_cat":[459],"product_tag":[],"class_list":{"0":"post-18668","1":"product","2":"type-product","3":"status-publish","4":"has-post-thumbnail","6":"product_cat-6mm-airsoft","7":"pa_brand-kalashnikov","8":"pa_farg-vit","10":"first","11":"outofstock","12":"sale","13":"taxable","14":"shipping-taxable","15":"purchasable","16":"product-type-simple"},"_links":{"self":[{"href":"https:\/\/ak47.nu\/de\/wp-json\/wp\/v2\/product\/18668","targetHints":{"allow":["GET"]}}],"collection":[{"href":"https:\/\/ak47.nu\/de\/wp-json\/wp\/v2\/product"}],"about":[{"href":"https:\/\/ak47.nu\/de\/wp-json\/wp\/v2\/types\/product"}],"wp:featuredmedia":[{"embeddable":true,"href":"https:\/\/ak47.nu\/de\/wp-json\/wp\/v2\/media\/18667"}],"wp:attachment":[{"href":"https:\/\/ak47.nu\/de\/wp-json\/wp\/v2\/media?parent=18668"}],"wp:term":[{"taxonomy":"product_brand","embeddable":true,"href":"https:\/\/ak47.nu\/de\/wp-json\/wp\/v2\/product_brand?post=18668"},{"taxonomy":"product_cat","embeddable":true,"href":"https:\/\/ak47.nu\/de\/wp-json\/wp\/v2\/product_cat?post=18668"},{"taxonomy":"product_tag","embeddable":true,"href":"https:\/\/ak47.nu\/de\/wp-json\/wp\/v2\/product_tag?post=18668"}],"curies":[{"name":"wp","href":"https:\/\/api.w.org\/{rel}","templated":true}]}}