{"id":18674,"date":"2022-05-06T12:25:33","date_gmt":"2022-05-06T10:25:33","guid":{"rendered":"https:\/\/ak47.nu\/produkt\/cybergun-extra-magasin-50-bbs-passar-kalashnikov-sniper-120705-936-300\/"},"modified":"2025-08-21T11:10:50","modified_gmt":"2025-08-21T09:10:50","slug":"extra-magazin-50-bbs-kalaschnikow-sniper","status":"publish","type":"product","link":"https:\/\/ak47.nu\/de\/produkt\/zubehor-2\/magasin\/airsoft-magasin\/extra-magazin-50-bbs-kalaschnikow-sniper\/","title":{"rendered":"Extra Magazin 50 BBs Kalaschnikow Sniper"},"content":{"rendered":"<h1>Cybergun - Extra Magazin 50 BB's - Passend f\u00fcr Kalaschnikow Sniper<\/h1>\n<h2>Extra Magazin f\u00fcr Ihren Kalaschnikow Airsoft Sniper<\/h2>\n<p>Dieses Extra Magazin ist aus Metall gefertigt und speziell f\u00fcr den Kalaschnikow Airsoft Sniper (120705\/936\/300) konzipiert. Mit einer Kapazit\u00e4t von 50 BBs k\u00f6nnen Sie mehr Zeit damit verbringen, sich auf Ihr Spiel zu konzentrieren, und weniger Zeit mit dem Nachladen. Bereiten Sie sich mit diesem zuverl\u00e4ssigen Magazin auf Ihre Airsoft-Spiele vor.<\/p>\n<ul>\n <li><strong>Kompatibilit\u00e4t:<\/strong> Entwickelt f\u00fcr Kalaschnikow Airsoft Sniper (120705\/936\/300).<\/li>\n <li><strong>Material:<\/strong> Hergestellt aus strapazierf\u00e4higem Metall f\u00fcr eine lange Lebensdauer.<\/li>\n <li><strong>Kapazit\u00e4t:<\/strong> Fasst 50 BBs, wodurch die H\u00e4ufigkeit des Nachladens reduziert wird.<\/li>\n<\/ul>\n<p>Investieren Sie in dieses zus\u00e4tzliche Magazin, um Ihre Spielzeit zu maximieren und sicherzustellen, dass Sie immer f\u00fcr den n\u00e4chsten Schuss bereit sind. Entdecken Sie unser breites Angebot an <a href=\"https:\/\/ak47.nu\/de\/butik\/\">Airsoft-Zubeh\u00f6r<\/a>, um Ihre Ausr\u00fcstung zu vervollst\u00e4ndigen. Vergessen Sie nicht, unser Sortiment an <a href=\"https:\/\/ak47.nu\/de\/zubehor-2\/magasin\/airsoft-magasin\/\">Airsoft-Magazinen<\/a> anzusehen, um das zu finden, was Sie ben\u00f6tigen. F\u00fcr weitere Informationen zu unseren Produkten und Angeboten besuchen Sie unsere <a href=\"https:\/\/ak47.nu\/de\/\">Website<\/a>.<\/p>","protected":false},"excerpt":{"rendered":"<p>K\u00f6p Cybergun Extra Magasin 50 BB&#8217;s f\u00f6r Kalashnikov sniper (120705\/936\/300) &#8211; H\u00f6g kvalitet och p\u00e5litlig. Perfekt tillbeh\u00f6r f\u00f6r din luftgev\u00e4r. Best\u00e4ll nu!<\/p>","protected":false},"featured_media":16935,"template":"","meta":[],"product_brand":[],"product_cat":[465,464,450],"product_tag":[],"class_list":{"0":"post-18674","1":"product","2":"type-product","3":"status-publish","4":"has-post-thumbnail","6":"product_cat-airsoft-magasin","7":"product_cat-magasin","8":"product_cat-tillbehor-2","9":"pa_brand-kalashnikov","11":"first","12":"instock","13":"sale","14":"taxable","15":"shipping-taxable","16":"purchasable","17":"product-type-simple"},"_links":{"self":[{"href":"https:\/\/ak47.nu\/de\/wp-json\/wp\/v2\/product\/18674","targetHints":{"allow":["GET"]}}],"collection":[{"href":"https:\/\/ak47.nu\/de\/wp-json\/wp\/v2\/product"}],"about":[{"href":"https:\/\/ak47.nu\/de\/wp-json\/wp\/v2\/types\/product"}],"wp:featuredmedia":[{"embeddable":true,"href":"https:\/\/ak47.nu\/de\/wp-json\/wp\/v2\/media\/16935"}],"wp:attachment":[{"href":"https:\/\/ak47.nu\/de\/wp-json\/wp\/v2\/media?parent=18674"}],"wp:term":[{"taxonomy":"product_brand","embeddable":true,"href":"https:\/\/ak47.nu\/de\/wp-json\/wp\/v2\/product_brand?post=18674"},{"taxonomy":"product_cat","embeddable":true,"href":"https:\/\/ak47.nu\/de\/wp-json\/wp\/v2\/product_cat?post=18674"},{"taxonomy":"product_tag","embeddable":true,"href":"https:\/\/ak47.nu\/de\/wp-json\/wp\/v2\/product_tag?post=18674"}],"curies":[{"name":"wp","href":"https:\/\/api.w.org\/{rel}","templated":true}]}}