{"id":18690,"date":"2024-04-11T14:26:31","date_gmt":"2024-04-11T12:26:31","guid":{"rendered":"https:\/\/ak47.nu\/produkt\/swiss-arms-co2-patron-12g-1-pack\/"},"modified":"2025-12-03T20:21:41","modified_gmt":"2025-12-03T19:21:41","slug":"jj-custom-works-colt-45-peacemaker-holster-hoger-4-75-violett-plain-nickelnitar-3","status":"publish","type":"product","link":"https:\/\/ak47.nu\/de\/produkt\/zubehor-2\/drivmedel-tillbehor-2\/co2-drivmedel-tillbehor-2\/jj-custom-works-colt-45-peacemaker-holster-hoger-4-75-violett-plain-nickelnitar-3\/","title":{"rendered":"Swiss Arms Co2 Patron 12g &#8211; 1 PACK"},"content":{"rendered":"<p>1 PACK &#8211; 12g Co2 patroner (kolsyrepatroner). F\u00f6r att utrustningen skall fungera p\u00e5 ett korrekt och s\u00e4kert s\u00e4tt \u00e4r valet av kvalitets kolsyrepatroner en mycket viktig detalj.<br \/>F\u00f6r att garantera h\u00f6gsta kvalitet s\u00e4ljer vi endast kolsyrepatroner vi sj\u00e4lva anv\u00e4nder!<\/p>","protected":false},"excerpt":{"rendered":"<p>1 PACK &#8211; 12g Co2 patroner (kolsyrepatroner). F\u00f6r att utrustningen skall fungera p\u00e5 ett korrekt och s\u00e4kert s\u00e4tt \u00e4r valet av kvalitets kolsyrepatroner en mycket viktig detalj.F\u00f6r att garantera h\u00f6gsta kvalitet s\u00e4ljer vi endast kolsyrepatroner vi sj\u00e4lva anv\u00e4nder!<\/p>","protected":false},"featured_media":61589,"template":"","meta":[],"product_brand":[],"product_cat":[455],"product_tag":[],"class_list":{"0":"post-18690","1":"product","2":"type-product","3":"status-publish","4":"has-post-thumbnail","6":"product_cat-co2-drivmedel-tillbehor-2","7":"pa_brand-swiss-arms","8":"pa_modell-1-pack","9":"pa_modell-10-pack","10":"pa_modell-100-pack","11":"pa_modell-25-pack","12":"pa_modell-50-pack","14":"first","15":"outofstock","16":"sale","17":"taxable","18":"shipping-taxable","19":"purchasable","20":"product-type-variable"},"_links":{"self":[{"href":"https:\/\/ak47.nu\/de\/wp-json\/wp\/v2\/product\/18690","targetHints":{"allow":["GET"]}}],"collection":[{"href":"https:\/\/ak47.nu\/de\/wp-json\/wp\/v2\/product"}],"about":[{"href":"https:\/\/ak47.nu\/de\/wp-json\/wp\/v2\/types\/product"}],"wp:featuredmedia":[{"embeddable":true,"href":"https:\/\/ak47.nu\/de\/wp-json\/wp\/v2\/media\/61589"}],"wp:attachment":[{"href":"https:\/\/ak47.nu\/de\/wp-json\/wp\/v2\/media?parent=18690"}],"wp:term":[{"taxonomy":"product_brand","embeddable":true,"href":"https:\/\/ak47.nu\/de\/wp-json\/wp\/v2\/product_brand?post=18690"},{"taxonomy":"product_cat","embeddable":true,"href":"https:\/\/ak47.nu\/de\/wp-json\/wp\/v2\/product_cat?post=18690"},{"taxonomy":"product_tag","embeddable":true,"href":"https:\/\/ak47.nu\/de\/wp-json\/wp\/v2\/product_tag?post=18690"}],"curies":[{"name":"wp","href":"https:\/\/api.w.org\/{rel}","templated":true}]}}