{"id":18702,"date":"2022-05-06T14:11:55","date_gmt":"2022-05-06T12:11:55","guid":{"rendered":"https:\/\/ak47.nu\/produkt\/umarex-co2-patron-12g\/"},"modified":"2025-12-03T12:49:50","modified_gmt":"2025-12-03T11:49:50","slug":"umarex-co2-patrone-12g","status":"publish","type":"product","link":"https:\/\/ak47.nu\/de\/produkt\/zubehor-2\/drivmedel-tillbehor-2\/co2-drivmedel-tillbehor-2\/umarex-co2-patrone-12g\/","title":{"rendered":"Umarex 12g Co2 Patrone | H\u00f6chste Qualit\u00e4t"},"content":{"rendered":"<h1>Umarex Co2 Patrone 12g<\/h1>\n<h2>Essentielle Co2-Patronen f\u00fcr Ihre Ausr\u00fcstung<\/h2>\n<p>12g Co2-Patronen sind eine kritische Komponente, um sicherzustellen, dass Ihre Ausr\u00fcstung korrekt und sicher funktioniert. Die Wahl hochwertiger Co2-Patronen ist daher ein sehr wichtiges Detail. Mit einer zuverl\u00e4ssigen <a href=\"https:\/\/ak47.nu\/de\/butik\/\">Co2-Patrone<\/a> k\u00f6nnen Sie sicher sein, dass Ihre Ausr\u00fcstung optimal funktioniert.<\/p>\n\n<h2>Garantierte h\u00f6chste Qualit\u00e4t<\/h2>\n<p>Um h\u00f6chste Qualit\u00e4t zu garantieren, verkaufen wir nur Co2-Patronen, die wir selbst verwenden. Wir wissen, dass Sie das Beste erwarten, und deshalb gehen wir niemals Kompromisse bei der Qualit\u00e4t unserer <a href=\"https:\/\/ak47.nu\/de\/zubehor-2\/drivmedel-tillbehor-2\/co2-drivmedel-tillbehor-2\/\">Co2-Patronen<\/a> ein. Diese Patronen gew\u00e4hrleisten jedes Mal eine sichere und zuverl\u00e4ssige Verwendung.<\/p>\n\n<h2>Einzeln verkauft<\/h2>\n<p>Unsere Umarex 12g Co2-Patronen werden einzeln verkauft, sodass Sie genau die Anzahl kaufen k\u00f6nnen, die Sie ben\u00f6tigen. Egal, ob Sie eine einzelne Patrone ben\u00f6tigen oder sich eindecken m\u00f6chten, wir haben, was Sie suchen. Alle Informationen, die Sie ben\u00f6tigen, finden Sie auf <a href=\"https:\/\/ak47.nu\/de\/\">unserer Website<\/a>.<\/p>","protected":false},"excerpt":{"rendered":"<p>Umarex Co2 Patrone 12g Essentielle Co2-Patronen f\u00fcr Ihre Ausr\u00fcstung 12g Co2-Patronen sind eine kritische Komponente, um sicherzustellen, dass Ihre Ausr\u00fcstung korrekt und sicher funktioniert. Die Wahl hochwertiger Co2-Patronen ist daher ein sehr wichtiges Detail. Mit einer zuverl\u00e4ssigen Co2-Patrone k\u00f6nnen Sie sicher sein, dass Ihre Ausr\u00fcstung optimal funktioniert. Garantierte h\u00f6chste Qualit\u00e4t Um h\u00f6chste Qualit\u00e4t zu garantieren, [&#8230;]","protected":false},"featured_media":18701,"template":"","meta":[],"product_brand":[],"product_cat":[455],"product_tag":[],"class_list":{"0":"post-18702","1":"product","2":"type-product","3":"status-publish","4":"has-post-thumbnail","6":"product_cat-co2-drivmedel-tillbehor-2","7":"pa_brand-no-brand","9":"first","10":"outofstock","11":"sale","12":"taxable","13":"shipping-taxable","14":"purchasable","15":"product-type-simple"},"_links":{"self":[{"href":"https:\/\/ak47.nu\/de\/wp-json\/wp\/v2\/product\/18702","targetHints":{"allow":["GET"]}}],"collection":[{"href":"https:\/\/ak47.nu\/de\/wp-json\/wp\/v2\/product"}],"about":[{"href":"https:\/\/ak47.nu\/de\/wp-json\/wp\/v2\/types\/product"}],"wp:featuredmedia":[{"embeddable":true,"href":"https:\/\/ak47.nu\/de\/wp-json\/wp\/v2\/media\/18701"}],"wp:attachment":[{"href":"https:\/\/ak47.nu\/de\/wp-json\/wp\/v2\/media?parent=18702"}],"wp:term":[{"taxonomy":"product_brand","embeddable":true,"href":"https:\/\/ak47.nu\/de\/wp-json\/wp\/v2\/product_brand?post=18702"},{"taxonomy":"product_cat","embeddable":true,"href":"https:\/\/ak47.nu\/de\/wp-json\/wp\/v2\/product_cat?post=18702"},{"taxonomy":"product_tag","embeddable":true,"href":"https:\/\/ak47.nu\/de\/wp-json\/wp\/v2\/product_tag?post=18702"}],"curies":[{"name":"wp","href":"https:\/\/api.w.org\/{rel}","templated":true}]}}