{"id":18781,"date":"2022-05-06T14:13:35","date_gmt":"2022-05-06T12:13:35","guid":{"rendered":"https:\/\/ak47.nu\/produkt\/norica-hammer-500-pack-pellets-4-5mm\/"},"modified":"2025-08-21T11:08:50","modified_gmt":"2025-08-21T09:08:50","slug":"norica-hammer-4-5mm-diabolos-500-stueck","status":"publish","type":"product","link":"https:\/\/ak47.nu\/de\/produkt\/zubehor-2\/ammo\/45mm-airgun\/norica-hammer-4-5mm-diabolos-500-stueck\/","title":{"rendered":"Norica Hammer 4,5 mm Diabolos - 500 St&uuml;ck"},"content":{"rendered":"<h1>Norica Hammer 4,5 mm Diabolos<\/h1>\n<h2>Klassische Diabolos f&uuml;r Hobbysch&uuml;tzen<\/h2>\n<p>Norica Hammer Diabolos sind die klassische Wahl f&uuml;r Hobbysch&uuml;tzen und CO2-Pistolen. Diese Diabolos erf&uuml;llen alle grundlegenden Anforderungen an Qualit&auml;t und Pr&auml;zision und sind somit eine ausgezeichnete Wahl f&uuml;r Anf&auml;nger und erfahrene Sch&uuml;tzen. Mit einem unschlagbaren Preis-Leistungs-Verh&auml;ltnis erhalten Sie ein hervorragendes Preis-Leistungs-Verh&auml;ltnis. Perfekt f&uuml;r Ziel&uuml;bungen und Freizeitaktivit&auml;ten. Wenn Sie nach <a href=\"https:\/\/ak47.nu\/de\/butik\/\">anderen Munitionstypen<\/a> suchen, haben wir viele Optionen.<\/p>\n<h3>Gezogen f&uuml;r verbesserte Pr&auml;zision<\/h3>\n<p>Diese gezogenen Diabolos wurden entwickelt, um eine bessere Genauigkeit und Stabilit&auml;t im Flug zu gew&auml;hrleisten. Die Z&uuml;ge stabilisieren das Diabolo, was zu pr&auml;ziseren Sch&uuml;ssen f&uuml;hrt. Verwenden Sie diese Diabolos, um Ihre Genauigkeit zu verbessern und ein besseres Schie&szlig;erlebnis zu genie&szlig;en. Um unser vollst&auml;ndiges Sortiment an <a href=\"https:\/\/ak47.nu\/de\/zubehor-2\/ammo\/45mm-airgun\/\">Diabolos<\/a> anzuzeigen, besuchen Sie unsere Website. M&ouml;chten Sie mehr &uuml;ber Norica erfahren? Besuchen Sie <a href=\"https:\/\/ak47.nu\/de\/\">unsere Homepage<\/a>.<\/p>\n\n<ul>\n<li>Kaliber: 4,5 mm \/ .177 Zoll<\/li>\n<li>Gewicht: 0,48 g \/ 7,48 gr<\/li>\n<li>Anzahl: 500 St&uuml;ck<\/li>\n<\/ul>","protected":false},"excerpt":{"rendered":"<p>K\u00f6p Norica Hammer 500-pack pellets i 4.5MM &#8211; B\u00e4sta pris och kvalitet. Perfekt f\u00f6r jakt och tr\u00e4ning. Best\u00e4ll nu f\u00f6r snabb leverans.<\/p>","protected":false},"featured_media":18779,"template":"","meta":[],"product_brand":[],"product_cat":[461,458,450],"product_tag":[],"class_list":{"0":"post-18781","1":"product","2":"type-product","3":"status-publish","4":"has-post-thumbnail","6":"product_cat-45mm-airgun","7":"product_cat-ammo","8":"product_cat-tillbehor-2","9":"pa_brand-norica","11":"first","12":"outofstock","13":"sale","14":"taxable","15":"shipping-taxable","16":"purchasable","17":"product-type-simple"},"_links":{"self":[{"href":"https:\/\/ak47.nu\/de\/wp-json\/wp\/v2\/product\/18781","targetHints":{"allow":["GET"]}}],"collection":[{"href":"https:\/\/ak47.nu\/de\/wp-json\/wp\/v2\/product"}],"about":[{"href":"https:\/\/ak47.nu\/de\/wp-json\/wp\/v2\/types\/product"}],"wp:featuredmedia":[{"embeddable":true,"href":"https:\/\/ak47.nu\/de\/wp-json\/wp\/v2\/media\/18779"}],"wp:attachment":[{"href":"https:\/\/ak47.nu\/de\/wp-json\/wp\/v2\/media?parent=18781"}],"wp:term":[{"taxonomy":"product_brand","embeddable":true,"href":"https:\/\/ak47.nu\/de\/wp-json\/wp\/v2\/product_brand?post=18781"},{"taxonomy":"product_cat","embeddable":true,"href":"https:\/\/ak47.nu\/de\/wp-json\/wp\/v2\/product_cat?post=18781"},{"taxonomy":"product_tag","embeddable":true,"href":"https:\/\/ak47.nu\/de\/wp-json\/wp\/v2\/product_tag?post=18781"}],"curies":[{"name":"wp","href":"https:\/\/api.w.org\/{rel}","templated":true}]}}