{"id":18860,"date":"2022-05-06T14:14:22","date_gmt":"2022-05-06T12:14:22","guid":{"rendered":"https:\/\/ak47.nu\/produkt\/jsb-predator-metalmag-premium-hunting-pellets-200pcs\/"},"modified":"2025-12-03T19:25:22","modified_gmt":"2025-12-03T18:25:22","slug":"jsb-predator-metalmag-premium-hunting-pellets-200pcs","status":"publish","type":"product","link":"https:\/\/ak47.nu\/de\/produkt\/zubehor-2\/ammo\/45mm-airgun\/jsb-predator-metalmag-premium-hunting-pellets-200pcs\/","title":{"rendered":"JSB Predator Metalmag Premium hunting pellets 200pcs"},"content":{"rendered":"<p>JSB Predator metalmag, 4,5mm &#8211; 0,520G<br \/>Predator Metalmag \u00e4r en premium-diabol som specifikt utformats f\u00f6r b\u00e4sta effekt vid jakt med luftvapen.<br \/>JSB Predator metalmag<br \/>St\u00e5lspets<br \/>Predator Metalmag \u00e4r en premium-diabol som specifikt utformats f\u00f6r b\u00e4sta effekt vid jakt med luftvapen. Den patenterade formen kombinerar en vass metallspets som \u00e4r perfekt linjerad i en expanderande h\u00e5lspets. H\u00f6g vikt i kombination med st\u00e5lspets bidrar \u00e4ven till god penetration.<br \/>JSB<br \/>V\u00e4rldens b\u00e4sta diaboler!<br \/>DEN VIKTIGASTE FAKTORN f\u00f6r bra precision hos luftvapen \u00e4r ammunitionen. Det spelar ingen roll hur bra eller dyrt vapen man har, laddar man med fel diaboler kommer precisionen alltid bli lidande. Det \u00e4r minst lika viktigt f\u00f6r enklare luftvapen. Hittar man r\u00e4tt form, storlek och vikt p\u00e5 sin ammunition, kommer den mediokra tr\u00e4ffbilden minska radikalt.<br \/>Vi* l\u00f6ser 9 av 10 fall med precisonsproblem hos luftvapen, bara genom att byta ammunition &#8211; i de flesta fall till n\u00e5gon fr\u00e5n JSB. JSB \u00e4r en av v\u00e4rldens fr\u00e4msta tillverkare av diaboler f\u00f6r luftvapen. De flesta som t\u00e4vlar i n\u00e5gon av l\u00e5ngh\u00e5llsgrenarna anv\u00e4nder idag n\u00e5gon modell fr\u00e5n den tjeckiska tillverkaren. Under Field Target World Championship i Italien 2011 anv\u00e4nde fler \u00e4n 90% av de t\u00e4vlande ammunition fr\u00e5n JSB!<br \/>Hemligheten ligger i kvaliteten i b\u00e5de material och tillverkningsprocess. H\u00f6g kunskap och en unik utformning med flera olika vikter och storlekar g\u00f6r att man exakt kan matcha diabolen till pipan. JSB anger exakta m\u00e5tt p\u00e5 sina diaboler (g\u00e4ller &#8221;huvudet&#8221;). T.ex. \u00e4r 4,49mm, 4,51mm och 4,52mm alla diaboler f\u00f6r vapen i kaliber 4,5mm (.177). Alla pipor \u00e4r olika stora men de flesta pipor tycks f\u00f6redra en diabol n\u00e5got st\u00f6rre \u00e4n angiven kaliber. 4,52mm och 5,52mm \u00e4r de popul\u00e4raste storlekarna.<br \/>*Fondprodukter \u00e4r Skandinaviens st\u00f6rsta import\u00f6r\/distribut\u00f6r av luftvapen och tillbeh\u00f6r till luftvapen.<\/p>\n<p>Specifikationer<br \/>Kaliber: 4,5mm<br \/>Kulvikt: 0,52 g<br \/>Antal per f\u00f6rpackning: 200 st<br \/>Form: H\u00e5lspets<br \/>Diameter: 4,5mm<br \/>Antal f\u00f6rpackningar i hel l\u00e5da: 100 st<br \/>Kaliber: .177<br \/>Kulvikt: 8,02 grains<\/p>","protected":false},"excerpt":{"rendered":"<p>JSB Predator metalmag, 4,5mm &#8211; 0,520GPredator Metalmag \u00e4r en premium-diabol som specifikt utformats f\u00f6r b\u00e4sta effekt vid jakt med luftvapen.JSB Predator metalmagSt\u00e5lspetsPredator Metalmag \u00e4r en premium-diabol som specifikt utformats f\u00f6r b\u00e4sta effekt vid jakt med luftvapen. Den patenterade formen kombinerar en vass metallspets som \u00e4r perfekt linjerad i en expanderande h\u00e5lspets. H\u00f6g vikt i kombination [&#8230;]","protected":false},"featured_media":18859,"template":"","meta":[],"product_brand":[],"product_cat":[461],"product_tag":[],"class_list":{"0":"post-18860","1":"product","2":"type-product","3":"status-publish","4":"has-post-thumbnail","6":"product_cat-45mm-airgun","7":"pa_brand-predator","9":"first","10":"outofstock","11":"sale","12":"taxable","13":"shipping-taxable","14":"purchasable","15":"product-type-simple"},"_links":{"self":[{"href":"https:\/\/ak47.nu\/de\/wp-json\/wp\/v2\/product\/18860","targetHints":{"allow":["GET"]}}],"collection":[{"href":"https:\/\/ak47.nu\/de\/wp-json\/wp\/v2\/product"}],"about":[{"href":"https:\/\/ak47.nu\/de\/wp-json\/wp\/v2\/types\/product"}],"wp:featuredmedia":[{"embeddable":true,"href":"https:\/\/ak47.nu\/de\/wp-json\/wp\/v2\/media\/18859"}],"wp:attachment":[{"href":"https:\/\/ak47.nu\/de\/wp-json\/wp\/v2\/media?parent=18860"}],"wp:term":[{"taxonomy":"product_brand","embeddable":true,"href":"https:\/\/ak47.nu\/de\/wp-json\/wp\/v2\/product_brand?post=18860"},{"taxonomy":"product_cat","embeddable":true,"href":"https:\/\/ak47.nu\/de\/wp-json\/wp\/v2\/product_cat?post=18860"},{"taxonomy":"product_tag","embeddable":true,"href":"https:\/\/ak47.nu\/de\/wp-json\/wp\/v2\/product_tag?post=18860"}],"curies":[{"name":"wp","href":"https:\/\/api.w.org\/{rel}","templated":true}]}}