{"id":18878,"date":"2022-05-06T14:14:33","date_gmt":"2022-05-06T12:14:33","guid":{"rendered":"https:\/\/ak47.nu\/produkt\/norica-domed-250-pack-pellets-5-5mm\/"},"modified":"2025-12-03T20:32:32","modified_gmt":"2025-12-03T19:32:32","slug":"norica-domed-250-pack-pellets-5-5mm","status":"publish","type":"product","link":"https:\/\/ak47.nu\/de\/produkt\/zubehor-2\/ammo\/55mm-airgun\/norica-domed-250-pack-pellets-5-5mm\/","title":{"rendered":"Norica &#8211; Domed &#8211; 250-pack Pellets &#8211; 5.5MM"},"content":{"rendered":"<p>Norica &#8211; Domed<\/p>\n<p>Beskrivning<br \/>Designad f\u00f6r sm\u00e5viltsj\u00e4garen och skadedjursbek\u00e4mparen, formen, vikten och den inre designen och balansen hos de tre modellerna ger sin b\u00e4sta prestanda med magnumdrivna luftgev\u00e4r.<br \/>Domed \u00e4r en allroundmodell med utm\u00e4rkt aerodynamik och energiretention p\u00e5 l\u00e5nga avst\u00e5nd, vilket ger den n\u00f6dv\u00e4ndiga effekten f\u00f6r sitt uppdrag.<br \/>Noggrant tillverkad med tysk teknologi och en speciell blylegering, det utf\u00f6rs en strikt kvalitetskontroll med toppmoderna maskiner innan den slutliga visuella inspektionen och manuella valet genomf\u00f6rs.<br \/>Tillg\u00e4ngliga i kaliber 4,5 mm (.177) och 5,5 mm (.22) \u00e4r pelletsen bekv\u00e4mt f\u00f6rpackade i en skruvlocksburk inv\u00e4ndigt belagd med epoxi f\u00f6r ytterligare skydd mot blyoxid.<\/p>\n<p>Detaljer<br \/>Kaliber (mm.\/tum): 5,5\/.22<br \/>Vikt (g\/gr): 0,97\/15,00<br \/>Antal: 250<\/p>","protected":false},"excerpt":{"rendered":"<p>K\u00f6p Norica Domed 250-pack pellets i 5.5MM &#8211; B\u00e4sta kvalitet och pris. Uppgradera din luftgev\u00e4rupplevelse med dessa h\u00f6gpresterande pellets fr\u00e5n Norica. Best\u00e4ll nu!<\/p>","protected":false},"featured_media":18877,"template":"","meta":[],"product_brand":[],"product_cat":[462],"product_tag":[],"class_list":{"0":"post-18878","1":"product","2":"type-product","3":"status-publish","4":"has-post-thumbnail","6":"product_cat-55mm-airgun","7":"pa_brand-norica","9":"first","10":"outofstock","11":"taxable","12":"shipping-taxable","13":"purchasable","14":"product-type-simple"},"_links":{"self":[{"href":"https:\/\/ak47.nu\/de\/wp-json\/wp\/v2\/product\/18878","targetHints":{"allow":["GET"]}}],"collection":[{"href":"https:\/\/ak47.nu\/de\/wp-json\/wp\/v2\/product"}],"about":[{"href":"https:\/\/ak47.nu\/de\/wp-json\/wp\/v2\/types\/product"}],"wp:featuredmedia":[{"embeddable":true,"href":"https:\/\/ak47.nu\/de\/wp-json\/wp\/v2\/media\/18877"}],"wp:attachment":[{"href":"https:\/\/ak47.nu\/de\/wp-json\/wp\/v2\/media?parent=18878"}],"wp:term":[{"taxonomy":"product_brand","embeddable":true,"href":"https:\/\/ak47.nu\/de\/wp-json\/wp\/v2\/product_brand?post=18878"},{"taxonomy":"product_cat","embeddable":true,"href":"https:\/\/ak47.nu\/de\/wp-json\/wp\/v2\/product_cat?post=18878"},{"taxonomy":"product_tag","embeddable":true,"href":"https:\/\/ak47.nu\/de\/wp-json\/wp\/v2\/product_tag?post=18878"}],"curies":[{"name":"wp","href":"https:\/\/api.w.org\/{rel}","templated":true}]}}