{"id":18946,"date":"2022-05-06T14:15:16","date_gmt":"2022-05-06T12:15:16","guid":{"rendered":"https:\/\/ak47.nu\/produkt\/swiss-arms-airsoftkulor-6mm-4300-bbs-023g\/"},"modified":"2025-12-03T20:21:05","modified_gmt":"2025-12-03T19:21:05","slug":"swiss-arms-airsoftkulor-6mm-4300-bbs-023g","status":"publish","type":"product","link":"https:\/\/ak47.nu\/de\/produkt\/zubehor-2\/ammo\/6mm-luftweiche\/swiss-arms-airsoftkulor-6mm-4300-bbs-023g\/","title":{"rendered":"Swiss Arms &#8211; Airsoftkulor &#8211; 6mm &#8211; ~4300 BBs &#8211; 0,23g"},"content":{"rendered":"<p><strong>SWISS ARMS Vita Kulor 0.23gr, 1 kg P&aring;se<\/strong><\/p>\n<p>M&auml;rke: Swiss Arms<br \/>F&auml;rg: Vita<br \/>Kaliber: 6 mm<br \/>BB vikt: 0.23g<br \/>Biologiskt nedbrytbar: Ja<\/p>","protected":false},"excerpt":{"rendered":"<p>K\u00f6p Swiss Arms Airsoftkulor 6mm 0,23g &#8211; 4300 BBs till b\u00e4sta pris. Vi erbjuder h\u00f6gkvalitativa airsoftkulor fr\u00e5n Swiss Arms f\u00f6r optimal prestanda och tr\u00e4ffs\u00e4kerhet. Best\u00e4ll idag och f\u00e5 snabb leverans!<\/p>","protected":false},"featured_media":18943,"template":"","meta":[],"product_brand":[],"product_cat":[459],"product_tag":[],"class_list":{"0":"post-18946","1":"product","2":"type-product","3":"status-publish","4":"has-post-thumbnail","6":"product_cat-6mm-airsoft","7":"pa_brand-swiss-arms","9":"first","10":"outofstock","11":"taxable","12":"shipping-taxable","13":"purchasable","14":"product-type-simple"},"_links":{"self":[{"href":"https:\/\/ak47.nu\/de\/wp-json\/wp\/v2\/product\/18946","targetHints":{"allow":["GET"]}}],"collection":[{"href":"https:\/\/ak47.nu\/de\/wp-json\/wp\/v2\/product"}],"about":[{"href":"https:\/\/ak47.nu\/de\/wp-json\/wp\/v2\/types\/product"}],"wp:featuredmedia":[{"embeddable":true,"href":"https:\/\/ak47.nu\/de\/wp-json\/wp\/v2\/media\/18943"}],"wp:attachment":[{"href":"https:\/\/ak47.nu\/de\/wp-json\/wp\/v2\/media?parent=18946"}],"wp:term":[{"taxonomy":"product_brand","embeddable":true,"href":"https:\/\/ak47.nu\/de\/wp-json\/wp\/v2\/product_brand?post=18946"},{"taxonomy":"product_cat","embeddable":true,"href":"https:\/\/ak47.nu\/de\/wp-json\/wp\/v2\/product_cat?post=18946"},{"taxonomy":"product_tag","embeddable":true,"href":"https:\/\/ak47.nu\/de\/wp-json\/wp\/v2\/product_tag?post=18946"}],"curies":[{"name":"wp","href":"https:\/\/api.w.org\/{rel}","templated":true}]}}